{"id":145958,"date":"2025-06-29T07:27:20","date_gmt":"2025-06-29T05:27:21","guid":{"rendered":"https:\/\/metal-badge.ch\/?post_type=product&#038;p=145958"},"modified":"2025-06-29T07:42:23","modified_gmt":"2025-06-29T05:42:23","slug":"gants-a-manchette-en-kevlar-noir","status":"publish","type":"product","link":"https:\/\/metal-badge.ch\/fr\/product\/145958\/gants-a-manchette-en-kevlar-noir\/","title":{"rendered":"Gants \u00e0 manchette en Kevlar Noir"},"content":{"rendered":"<p><span style=\"font-weight: 400;\">Ce gant de protection contre les coupures tricot\u00e9 en Kevlar est compos\u00e9 \u00e0 100% de Kevlar et assure une protection jusqu&rsquo;aux coudes. Le gant \u00e0 manchette respirant en fil de Kevlar hautement r\u00e9sistant est id\u00e9al pour le traitement de pi\u00e8ces \u00e0 ar\u00eates vives, couteaux, \u00e9clats de verre, t\u00f4les, copeaux de m\u00e9tal. Il est \u00e9galement tr\u00e8s souvent utilis\u00e9 comme gant de d\u00e9fense dans le domaine de la s\u00e9curit\u00e9, et peut \u00e9galement \u00eatre utilis\u00e9 comme sous-gant. De plus, ces gants \u00e0 manchettes comportent des fibres de DuPont<\/span><span style=\"font-weight: 400;\">TM<\/span><span style=\"font-weight: 400;\">, un tissu r\u00e9volutionnaire r\u00e9sistant \u00e0 la chaleur et aux flammes.&nbsp;&nbsp;<\/span><\/p>\n<p><b>Description du produit&nbsp;:<\/b><\/p>\n<ul>\n<li><span style=\"font-weight: 400;\">D\u00e9signation&nbsp;: Gants \u00e0 manchette de protection contre les coupures en Kevlar&nbsp;<\/span><\/li>\n<li><span style=\"font-weight: 400;\">Protection anti-coupures jusqu\u2019aux coudes<\/span><\/li>\n<li><span style=\"font-weight: 400;\">Mati\u00e8re&nbsp;: 100&nbsp;% Kevlar&nbsp;<\/span><\/li>\n<li><span style=\"font-weight: 400;\">tricot circulaire sans couture<\/span><\/li>\n<li><span style=\"font-weight: 400;\">Respirant<\/span><span style=\"font-weight: 400;\"><br \/>\n<\/span><span style=\"font-weight: 400;\">Couleur&nbsp;: noir<\/span><\/li>\n<li><span style=\"font-weight: 400;\">Manchettes extra longues d&rsquo;env. 44 cm de longueur totale jusqu&rsquo;au bout des doigts&nbsp;<\/span><\/li>\n<li><span style=\"font-weight: 400;\">Ignifug\u00e9&nbsp;; offre une protection optimale contre les br\u00fblures.<\/span><\/li>\n<li><span style=\"font-weight: 400;\">Haute r\u00e9sistance \u00e0 l&rsquo;abrasion et aux coupures<\/span><\/li>\n<li><span style=\"font-weight: 400;\">avec adh\u00e9rence optimale<\/span><\/li>\n<li><span style=\"font-weight: 400;\">Instructions d\u2019entretien&nbsp;: Peuvent \u00eatre lav\u00e9s normalement en machine ou \u00e0 la main<\/span><\/li>\n<li><span style=\"font-weight: 400;\">Poids&nbsp;: Taille L&nbsp;; environ 110 g par paire <\/span><span style=\"font-weight: 400;\"><br \/>\n<\/span><span style=\"font-weight: 400;\">Tailles&nbsp;: S \u2013 2XL<\/span><\/li>\n<\/ul>\n","protected":false},"excerpt":{"rendered":"<p><span style=\"font-weight: 400;\">Ce gant de protection contre les coupures tricot\u00e9 en Kevlar est compos\u00e9 \u00e0 100% de Kevlar et assure une protection jusqu&rsquo;aux coudes. Le gant \u00e0 manchette respirant en fil de Kevlar hautement r\u00e9sistant est id\u00e9al pour le traitement de pi\u00e8ces \u00e0 ar\u00eates vives, couteaux, \u00e9clats de verre, t\u00f4les, copeaux de m\u00e9tal. Il est \u00e9galement tr\u00e8s souvent utilis\u00e9 comme gant de d\u00e9fense dans le domaine de la s\u00e9curit\u00e9, et peut \u00e9galement \u00eatre utilis\u00e9 comme sous-gant. De plus, ces gants \u00e0 manchettes comportent des fibres de DuPont<\/span><span style=\"font-weight: 400;\">TM<\/span><span style=\"font-weight: 400;\">, un tissu r\u00e9volutionnaire r\u00e9sistant \u00e0 la chaleur et aux flammes.<\/span><\/p>\n","protected":false},"featured_media":145962,"comment_status":"open","ping_status":"closed","template":"","meta":{"inline_featured_image":false},"product_brand":[],"product_cat":[1643],"product_tag":[],"class_list":{"0":"post-145958","1":"product","2":"type-product","3":"status-publish","4":"has-post-thumbnail","6":"product_cat-gants-gants-dintervention","8":"first","9":"instock","10":"taxable","11":"shipping-taxable","12":"purchasable","13":"product-type-simple"},"_links":{"self":[{"href":"https:\/\/metal-badge.ch\/fr\/wp-json\/wp\/v2\/product\/145958","targetHints":{"allow":["GET"]}}],"collection":[{"href":"https:\/\/metal-badge.ch\/fr\/wp-json\/wp\/v2\/product"}],"about":[{"href":"https:\/\/metal-badge.ch\/fr\/wp-json\/wp\/v2\/types\/product"}],"replies":[{"embeddable":true,"href":"https:\/\/metal-badge.ch\/fr\/wp-json\/wp\/v2\/comments?post=145958"}],"wp:featuredmedia":[{"embeddable":true,"href":"https:\/\/metal-badge.ch\/fr\/wp-json\/wp\/v2\/media\/145962"}],"wp:attachment":[{"href":"https:\/\/metal-badge.ch\/fr\/wp-json\/wp\/v2\/media?parent=145958"}],"wp:term":[{"taxonomy":"product_brand","embeddable":true,"href":"https:\/\/metal-badge.ch\/fr\/wp-json\/wp\/v2\/product_brand?post=145958"},{"taxonomy":"product_cat","embeddable":true,"href":"https:\/\/metal-badge.ch\/fr\/wp-json\/wp\/v2\/product_cat?post=145958"},{"taxonomy":"product_tag","embeddable":true,"href":"https:\/\/metal-badge.ch\/fr\/wp-json\/wp\/v2\/product_tag?post=145958"}],"curies":[{"name":"wp","href":"https:\/\/api.w.org\/{rel}","templated":true}]}}