{"id":145938,"date":"2025-06-29T07:09:42","date_gmt":"2025-06-29T05:09:43","guid":{"rendered":"https:\/\/metal-badge.ch\/?post_type=product&#038;p=145938"},"modified":"2025-06-29T07:20:16","modified_gmt":"2025-06-29T05:20:16","slug":"tenue-de-camouflage-foret-de-type-ghillie-suit-2","status":"publish","type":"product","link":"https:\/\/metal-badge.ch\/fr\/product\/145938\/tenue-de-camouflage-foret-de-type-ghillie-suit-2\/","title":{"rendered":"Tenue de camouflage for\u00eat de type ghillie suit"},"content":{"rendered":"<p><span style=\"font-weight: 400;\">Un camouflage parfait \u00e0 tr\u00e8s bas prix.<\/span><span style=\"font-weight: 400;\"><br \/>\n<\/span><\/p>\n<p><span style=\"font-weight: 400;\">Le nom de ghillie suit nous vient des gardes-chasses des highlands d\u2019\u00c9cosse, qui les utilisaient pour se camoufler et chasser. Les ghillie suits sont parfaitement adapt\u00e9s au camouflage : ils cachent la forme du corps et permettent \u00e0 ceux qui les portent de se fondre dans l\u2019environnement. Totalement silencieux. Pour \u00eatre \u00e0 l\u2019affut dans une position offensive ou prendre la photo parfaite d\u2019un animal sauvage, ainsi que pour la chasse, ce ghillie suit sera parfait dans tous les environnements de type for\u00eat ou zone d\u2019herbages. <\/span><\/p>\n<p><span style=\"font-weight: 400;\">Tissu maill\u00e9 trait\u00e9 pour ne pas s\u2019enflammer en cas d\u2019\u00e9tincelles et contre la poussi\u00e8re. Syst\u00e8me bien con\u00e7u et \u00e9laboration de qualit\u00e9. L\u2019ensemble comprend une veste avec un \u00e9l\u00e9ment pour couvrir la t\u00eate de type \u00ab capuche avec visi\u00e8re pour la vue \u00e0 l\u2019avant en filet \u00bb, un pantalon et un rev\u00eatement d\u2019arme. Il est bien entendu \u00e9galement pratique que chaque partie puisse \u00eatre utilis\u00e9e individuellement. La veste est \u00e9quip\u00e9e de boutons pression et est confortable \u00e0 mettre. Le pantalon comporte un \u00e9lastique en caoutchouc et une bande de serrage \u00e0 la taille. Deux ouvertures permettent l\u2019acc\u00e8s aux vraies poches du pantalon. Les bas de jambes sont \u00e9lastiques et \u00e9quip\u00e9s de fermetures \u00e0 pression. Ainsi, le pantalon peut \u00eatre mis confortablement par-dessus des bottes ou de grosses chaussures. L\u2019ensemble est tr\u00e8s l\u00e9ger, laisse respirer et est confortable \u00e0 porter. Le sac fourni avec une bande de suspension est \u00e9galement tr\u00e8s pratique.<\/span><\/p>\n<ul>\n<li><span style=\"font-weight: 400;\">La taille M-L est \u00e9tablie pour une taille \u00e0 partir de 165 cm et la taille XL-XXL \u00e0 partir de 180 cm.<\/span><\/li>\n<li><span style=\"font-weight: 400;\">Mat\u00e9riau : 60 % polypropyl\u00e8ne, 40 % polyester<\/span><span style=\"font-weight: 400;\"><br \/>\n<\/span><\/li>\n<li><span style=\"font-weight: 400;\">Couleur : camouflage feuilles \/ kaki<\/span><span style=\"font-weight: 400;\"><br \/>\n<\/span><\/li>\n<li><span style=\"font-weight: 400;\">Poids : 1420 g<\/span><\/li>\n<\/ul>\n","protected":false},"excerpt":{"rendered":"<p><span style=\"font-weight: 400;\">Un camouflage parfait \u00e0 tr\u00e8s bas prix.<\/span><span style=\"font-weight: 400;\"><br \/>\n<\/span><\/p>\n<p><span style=\"font-weight: 400;\">Le nom de ghillie suit nous vient des gardes-chasses des highlands d\u2019\u00c9cosse, qui les utilisaient pour se camoufler et chasser. Les ghillie suits sont parfaitement adapt\u00e9s au camouflage : ils cachent la forme du corps et permettent \u00e0 ceux qui les portent de se fondre dans l\u2019environnement. Totalement silencieux. Pour \u00eatre \u00e0 l\u2019affut dans une position offensive ou prendre la photo parfaite d\u2019un animal sauvage, ainsi que pour la chasse, ce ghillie suit sera parfait dans tous les environnements de type for\u00eat ou zone d\u2019herbages.<\/span><\/p>\n","protected":false},"featured_media":145942,"comment_status":"open","ping_status":"closed","template":"","meta":{"inline_featured_image":false},"product_brand":[],"product_cat":[1347,1634],"product_tag":[1769,1773],"class_list":{"0":"post-145938","1":"product","2":"type-product","3":"status-publish","4":"has-post-thumbnail","6":"product_cat-accessoires-militaires-de-chasse","7":"product_cat-vestes-and-vetements-tactiques-couleurs-de-camouflage","8":"product_tag-army-survival-fr","9":"product_tag-chasse-peche","11":"first","12":"instock","13":"taxable","14":"shipping-taxable","15":"purchasable","16":"product-type-simple"},"_links":{"self":[{"href":"https:\/\/metal-badge.ch\/fr\/wp-json\/wp\/v2\/product\/145938","targetHints":{"allow":["GET"]}}],"collection":[{"href":"https:\/\/metal-badge.ch\/fr\/wp-json\/wp\/v2\/product"}],"about":[{"href":"https:\/\/metal-badge.ch\/fr\/wp-json\/wp\/v2\/types\/product"}],"replies":[{"embeddable":true,"href":"https:\/\/metal-badge.ch\/fr\/wp-json\/wp\/v2\/comments?post=145938"}],"wp:featuredmedia":[{"embeddable":true,"href":"https:\/\/metal-badge.ch\/fr\/wp-json\/wp\/v2\/media\/145942"}],"wp:attachment":[{"href":"https:\/\/metal-badge.ch\/fr\/wp-json\/wp\/v2\/media?parent=145938"}],"wp:term":[{"taxonomy":"product_brand","embeddable":true,"href":"https:\/\/metal-badge.ch\/fr\/wp-json\/wp\/v2\/product_brand?post=145938"},{"taxonomy":"product_cat","embeddable":true,"href":"https:\/\/metal-badge.ch\/fr\/wp-json\/wp\/v2\/product_cat?post=145938"},{"taxonomy":"product_tag","embeddable":true,"href":"https:\/\/metal-badge.ch\/fr\/wp-json\/wp\/v2\/product_tag?post=145938"}],"curies":[{"name":"wp","href":"https:\/\/api.w.org\/{rel}","templated":true}]}}