{"id":145917,"date":"2025-06-28T23:40:14","date_gmt":"2025-06-28T21:40:14","guid":{"rendered":"https:\/\/metal-badge.ch\/product\/145917\/elingue-tactique-bungee-avec-epaulettes-noir\/"},"modified":"2025-06-28T23:55:24","modified_gmt":"2025-06-28T21:55:24","slug":"elingue-tactique-bungee-avec-epaulettes-noir","status":"publish","type":"product","link":"https:\/\/metal-badge.ch\/fr\/product\/145917\/elingue-tactique-bungee-avec-epaulettes-noir\/","title":{"rendered":"\u00c9lingue tactique bungee avec \u00e9paulettes &#8211; noir"},"content":{"rendered":"<p><span style=\"font-weight: 400;\">Cette sangle \u00e9lastique en nylon robuste est fix\u00e9e \u00e0 l\u2019arme par un mousqueton amovible avec clip. L\u2019\u00e9l\u00e9ment \u00e9lastique de la sangle amortit le poids de l\u2019arme en course \u00e0 pied ou en comp\u00e9tition, ce qui la rend confortable \u00e0 porter. La longueur de la sangle est r\u00e9glable de 110 cm \u00e0 165 cm (non tendue). La sangle est \u00e9galement \u00e9quip\u00e9e d\u2019une \u00e9paulette en velcro. Passage rapide de la configuration \u00e0 un seul point \u00e0 la configuration \u00e0 deux points. Taille unique pour la plupart des fusils. Les deux mousquetons sont recouverts d\u2019un \u00e9lastique de protection, mais peuvent \u00eatre facilement actionn\u00e9s en tirant l\u2019\u00e9lastique vers le bas.<\/span><\/p>\n<p><b>Informations du produit :<\/b><\/p>\n<ul>\n<li><span style=\"font-weight: 400;\">Couleur: noir<\/span><span style=\"font-weight: 400;\"><br \/>\n<\/span><\/li>\n<li><span style=\"font-weight: 400;\">Poids: 280 g.<\/span><span style=\"font-weight: 400;\"><br \/>\n<\/span><\/li>\n<li><span style=\"font-weight: 400;\">Mati\u00e8re: nylon avec deux mousquetons en m\u00e9tal<\/span><span style=\"font-weight: 400;\"><br \/>\n<\/span><\/li>\n<li><span style=\"font-weight: 400;\">Les sangles sont r\u00e9glables en longueur de 120 \u00e0 165 cm<\/span><span style=\"font-weight: 400;\"><br \/>\n<\/span><\/li>\n<li><span style=\"font-weight: 400;\">Largeur: 5 cm<\/span><span style=\"font-weight: 400;\"><br \/>\n<\/span><\/li>\n<li><span style=\"font-weight: 400;\">Syst\u00e8me Bungee avec deux parties \u00e9lastiques <\/span><\/li>\n<li><span style=\"font-weight: 400;\">\u00e9quip\u00e9es des deux c\u00f4t\u00e9s<\/span><span style=\"font-weight: 400;\"><br \/>\n<\/span><\/li>\n<li><span style=\"font-weight: 400;\">2x mousquetons<\/span><span style=\"font-weight: 400;\"><br \/>\n<\/span><\/li>\n<li><span style=\"font-weight: 400;\">2x anneaux en D<\/span><span style=\"font-weight: 400;\"><br \/>\n<\/span><\/li>\n<li><span style=\"font-weight: 400;\">2x fermetures rapides \u00e0 clic pour ouvrir<\/span><span style=\"font-weight: 400;\"><br \/>\n<\/span><\/li>\n<li><span style=\"font-weight: 400;\">Parfait pour la chasse<\/span><\/li>\n<\/ul>\n","protected":false},"excerpt":{"rendered":"<p><span style=\"font-weight: 400;\">Cette sangle \u00e9lastique en nylon robuste est fix\u00e9e \u00e0 l\u2019arme par un mousqueton amovible avec clip. L\u2019\u00e9l\u00e9ment \u00e9lastique de la sangle amortit le poids de l\u2019arme en course \u00e0 pied ou en comp\u00e9tition, ce qui la rend confortable \u00e0 porter. La longueur de la sangle est r\u00e9glable de 110 cm \u00e0 165 cm (non tendue). La sangle est \u00e9galement \u00e9quip\u00e9e d\u2019une \u00e9paulette en velcro. Passage rapide de la configuration \u00e0 un seul point \u00e0 la configuration \u00e0 deux points. Taille unique pour la plupart des fusils. Les deux mousquetons sont recouverts d\u2019un \u00e9lastique de protection, mais peuvent \u00eatre facilement actionn\u00e9s en tirant l\u2019\u00e9lastique vers le bas.<\/span><\/p>\n","protected":false},"featured_media":145906,"comment_status":"closed","ping_status":"closed","template":"","meta":{"inline_featured_image":false},"product_brand":[],"product_cat":[1347,887,1678],"product_tag":[1781],"class_list":{"0":"post-145917","1":"product","2":"type-product","3":"status-publish","4":"has-post-thumbnail","6":"product_cat-accessoires-militaires-de-chasse","7":"product_cat-accessoires","8":"product_cat-cordes-securite","9":"product_tag-police-securite","11":"first","12":"instock","13":"taxable","14":"shipping-taxable","15":"purchasable","16":"product-type-simple"},"_links":{"self":[{"href":"https:\/\/metal-badge.ch\/fr\/wp-json\/wp\/v2\/product\/145917","targetHints":{"allow":["GET"]}}],"collection":[{"href":"https:\/\/metal-badge.ch\/fr\/wp-json\/wp\/v2\/product"}],"about":[{"href":"https:\/\/metal-badge.ch\/fr\/wp-json\/wp\/v2\/types\/product"}],"replies":[{"embeddable":true,"href":"https:\/\/metal-badge.ch\/fr\/wp-json\/wp\/v2\/comments?post=145917"}],"wp:featuredmedia":[{"embeddable":true,"href":"https:\/\/metal-badge.ch\/fr\/wp-json\/wp\/v2\/media\/145906"}],"wp:attachment":[{"href":"https:\/\/metal-badge.ch\/fr\/wp-json\/wp\/v2\/media?parent=145917"}],"wp:term":[{"taxonomy":"product_brand","embeddable":true,"href":"https:\/\/metal-badge.ch\/fr\/wp-json\/wp\/v2\/product_brand?post=145917"},{"taxonomy":"product_cat","embeddable":true,"href":"https:\/\/metal-badge.ch\/fr\/wp-json\/wp\/v2\/product_cat?post=145917"},{"taxonomy":"product_tag","embeddable":true,"href":"https:\/\/metal-badge.ch\/fr\/wp-json\/wp\/v2\/product_tag?post=145917"}],"curies":[{"name":"wp","href":"https:\/\/api.w.org\/{rel}","templated":true}]}}