{"id":145900,"date":"2025-06-28T22:53:52","date_gmt":"2025-06-28T20:53:52","guid":{"rendered":"https:\/\/metal-badge.ch\/product\/145900\/gaze-compressee-life-guard\/"},"modified":"2025-10-22T05:10:41","modified_gmt":"2025-10-22T03:10:41","slug":"gaze-compressee-life-guard","status":"publish","type":"product","link":"https:\/\/metal-badge.ch\/fr\/product\/145900\/gaze-compressee-life-guard\/","title":{"rendered":"Gaze compress\u00e9e Life guard"},"content":{"rendered":"<p><b><i>Gaze st\u00e9rile \u00e0 pli en Z pour le pansage des plaies<\/i><\/b><\/p>\n<p><span style=\"font-weight: 400;\">La gaze compress\u00e9e st\u00e9rile Lifeguard \u00e0 six couches permet un stockage compact et un pr\u00e9l\u00e8vement facile et hygi\u00e9nique gr\u00e2ce \u00e0 son pliage en Z peu encombrant. Gr\u00e2ce \u00e0 son emballage sous vide, la gaze est optimis\u00e9e pour prendre le moins de place possible et peut se glisser dans n&rsquo;importe quelle poche.<\/span><\/p>\n<p><span style=\"font-weight: 400;\">Cette bande de gaze est destin\u00e9e aux soins d&rsquo;urgence et aux soins des plaies, elle contribue \u00e0 arr\u00eater les saignements et prot\u00e8ge les plaies efficacement. \u00c9l\u00e9ment essentiel des \u00e9quipements de soins m\u00e9dicaux et dans les trousses de secours, elle assure un pansage efficace des plaies pour des premiers secours rapides.<\/span><\/p>\n<p><b>Informations sur le produit&nbsp;:&nbsp;<\/b><\/p>\n<ul>\n<li><span style=\"font-weight: 400;\">Bande de gaze \u00e0 six couche \u00e0 pliage en Z<\/span><\/li>\n<li><span style=\"font-weight: 400;\">Pour le pansage des plaies et les premiers secours&nbsp;<\/span><\/li>\n<li><span style=\"font-weight: 400;\">Couleur&nbsp;: blanc<\/span><\/li>\n<li><span style=\"font-weight: 400;\">Poids env. 38 g<\/span><\/li>\n<li><span style=\"font-weight: 400;\">Mati\u00e8re&nbsp;: 100&nbsp;% coton.<\/span><\/li>\n<li><span style=\"font-weight: 400;\">Emballages individuels sous vide st\u00e9riles<\/span><\/li>\n<li><span style=\"font-weight: 400;\">Dimensions&nbsp;:&nbsp;10 cm x 3,50 m<\/span><\/li>\n<li><span style=\"font-weight: 400;\">Emball\u00e9es sous vide sous forme peu encombrante, env. 5,4 x 8 x 1,5 cm<\/span><\/li>\n<\/ul>\n","protected":false},"excerpt":{"rendered":"<p><b><i>Gaze st\u00e9rile \u00e0 pli en Z pour le pansage des plaies<\/i><\/b><\/p>\n<p><span style=\"font-weight: 400;\">La gaze compress\u00e9e st\u00e9rile Lifeguard \u00e0 six couches permet un stockage compact et un pr\u00e9l\u00e8vement facile et hygi\u00e9nique gr\u00e2ce \u00e0 son pliage en Z peu encombrant. Gr\u00e2ce \u00e0 son emballage sous vide, la gaze est optimis\u00e9e pour prendre le moins de place possible et peut se glisser dans n&rsquo;importe quelle poche.<\/span><\/p>\n<p><span style=\"font-weight: 400;\">Cette bande de gaze est destin\u00e9e aux soins d&rsquo;urgence et aux soins des plaies, elle contribue \u00e0 arr\u00eater les saignements et prot\u00e8ge les plaies efficacement. \u00c9l\u00e9ment essentiel des \u00e9quipements de soins m\u00e9dicaux et dans les trousses de secours, elle assure un pansage efficace des plaies pour des premiers secours rapides.<\/span><\/p>\n","protected":false},"featured_media":145889,"comment_status":"closed","ping_status":"closed","template":"","meta":{"inline_featured_image":false},"product_brand":[],"product_cat":[1435,887,1946],"product_tag":[1785],"class_list":{"0":"post-145900","1":"product","2":"type-product","3":"status-publish","4":"has-post-thumbnail","6":"product_cat-camping-voyage","7":"product_cat-accessoires","8":"product_cat-organisations-lumiere-bleue-securite","9":"product_tag-premiers-secours-sauvetage","11":"first","12":"instock","13":"taxable","14":"shipping-taxable","15":"purchasable","16":"product-type-simple"},"_links":{"self":[{"href":"https:\/\/metal-badge.ch\/fr\/wp-json\/wp\/v2\/product\/145900","targetHints":{"allow":["GET"]}}],"collection":[{"href":"https:\/\/metal-badge.ch\/fr\/wp-json\/wp\/v2\/product"}],"about":[{"href":"https:\/\/metal-badge.ch\/fr\/wp-json\/wp\/v2\/types\/product"}],"replies":[{"embeddable":true,"href":"https:\/\/metal-badge.ch\/fr\/wp-json\/wp\/v2\/comments?post=145900"}],"wp:featuredmedia":[{"embeddable":true,"href":"https:\/\/metal-badge.ch\/fr\/wp-json\/wp\/v2\/media\/145889"}],"wp:attachment":[{"href":"https:\/\/metal-badge.ch\/fr\/wp-json\/wp\/v2\/media?parent=145900"}],"wp:term":[{"taxonomy":"product_brand","embeddable":true,"href":"https:\/\/metal-badge.ch\/fr\/wp-json\/wp\/v2\/product_brand?post=145900"},{"taxonomy":"product_cat","embeddable":true,"href":"https:\/\/metal-badge.ch\/fr\/wp-json\/wp\/v2\/product_cat?post=145900"},{"taxonomy":"product_tag","embeddable":true,"href":"https:\/\/metal-badge.ch\/fr\/wp-json\/wp\/v2\/product_tag?post=145900"}],"curies":[{"name":"wp","href":"https:\/\/api.w.org\/{rel}","templated":true}]}}