{"id":145795,"date":"2025-06-28T20:49:14","date_gmt":"2025-06-28T18:49:15","guid":{"rendered":"https:\/\/metal-badge.ch\/?post_type=product&#038;p=145795"},"modified":"2025-06-28T20:53:11","modified_gmt":"2025-06-28T18:53:11","slug":"cuilleres-de-peche-avec-hamecons-triples-2","status":"publish","type":"product","link":"https:\/\/metal-badge.ch\/fr\/product\/145795\/cuilleres-de-peche-avec-hamecons-triples-2\/","title":{"rendered":"Cuill\u00e8res de p\u00eache avec hame\u00e7ons triples"},"content":{"rendered":"<p><span style=\"font-weight: 400;\">La p\u00eache \u00e0 la cuill\u00e8re est tr\u00e8s tendance. Des cuill\u00e8res flottantes attrayantes jusque dans les moindres d\u00e9tails, pour inciter m\u00eame les truites les plus capricieuses \u00e0 une attaque agressive. Une fois correctement accroch\u00e9, l\u2019hame\u00e7on est bien fix\u00e9 et devient presque impossible de le retirer. La bo\u00eete contient 5 cuill\u00e8res de p\u00eache de diff\u00e9rentes couleurs de 5 cm de long, \u00e9quip\u00e9es d&rsquo;hame\u00e7ons triples qui conviennent \u00e0 la p\u00eache dans les rochers, les lacs, les rivi\u00e8res, les \u00e9tangs et les ruisseaux.<\/span><\/p>\n<p><b>Cuill\u00e8res de p\u00eache avec hame\u00e7ons triples 2204GL04<\/b><\/p>\n<ul>\n<li><span style=\"font-weight: 400;\">D\u00e9signation&nbsp;: Angel Spoon&nbsp;<\/span><\/li>\n<li><span style=\"font-weight: 400;\">Pour carnassiers, perches, sandres, brochets, truites, etc.&nbsp;&nbsp;<\/span><\/li>\n<li><span style=\"font-weight: 400;\">Sans plomb&nbsp;<\/span><\/li>\n<li><span style=\"font-weight: 400;\">Avec hame\u00e7ons triples<\/span><\/li>\n<li><span style=\"font-weight: 400;\">Contenu du lot: 5 pi\u00e8ces \/ bo\u00eete&nbsp;<\/span><\/li>\n<li><span style=\"font-weight: 400;\">Couleurs&nbsp;: diff\u00e9rentes couleurs&nbsp;&nbsp;<\/span><\/li>\n<li><span style=\"font-weight: 400;\">Poids&nbsp;: Unit\u00e9 7 g \/ Lot&nbsp;: 70 g.&nbsp;<\/span><\/li>\n<li><span style=\"font-weight: 400;\">Longueur&nbsp;: 3,0 cm&nbsp;<\/span><\/li>\n<li><span style=\"font-weight: 400;\">Haute qualit\u00e9<\/span><\/li>\n<li><span style=\"font-weight: 400;\">Poids de la bo\u00eete avec 5 cuill\u00e8res&nbsp;: 70 g.<\/span><\/li>\n<\/ul>\n","protected":false},"excerpt":{"rendered":"<p><span style=\"font-weight: 400;\">La p\u00eache \u00e0 la cuill\u00e8re est tr\u00e8s tendance. Des cuill\u00e8res flottantes attrayantes jusque dans les moindres d\u00e9tails, pour inciter m\u00eame les truites les plus capricieuses \u00e0 une attaque agressive. Une fois correctement accroch\u00e9, l\u2019hame\u00e7on est bien fix\u00e9 et devient presque impossible de le retirer. La bo\u00eete contient 5 cuill\u00e8res de p\u00eache de diff\u00e9rentes couleurs de 5 cm de long, \u00e9quip\u00e9es d&rsquo;hame\u00e7ons triples qui conviennent \u00e0 la p\u00eache dans les rochers, les lacs, les rivi\u00e8res, les \u00e9tangs et les ruisseaux.<\/span><\/p>\n","protected":false},"featured_media":145799,"comment_status":"closed","ping_status":"closed","template":"","meta":{"inline_featured_image":false},"product_brand":[],"product_cat":[887],"product_tag":[1773],"class_list":{"0":"post-145795","1":"product","2":"type-product","3":"status-publish","4":"has-post-thumbnail","6":"product_cat-accessoires","7":"product_tag-chasse-peche","9":"first","10":"instock","11":"taxable","12":"shipping-taxable","13":"purchasable","14":"product-type-simple"},"_links":{"self":[{"href":"https:\/\/metal-badge.ch\/fr\/wp-json\/wp\/v2\/product\/145795","targetHints":{"allow":["GET"]}}],"collection":[{"href":"https:\/\/metal-badge.ch\/fr\/wp-json\/wp\/v2\/product"}],"about":[{"href":"https:\/\/metal-badge.ch\/fr\/wp-json\/wp\/v2\/types\/product"}],"replies":[{"embeddable":true,"href":"https:\/\/metal-badge.ch\/fr\/wp-json\/wp\/v2\/comments?post=145795"}],"wp:featuredmedia":[{"embeddable":true,"href":"https:\/\/metal-badge.ch\/fr\/wp-json\/wp\/v2\/media\/145799"}],"wp:attachment":[{"href":"https:\/\/metal-badge.ch\/fr\/wp-json\/wp\/v2\/media?parent=145795"}],"wp:term":[{"taxonomy":"product_brand","embeddable":true,"href":"https:\/\/metal-badge.ch\/fr\/wp-json\/wp\/v2\/product_brand?post=145795"},{"taxonomy":"product_cat","embeddable":true,"href":"https:\/\/metal-badge.ch\/fr\/wp-json\/wp\/v2\/product_cat?post=145795"},{"taxonomy":"product_tag","embeddable":true,"href":"https:\/\/metal-badge.ch\/fr\/wp-json\/wp\/v2\/product_tag?post=145795"}],"curies":[{"name":"wp","href":"https:\/\/api.w.org\/{rel}","templated":true}]}}