{"id":145770,"date":"2025-06-28T20:04:26","date_gmt":"2025-06-28T18:04:26","guid":{"rendered":"https:\/\/metal-badge.ch\/?post_type=product&#038;p=145770"},"modified":"2025-06-28T20:11:52","modified_gmt":"2025-06-28T18:11:52","slug":"cuiller-de-peche-avec-hamecon-simple","status":"publish","type":"product","link":"https:\/\/metal-badge.ch\/fr\/product\/145770\/cuiller-de-peche-avec-hamecon-simple\/","title":{"rendered":"Cuiller de p\u00eache avec hame\u00e7on simple"},"content":{"rendered":"<p><span style=\"font-weight: 400;\">La bo\u00eete avec 10 cuill\u00e8res de p\u00eache de 3 cm dans diff\u00e9rentes couleurs est \u00e9quip\u00e9e d&rsquo;un seul hame\u00e7on. L&rsquo;hame\u00e7on simple est un conseil d&rsquo;initi\u00e9 tr\u00e8s r\u00e9pandu. Une fois correctement fix\u00e9, l\u2019hame\u00e7on est bien accroch\u00e9 et il est presque impossible de le retirer. De plus, l&rsquo;hame\u00e7on simple pr\u00e9serve le poisson et donc id\u00e9al pour la p\u00eache \u00e0 la truite. Ils conviennent bien \u00e0 la p\u00eache dans les rochers, les lacs, les rivi\u00e8res, les \u00e9tangs et les ruisseaux.<\/span><\/p>\n<p><b>Cuiller de p\u00eache avec hame\u00e7on simple 2204GL22<\/b><\/p>\n<ul>\n<li><span style=\"font-weight: 400;\">D\u00e9signation&nbsp;: Cuiller d\u2019app\u00e2t<\/span><\/li>\n<li><span style=\"font-weight: 400;\">Pour carnassiers, perches, sandres, brochets, truites, etc.&nbsp;&nbsp;<\/span><\/li>\n<li><span style=\"font-weight: 400;\">Sans plomb&nbsp;<\/span><\/li>\n<li><span style=\"font-weight: 400;\">Avec un hame\u00e7on unique<\/span><\/li>\n<li><span style=\"font-weight: 400;\">Contenu du lot: 10 pi\u00e8ces \/ bo\u00eete&nbsp;<\/span><\/li>\n<li><span style=\"font-weight: 400;\">Couleurs&nbsp;: diff\u00e9rentes couleurs&nbsp;&nbsp;<\/span><\/li>\n<li><span style=\"font-weight: 400;\">Poids&nbsp;: Unit\u00e9 0,5 g \/ Lot&nbsp;: 40 g&nbsp;<\/span><\/li>\n<li><span style=\"font-weight: 400;\">Longueur&nbsp;: 3,0 cm&nbsp;<\/span><\/li>\n<li><span style=\"font-weight: 400;\">Haute qualit\u00e9<\/span><\/li>\n<li><span style=\"font-weight: 400;\">Poids de la bo\u00eete avec 10 cuill\u00e8res&nbsp;: 60 g. <\/span><\/li>\n<\/ul>\n","protected":false},"excerpt":{"rendered":"<p><span style=\"font-weight: 400;\">La bo\u00eete avec 10 cuill\u00e8res de p\u00eache de 3 cm dans diff\u00e9rentes couleurs est \u00e9quip\u00e9e d&rsquo;un seul hame\u00e7on. L&rsquo;hame\u00e7on simple est un conseil d&rsquo;initi\u00e9 tr\u00e8s r\u00e9pandu. Une fois correctement fix\u00e9, l\u2019hame\u00e7on est bien accroch\u00e9 et il est presque impossible de le retirer. De plus, l&rsquo;hame\u00e7on simple pr\u00e9serve le poisson et donc id\u00e9al pour la p\u00eache \u00e0 la truite. Ils conviennent bien \u00e0 la p\u00eache dans les rochers, les lacs, les rivi\u00e8res, les \u00e9tangs et les ruisseaux.<\/span><\/p>\n","protected":false},"featured_media":145778,"comment_status":"closed","ping_status":"closed","template":"","meta":{"inline_featured_image":false},"product_brand":[],"product_cat":[887],"product_tag":[1773],"class_list":{"0":"post-145770","1":"product","2":"type-product","3":"status-publish","4":"has-post-thumbnail","6":"product_cat-accessoires","7":"product_tag-chasse-peche","9":"first","10":"instock","11":"taxable","12":"shipping-taxable","13":"purchasable","14":"product-type-simple"},"_links":{"self":[{"href":"https:\/\/metal-badge.ch\/fr\/wp-json\/wp\/v2\/product\/145770","targetHints":{"allow":["GET"]}}],"collection":[{"href":"https:\/\/metal-badge.ch\/fr\/wp-json\/wp\/v2\/product"}],"about":[{"href":"https:\/\/metal-badge.ch\/fr\/wp-json\/wp\/v2\/types\/product"}],"replies":[{"embeddable":true,"href":"https:\/\/metal-badge.ch\/fr\/wp-json\/wp\/v2\/comments?post=145770"}],"wp:featuredmedia":[{"embeddable":true,"href":"https:\/\/metal-badge.ch\/fr\/wp-json\/wp\/v2\/media\/145778"}],"wp:attachment":[{"href":"https:\/\/metal-badge.ch\/fr\/wp-json\/wp\/v2\/media?parent=145770"}],"wp:term":[{"taxonomy":"product_brand","embeddable":true,"href":"https:\/\/metal-badge.ch\/fr\/wp-json\/wp\/v2\/product_brand?post=145770"},{"taxonomy":"product_cat","embeddable":true,"href":"https:\/\/metal-badge.ch\/fr\/wp-json\/wp\/v2\/product_cat?post=145770"},{"taxonomy":"product_tag","embeddable":true,"href":"https:\/\/metal-badge.ch\/fr\/wp-json\/wp\/v2\/product_tag?post=145770"}],"curies":[{"name":"wp","href":"https:\/\/api.w.org\/{rel}","templated":true}]}}