{"id":145744,"date":"2025-06-28T17:29:47","date_gmt":"2025-06-28T15:29:48","guid":{"rendered":"https:\/\/metal-badge.ch\/?post_type=product&#038;p=145744"},"modified":"2025-06-28T17:34:05","modified_gmt":"2025-06-28T15:34:05","slug":"appat-a-poisson-asticots-en-caoutchouc-silicone-081601-jaune-rouge-copy","status":"publish","type":"product","link":"https:\/\/metal-badge.ch\/fr\/product\/145744\/appat-a-poisson-asticots-en-caoutchouc-silicone-081601-jaune-rouge-copy\/","title":{"rendered":"App\u00e2t \u00e0 poisson &#8211; asticots en caoutchouc \/ silicone 081601 &#8211; rouge \/ noir"},"content":{"rendered":"<p><span style=\"font-weight: 400;\">Les asticots en silicone sont des app\u00e2ts \u00e0 poissons fabriqu\u00e9s en silicone souple et g\u00e9n\u00e9ralement fix\u00e9s \u00e0 un hame\u00e7on. La forme des asticots est tr\u00e8s variable et peut pr\u00e9senter toute une vari\u00e9t\u00e9 de couleurs. Les app\u00e2ts souples peuvent souvent \u00eatre utilis\u00e9s pour p\u00eacher les carnassiers comme la perche, le sandre, le brochet, la truite, etc. Ils conviennent bien \u00e0 la p\u00eache dans les rochers, les lacs, les rivi\u00e8res, les \u00e9tangs et les ruisseaux.<\/span><\/p>\n<p><b>App\u00e2t \u00e0 poisson &#8211; asticots en caoutchouc \/ silicone 081601<\/b><\/p>\n<ul>\n<li><span style=\"font-weight: 400;\">Pour carnassiers, perches, sandres, brochets, truites, etc.&nbsp;&nbsp;<\/span><\/li>\n<li><span style=\"font-weight: 400;\">Sans plomb&nbsp;<\/span><\/li>\n<li><span style=\"font-weight: 400;\">Sans hame\u00e7on<\/span><\/li>\n<li><span style=\"font-weight: 400;\">Mati\u00e8re&nbsp;: silicone&nbsp;<\/span><\/li>\n<li><span style=\"font-weight: 400;\">Couleur bo\u00eete&nbsp;: rouge \/ noir&nbsp;&nbsp;<\/span><\/li>\n<li><span style=\"font-weight: 400;\">Par lots de 50<\/span><\/li>\n<li><span style=\"font-weight: 400;\">Poids&nbsp;: Unit\u00e9 0,5 g \/ Lot&nbsp;: 40 g&nbsp;<\/span><\/li>\n<li><span style=\"font-weight: 400;\">Longueur&nbsp;: 2,5 cm&nbsp;<\/span><\/li>\n<li><span style=\"font-weight: 400;\">Haute qualit\u00e9<\/span><\/li>\n<li><span style=\"font-weight: 400;\">Design l\u00e9ger et flexible, pour attirer l\u2019attention des poissons<\/span><\/li>\n<li><span style=\"font-weight: 400;\">Silicone ultrar\u00e9sistant<\/span><\/li>\n<\/ul>\n","protected":false},"excerpt":{"rendered":"<p><span style=\"font-weight: 400;\">Les asticots en silicone sont des app\u00e2ts \u00e0 poissons fabriqu\u00e9s en silicone souple et g\u00e9n\u00e9ralement fix\u00e9s \u00e0 un hame\u00e7on. La forme des asticots est tr\u00e8s variable et peut pr\u00e9senter toute une vari\u00e9t\u00e9 de couleurs. Les app\u00e2ts souples peuvent souvent \u00eatre utilis\u00e9s pour p\u00eacher les carnassiers comme la perche, le sandre, le brochet, la truite, etc. Ils conviennent bien \u00e0 la p\u00eache dans les rochers, les lacs, les rivi\u00e8res, les \u00e9tangs et les ruisseaux.<\/span><\/p>\n","protected":false},"featured_media":145748,"comment_status":"closed","ping_status":"closed","template":"","meta":{"inline_featured_image":false},"product_brand":[],"product_cat":[887],"product_tag":[1773],"class_list":{"0":"post-145744","1":"product","2":"type-product","3":"status-publish","4":"has-post-thumbnail","6":"product_cat-accessoires","7":"product_tag-chasse-peche","9":"first","10":"instock","11":"taxable","12":"shipping-taxable","13":"purchasable","14":"product-type-simple"},"_links":{"self":[{"href":"https:\/\/metal-badge.ch\/fr\/wp-json\/wp\/v2\/product\/145744","targetHints":{"allow":["GET"]}}],"collection":[{"href":"https:\/\/metal-badge.ch\/fr\/wp-json\/wp\/v2\/product"}],"about":[{"href":"https:\/\/metal-badge.ch\/fr\/wp-json\/wp\/v2\/types\/product"}],"replies":[{"embeddable":true,"href":"https:\/\/metal-badge.ch\/fr\/wp-json\/wp\/v2\/comments?post=145744"}],"wp:featuredmedia":[{"embeddable":true,"href":"https:\/\/metal-badge.ch\/fr\/wp-json\/wp\/v2\/media\/145748"}],"wp:attachment":[{"href":"https:\/\/metal-badge.ch\/fr\/wp-json\/wp\/v2\/media?parent=145744"}],"wp:term":[{"taxonomy":"product_brand","embeddable":true,"href":"https:\/\/metal-badge.ch\/fr\/wp-json\/wp\/v2\/product_brand?post=145744"},{"taxonomy":"product_cat","embeddable":true,"href":"https:\/\/metal-badge.ch\/fr\/wp-json\/wp\/v2\/product_cat?post=145744"},{"taxonomy":"product_tag","embeddable":true,"href":"https:\/\/metal-badge.ch\/fr\/wp-json\/wp\/v2\/product_tag?post=145744"}],"curies":[{"name":"wp","href":"https:\/\/api.w.org\/{rel}","templated":true}]}}