{"id":145699,"date":"2025-06-28T15:55:53","date_gmt":"2025-06-28T13:55:53","guid":{"rendered":"https:\/\/metal-badge.ch\/product\/145699\/compresses-froid-chaud\/"},"modified":"2025-06-28T15:55:53","modified_gmt":"2025-06-28T13:55:53","slug":"compresses-froid-chaud","status":"publish","type":"product","link":"https:\/\/metal-badge.ch\/fr\/product\/145699\/compresses-froid-chaud\/","title":{"rendered":"Compresses froid\/chaud"},"content":{"rendered":"<p><span style=\"font-weight: 400;\">Ces compresses de gel \u00e0 usages multiples conviennent aussi bien \u00e0 l&rsquo;application de froid que de chaud et ne doivent manquer dans aucune trousse \u00e0 pharmacie. Les compresses froides contribuent \u00e0 soulager la douleur en cas d&rsquo;entorses, de contusions, de maux de dents et de maux de t\u00eate. Chaudes, elles favorisent la circulation sanguine, soulagent les tensions et aident \u00e0 soulager les r\u00e8gles douloureuses, les maux de ventre et de dos. Le scellage \u00e9tanche garantit que les coussins de gel r\u00e9frig\u00e9rant ne fuiront pas. La compresse chauffante peut \u00eatre chauff\u00e9 au micro-ondes jusqu&rsquo;\u00e0 1x minute. Elle est donc r\u00e9utilisable \u00e0 l&rsquo;infini. Appliquer ensuite sur la partie du corps sans la placer directement sur la peau. Laisser la compresse pendant environ 20 minutes sur la zone douloureuse. La compresse peut \u00e9galement \u00eatre chauff\u00e9 dans de l&rsquo;eau chaude \u00e0 80\u00b0 max. pendant 2 \u00e0 3 minutes.&nbsp;&nbsp;&nbsp;<\/span><\/p>\n<p><b>Informations sur le produit&nbsp;:&nbsp;<\/b><\/p>\n<ul>\n<li><span style=\"font-weight: 400;\">D\u00e9signation&nbsp;: Compresse de gel chaud\/froid<\/span><\/li>\n<li><span style=\"font-weight: 400;\">Remplie de gel pour l&rsquo;application de chaleur et de froid<\/span><\/li>\n<li><span style=\"font-weight: 400;\">Multiples compresses froides \/ chaudes avec remplissage de gel pour l&rsquo;application sur tout le corps<\/span><\/li>\n<li><span style=\"font-weight: 400;\">Th\u00e9rapie par la chaleur&nbsp;: R\u00e9chauffer la compresse au bain-marie ou au micro-ondes; id\u00e9al pour les maux de ventre et de dos.<\/span><\/li>\n<li><span style=\"font-weight: 400;\">Application de froid&nbsp;: Compresses froides pour soulager efficacement la douleur en cas de maux de t\u00eate, de douleurs dentaires, de contusions, etc.<\/span><\/li>\n<li><span style=\"font-weight: 400;\">Qualit\u00e9&nbsp;: Compresses de froid en gel avec scellage \u00e9tanche contre les fuites.<\/span><\/li>\n<li><span style=\"font-weight: 400;\">Restent mall\u00e9ables jusqu&rsquo;\u00e0 -18 \u00b0C ; adaptation optimale \u00e0 toutes les parties du corps.<\/span><\/li>\n<li><span style=\"font-weight: 400;\">Avec indications d&rsquo;utilisation sur la compresse de gel<\/span><\/li>\n<\/ul>\n<p><b><i>Compresses de gel r\u00e9frig\u00e9rant pour le traitement de la douleur<\/i><\/b><\/p>\n<ul>\n<li><span style=\"font-weight: 400;\">Sachets de gel r\u00e9frig\u00e9rant aux dimensions pratiques pour le visage et le corps<\/span><\/li>\n<li><span style=\"font-weight: 400;\">Pour application de froid sur les contusions, les piq\u00fbres d&rsquo;insectes, les maux de t\u00eate et de dents<\/span><\/li>\n<li><span style=\"font-weight: 400;\">Pour application de chaleur en cas de courbatures, de maux de dos, de troubles menstruels<\/span><\/li>\n<\/ul>\n<p><b><i>Conseils d&rsquo;utilisation<\/i><\/b><\/p>\n<ul>\n<li><span style=\"font-weight: 400;\">Pour l&rsquo;application de froid : Placer au r\u00e9frig\u00e9rateur ou au cong\u00e9lateur (jusqu&rsquo;\u00e0 -18 \u00b0C) pendant environ 2 heures avant l&rsquo;utilisation.<\/span><\/li>\n<li><span style=\"font-weight: 400;\">Pour l&rsquo;application de chaleur : Avant utilisation, r\u00e9chauffer 2 minutes et demie au bain-marie (max. 80 \u00b0C) ou une minute et demie au micro-ondes (800 W).<\/span><\/li>\n<li><span style=\"font-weight: 400;\">Envelopper dans un linge fin avant l&rsquo;utilisation afin d&rsquo;\u00e9viter les br\u00fblures.<\/span><\/li>\n<li><span style=\"font-weight: 400;\">Utilisation chez les enfants uniquement sous la surveillance d&rsquo;un adulte<\/span><\/li>\n<li><span style=\"font-weight: 400;\">Ne pas utiliser les compresses plus de 20 minutes<\/span><\/li>\n<li><span style=\"font-weight: 400;\">Ne jamais utiliser de compresse endommag\u00e9e<\/span><\/li>\n<li><span style=\"font-weight: 400;\">Couleur&nbsp;: bleu \/ blanc<\/span><\/li>\n<li><span style=\"font-weight: 400;\">Mati\u00e8re&nbsp;: plastique (PE), gel&nbsp;<\/span><\/li>\n<li><span style=\"font-weight: 400;\">Poids&nbsp;: 250 g&nbsp;<\/span><\/li>\n<li><span style=\"font-weight: 400;\">Taille&nbsp;: 22 cm x 13 cm x 1,5 cm<\/span><\/li>\n<\/ul>\n","protected":false},"excerpt":{"rendered":"<p><span style=\"font-weight: 400;\">Ces compresses de gel \u00e0 usages multiples conviennent aussi bien \u00e0 l&rsquo;application de froid que de chaud et ne doivent manquer dans aucune trousse \u00e0 pharmacie. Les compresses froides contribuent \u00e0 soulager la douleur en cas d&rsquo;entorses, de contusions, de maux de dents et de maux de t\u00eate. Chaudes, elles favorisent la circulation sanguine, soulagent les tensions et aident \u00e0 soulager les r\u00e8gles douloureuses, les maux de ventre et de dos. Le scellage \u00e9tanche garantit que les coussins de gel r\u00e9frig\u00e9rant ne fuiront pas. La compresse chauffante peut \u00eatre chauff\u00e9 au micro-ondes jusqu&rsquo;\u00e0 1x minute. Elle est donc r\u00e9utilisable \u00e0 l&rsquo;infini. Appliquer ensuite sur la partie du corps sans la placer directement sur la peau. Laisser la compresse pendant environ 20 minutes sur la zone douloureuse. La compresse peut \u00e9galement \u00eatre chauff\u00e9 dans de l&rsquo;eau chaude \u00e0 80\u00b0 max. pendant 2 \u00e0 3 minutes.<\/span><\/p>\n","protected":false},"featured_media":145696,"comment_status":"closed","ping_status":"closed","template":"","meta":{"inline_featured_image":false},"product_brand":[],"product_cat":[887],"product_tag":[1785],"class_list":{"0":"post-145699","1":"product","2":"type-product","3":"status-publish","4":"has-post-thumbnail","6":"product_cat-accessoires","7":"product_tag-premiers-secours-sauvetage","9":"first","10":"instock","11":"taxable","12":"shipping-taxable","13":"purchasable","14":"product-type-simple"},"_links":{"self":[{"href":"https:\/\/metal-badge.ch\/fr\/wp-json\/wp\/v2\/product\/145699","targetHints":{"allow":["GET"]}}],"collection":[{"href":"https:\/\/metal-badge.ch\/fr\/wp-json\/wp\/v2\/product"}],"about":[{"href":"https:\/\/metal-badge.ch\/fr\/wp-json\/wp\/v2\/types\/product"}],"replies":[{"embeddable":true,"href":"https:\/\/metal-badge.ch\/fr\/wp-json\/wp\/v2\/comments?post=145699"}],"wp:featuredmedia":[{"embeddable":true,"href":"https:\/\/metal-badge.ch\/fr\/wp-json\/wp\/v2\/media\/145696"}],"wp:attachment":[{"href":"https:\/\/metal-badge.ch\/fr\/wp-json\/wp\/v2\/media?parent=145699"}],"wp:term":[{"taxonomy":"product_brand","embeddable":true,"href":"https:\/\/metal-badge.ch\/fr\/wp-json\/wp\/v2\/product_brand?post=145699"},{"taxonomy":"product_cat","embeddable":true,"href":"https:\/\/metal-badge.ch\/fr\/wp-json\/wp\/v2\/product_cat?post=145699"},{"taxonomy":"product_tag","embeddable":true,"href":"https:\/\/metal-badge.ch\/fr\/wp-json\/wp\/v2\/product_tag?post=145699"}],"curies":[{"name":"wp","href":"https:\/\/api.w.org\/{rel}","templated":true}]}}