{"id":145601,"date":"2025-06-28T04:27:55","date_gmt":"2025-06-28T02:27:55","guid":{"rendered":"https:\/\/metal-badge.ch\/product\/145601\/lot-de-5-appats-en-caoutchouc-pour-poissons\/"},"modified":"2025-06-28T04:57:38","modified_gmt":"2025-06-28T02:57:38","slug":"lot-de-5-appats-en-caoutchouc-pour-poissons-qh081601","status":"publish","type":"product","link":"https:\/\/metal-badge.ch\/fr\/product\/145601\/lot-de-5-appats-en-caoutchouc-pour-poissons-qh081601\/","title":{"rendered":"Lot de 5 app\u00e2ts en caoutchouc pour poissons &#8211; QH081601"},"content":{"rendered":"<p><span style=\"font-weight: 400;\">Les poissons en caoutchouc sont des app\u00e2ts \u00e0 poissons fabriqu\u00e9s en caoutchouc souple et g\u00e9n\u00e9ralement fix\u00e9s \u00e0 un hame\u00e7on. La forme des poissons en caoutchouc est tr\u00e8s variable et peut imiter toute une vari\u00e9t\u00e9 d&rsquo;\u00eatre vivants.. L&rsquo;offre de poissons en caoutchouc n&rsquo;a cess\u00e9 de cro\u00eetre au cours des derni\u00e8res ann\u00e9es et il en existe aujourd&rsquo;hui de nombreuses variantes et couleurs<\/span><\/p>\n<p><span style=\"font-weight: 400;\">Les app\u00e2ts souples peuvent souvent \u00eatre utilis\u00e9s pour p\u00eacher les carnassiers comme la perche, le sandre, le brochet, la truite, etc. Ils conviennent bien \u00e0 la p\u00eache dans les rochers, les lacs, les rivi\u00e8res, les \u00e9tangs et les ruisseaux.<\/span><\/p>\n<p><b>App\u00e2ts en caoutchouc par lot de 5<\/b><\/p>\n<ul>\n<li><span style=\"font-weight: 400;\">App\u00e2ts en caoutchouc QH081601<\/span><\/li>\n<li><span style=\"font-weight: 400;\">\u00c9quip\u00e9s d&rsquo;un hame\u00e7on simple en haut et d&rsquo;un hame\u00e7on triple en bas<\/span><\/li>\n<li><span style=\"font-weight: 400;\">Pour carnassiers, perches, sandres, brochets, truites, etc.&nbsp;&nbsp;<\/span><\/li>\n<li><span style=\"font-weight: 400;\">Sans plomb&nbsp;<\/span><\/li>\n<li><span style=\"font-weight: 400;\">Couleur&nbsp;: argent\u00e9-gris- noir&nbsp;<\/span><\/li>\n<li><span style=\"font-weight: 400;\">Hame\u00e7on tripl\u00e9 et hame\u00e7on sup\u00e9rieur&nbsp;<\/span><\/li>\n<li><span style=\"font-weight: 400;\">Hame\u00e7ons de grande qualit\u00e9<\/span><\/li>\n<li><span style=\"font-weight: 400;\">Par lots de 5<\/span><\/li>\n<li><span style=\"font-weight: 400;\">Poids&nbsp;: Unit\u00e9 15 g \/\/ Lot&nbsp;: 90 g.&nbsp;<\/span><\/li>\n<li><span style=\"font-weight: 400;\">Longueur&nbsp;: 7,5 cm&nbsp;<\/span><\/li>\n<li><span style=\"font-weight: 400;\">Effet de nage \u00e9prouv\u00e9 et attrayant<\/span><\/li>\n<li><span style=\"font-weight: 400;\">Syst\u00e8me de rotation de l&rsquo;hame\u00e7on ventral pour qu&rsquo;il ne glisse pas<\/span><\/li>\n<li><span style=\"font-weight: 400;\">Mat\u00e9riau du corps super r\u00e9sistant<\/span><\/li>\n<\/ul>\n","protected":false},"excerpt":{"rendered":"<p><span style=\"font-weight: 400;\">Les poissons en caoutchouc sont des app\u00e2ts \u00e0 poissons fabriqu\u00e9s en caoutchouc souple et g\u00e9n\u00e9ralement fix\u00e9s \u00e0 un hame\u00e7on. La forme des poissons en caoutchouc est tr\u00e8s variable et peut imiter toute une vari\u00e9t\u00e9 d&rsquo;\u00eatre vivants.. L&rsquo;offre de poissons en caoutchouc n&rsquo;a cess\u00e9 de cro\u00eetre au cours des derni\u00e8res ann\u00e9es et il en existe aujourd&rsquo;hui de nombreuses variantes et couleurs<\/span><\/p>\n","protected":false},"featured_media":145593,"comment_status":"closed","ping_status":"closed","template":"","meta":{"inline_featured_image":false},"product_brand":[],"product_cat":[887],"product_tag":[1773],"class_list":{"0":"post-145601","1":"product","2":"type-product","3":"status-publish","4":"has-post-thumbnail","6":"product_cat-accessoires","7":"product_tag-chasse-peche","9":"first","10":"instock","11":"taxable","12":"shipping-taxable","13":"purchasable","14":"product-type-simple"},"_links":{"self":[{"href":"https:\/\/metal-badge.ch\/fr\/wp-json\/wp\/v2\/product\/145601","targetHints":{"allow":["GET"]}}],"collection":[{"href":"https:\/\/metal-badge.ch\/fr\/wp-json\/wp\/v2\/product"}],"about":[{"href":"https:\/\/metal-badge.ch\/fr\/wp-json\/wp\/v2\/types\/product"}],"replies":[{"embeddable":true,"href":"https:\/\/metal-badge.ch\/fr\/wp-json\/wp\/v2\/comments?post=145601"}],"wp:featuredmedia":[{"embeddable":true,"href":"https:\/\/metal-badge.ch\/fr\/wp-json\/wp\/v2\/media\/145593"}],"wp:attachment":[{"href":"https:\/\/metal-badge.ch\/fr\/wp-json\/wp\/v2\/media?parent=145601"}],"wp:term":[{"taxonomy":"product_brand","embeddable":true,"href":"https:\/\/metal-badge.ch\/fr\/wp-json\/wp\/v2\/product_brand?post=145601"},{"taxonomy":"product_cat","embeddable":true,"href":"https:\/\/metal-badge.ch\/fr\/wp-json\/wp\/v2\/product_cat?post=145601"},{"taxonomy":"product_tag","embeddable":true,"href":"https:\/\/metal-badge.ch\/fr\/wp-json\/wp\/v2\/product_tag?post=145601"}],"curies":[{"name":"wp","href":"https:\/\/api.w.org\/{rel}","templated":true}]}}