{"id":145568,"date":"2025-06-27T22:55:00","date_gmt":"2025-06-27T20:55:01","guid":{"rendered":"https:\/\/metal-badge.ch\/?post_type=product&#038;p=145568"},"modified":"2025-06-27T23:03:55","modified_gmt":"2025-06-27T21:03:55","slug":"poche-de-froid-a-effet-immediat-a-usage-unique","status":"publish","type":"product","link":"https:\/\/metal-badge.ch\/fr\/product\/145568\/poche-de-froid-a-effet-immediat-a-usage-unique\/","title":{"rendered":"Poche de froid \u00e0 effet imm\u00e9diat \u00e0 usage unique"},"content":{"rendered":"<p><span style=\"font-weight: 400;\">Des packs de glace \u00e0 effet imm\u00e9diate de haute qualit\u00e9. Le pack de glace rafra\u00eechissant et doux au contact de la peau permet le traitement imm\u00e9diat et local des blessures dues au sport, des br\u00fblures, des entorses, des crampes, des foulures, des \u0153d\u00e8mes, des saignements de nez, des douleurs dentaires, des tendinites, etc. Pour activer la poche&nbsp;: Il suffit d&rsquo;appuyer fortement sur la poche et de la secouer pour que la sensation de froid b\u00e9n\u00e9fique soit disponible pour le traitement.&nbsp;<\/span><\/p>\n<p><b>Informations sur le produit&nbsp;:&nbsp;<\/b><\/p>\n<ul>\n<li><span style=\"font-weight: 400;\">D\u00e9signation&nbsp;: Pack de glace \u00e0 refroidissement imm\u00e9diat<\/span><\/li>\n<li><span style=\"font-weight: 400;\">Effet rafra\u00eechissant imm\u00e9diat en cas de blessures dues au sport, de douleurs dentaires<\/span><\/li>\n<li><span style=\"font-weight: 400;\">\u00c9galement utilisable en cas de br\u00fblures et de crampes<\/span><\/li>\n<li><span style=\"font-weight: 400;\">Pas de refroidissement pr\u00e9alable, utilisable imm\u00e9diatement<\/span><\/li>\n<li><span style=\"font-weight: 400;\">Utilisation&nbsp;: appuyer sur la poche et la secouer<\/span><\/li>\n<li><span style=\"font-weight: 400;\">Grande r\u00e9sistance \u00e0 la d\u00e9chirure de la poche<\/span><\/li>\n<li><span style=\"font-weight: 400;\">Sensation de froid b\u00e9n\u00e9fique<\/span><\/li>\n<li><span style=\"font-weight: 400;\">Doux au contact de la peau<\/span><\/li>\n<li><span style=\"font-weight: 400;\">Haute qualit\u00e9<\/span><\/li>\n<li><span style=\"font-weight: 400;\">Peut \u00eatre congel\u00e9 \u00e0 basse temp\u00e9rature<\/span><\/li>\n<li><span style=\"font-weight: 400;\">Dur\u00e9e de conservation extr\u00eame<\/span><\/li>\n<li><span style=\"font-weight: 400;\">Usage \u00e9prouv\u00e9 en clinique et en cabinet m\u00e9dical ainsi que dans une trousse \u00e0 pharmacie domestique<\/span><\/li>\n<li><span style=\"font-weight: 400;\">\u00c9limination facile dans les ordures m\u00e9nag\u00e8res<\/span><\/li>\n<li><span style=\"font-weight: 400;\">Composition&nbsp;: Ur\u00e9e, eau<\/span><\/li>\n<li><span style=\"font-weight: 400;\">Poids&nbsp;: 100 g<\/span><\/li>\n<li><span style=\"font-weight: 400;\">Dimensions&nbsp;: 16 cm x 11 cm x 2 cm&nbsp;<\/span><\/li>\n<li><span style=\"font-weight: 400;\">Remarque&nbsp;: Ne peut pas aller au micro-ondes.<\/span><\/li>\n<li><span style=\"font-weight: 400;\">Pack de glace de 100 g pour usage unique<\/span><\/li>\n<li><span style=\"font-weight: 400;\">Refroidit jusqu\u2019\u00e0 -4\u00baC<\/span><span style=\"font-weight: 400;\"><br \/>\n<\/span><\/li>\n<li><span style=\"font-weight: 400;\">pour jusqu\u2019\u00e0 30 mn environ<\/span><\/li>\n<\/ul>\n","protected":false},"excerpt":{"rendered":"<p><span style=\"font-weight: 400;\">Des packs de glace \u00e0 effet imm\u00e9diate de haute qualit\u00e9. Le pack de glace rafra\u00eechissant et doux au contact de la peau permet le traitement imm\u00e9diat et local des blessures dues au sport, des br\u00fblures, des entorses, des crampes, des foulures, des \u0153d\u00e8mes, des saignements de nez, des douleurs dentaires, des tendinites, etc. Pour activer la poche&nbsp;: Il suffit d&rsquo;appuyer fortement sur la poche et de la secouer pour que la sensation de froid b\u00e9n\u00e9fique soit disponible pour le traitement.&nbsp;<\/span><\/p>\n","protected":false},"featured_media":145572,"comment_status":"closed","ping_status":"closed","template":"","meta":{"inline_featured_image":false},"product_brand":[],"product_cat":[887],"product_tag":[1785],"class_list":{"0":"post-145568","1":"product","2":"type-product","3":"status-publish","4":"has-post-thumbnail","6":"product_cat-accessoires","7":"product_tag-premiers-secours-sauvetage","9":"first","10":"instock","11":"taxable","12":"shipping-taxable","13":"purchasable","14":"product-type-simple"},"_links":{"self":[{"href":"https:\/\/metal-badge.ch\/fr\/wp-json\/wp\/v2\/product\/145568","targetHints":{"allow":["GET"]}}],"collection":[{"href":"https:\/\/metal-badge.ch\/fr\/wp-json\/wp\/v2\/product"}],"about":[{"href":"https:\/\/metal-badge.ch\/fr\/wp-json\/wp\/v2\/types\/product"}],"replies":[{"embeddable":true,"href":"https:\/\/metal-badge.ch\/fr\/wp-json\/wp\/v2\/comments?post=145568"}],"wp:featuredmedia":[{"embeddable":true,"href":"https:\/\/metal-badge.ch\/fr\/wp-json\/wp\/v2\/media\/145572"}],"wp:attachment":[{"href":"https:\/\/metal-badge.ch\/fr\/wp-json\/wp\/v2\/media?parent=145568"}],"wp:term":[{"taxonomy":"product_brand","embeddable":true,"href":"https:\/\/metal-badge.ch\/fr\/wp-json\/wp\/v2\/product_brand?post=145568"},{"taxonomy":"product_cat","embeddable":true,"href":"https:\/\/metal-badge.ch\/fr\/wp-json\/wp\/v2\/product_cat?post=145568"},{"taxonomy":"product_tag","embeddable":true,"href":"https:\/\/metal-badge.ch\/fr\/wp-json\/wp\/v2\/product_tag?post=145568"}],"curies":[{"name":"wp","href":"https:\/\/api.w.org\/{rel}","templated":true}]}}