{"id":145563,"date":"2025-06-27T22:35:23","date_gmt":"2025-06-27T20:35:23","guid":{"rendered":"https:\/\/metal-badge.ch\/product\/145563\/poche-de-glace-pour-refroidir-dans-diverses-tailles\/"},"modified":"2025-06-27T22:35:23","modified_gmt":"2025-06-27T20:35:23","slug":"poche-de-glace-pour-refroidir-dans-diverses-tailles","status":"publish","type":"product","link":"https:\/\/metal-badge.ch\/fr\/product\/145563\/poche-de-glace-pour-refroidir-dans-diverses-tailles\/","title":{"rendered":"Poche de glace pour refroidir dans diverses tailles"},"content":{"rendered":"<p><span style=\"font-weight: 400;\">Poche confortable \u00e0 remplir de froid ou de chaud pour le traitement des douleurs. La poche peut \u00eatre utilis\u00e9e de diff\u00e9rentes mani\u00e8res&nbsp;: contre les maux de dents, les maux de t\u00eate, la fi\u00e8vre, les contractures musculaires, les \u0153d\u00e8mes, les piq\u00fbres d&rsquo;insectes, les douleurs menstruelles ainsi que les blessures dues au sport ou les contusions ; c&rsquo;est pour cela que les poches de glace r\u00e9utilisables devraient se trouver dans toutes les trousses de pharmacie. Remplie d&rsquo;eau froide, la compresse de froid instantan\u00e9 est rapidement pr\u00eate \u00e0 l&#8217;emploi. Il y a une poche de froid adapt\u00e9e \u00e0 chaque partie du corps gr\u00e2ce aux diff\u00e9rentes tailles et au tissu en nylon \u00e9lastique et doux. Remplie d&rsquo;eau chaude, la poche se transforme en bouillotte et aide \u00e0 soulager les tensions ou les crampes. Ce coussin r\u00e9frig\u00e9rant sans fuites est \u00e9galement adapt\u00e9 aux d\u00e9placements.<\/span><span style=\"font-weight: 400;\">&nbsp;<\/span><\/p>\n<p><span style=\"font-weight: 400;\">Cette poche confortable et pratique peut \u00eatre utilis\u00e9 comme pack de chaud ou de froid.&nbsp;Elle est absolument \u00e9tanche et peut \u00eatre remplie facilement de gla\u00e7ons ou d&rsquo;eau chaude gr\u00e2ce \u00e0 sa grande ouverture. Appliquer ensuite sur la zone douloureuse. La douleur est g\u00e9n\u00e9ralement soulag\u00e9e tr\u00e8s rapidement.<\/span><span style=\"font-weight: 400;\"><br \/>\n<\/span><span style=\"font-weight: 400;\">La poche peut \u00eatre pli\u00e9e, ce qui la rend tr\u00e8s facile \u00e0 transporter.<\/span><\/p>\n<p><span style=\"font-weight: 400;\">Le mat\u00e9riau de la poche froid\/chaud est doux et tr\u00e8s agr\u00e9able au toucher.&nbsp;<\/span><\/p>\n<p><span style=\"font-weight: 400;\">Ces poches sont disponibles dans les 3 tailles suivantes.&nbsp;<\/span><\/p>\n<p><b>Informations sur le produit&nbsp;:&nbsp;<\/b><\/p>\n<ul>\n<li><span style=\"font-weight: 400;\">Poche de glace \/ de froid \u00e0 remplir de gla\u00e7ons ou d&rsquo;eau (froide et chaude)<\/span><\/li>\n<li><span style=\"font-weight: 400;\">Mati\u00e8re&nbsp;: TPU \u2013 plastique thermoplastique, nylon polyur\u00e9thane, aluminium<\/span><\/li>\n<li><span style=\"font-weight: 400;\">Grande ouverture avec fermeture tournante<\/span><\/li>\n<li><span style=\"font-weight: 400;\">Diam\u00e8tre de l&rsquo;ouverture&nbsp;: 5,5 cm<\/span><\/li>\n<li><span style=\"font-weight: 400;\">Couleur&nbsp;: Bleu<\/span><\/li>\n<li><span style=\"font-weight: 400;\">Poche r\u00e9frig\u00e9rante r\u00e9utilisable dans 3 tailles pour la maison et les voyages<\/span><\/li>\n<li><span style=\"font-weight: 400;\">Poche de froid instantan\u00e9e pour la trousse \u00e0 pharmacie, le sac \u00e0 main, la valise de voyage&nbsp;<\/span><\/li>\n<li><span style=\"font-weight: 400;\">Remplir la poche de froid aux 2\/3 seulement<\/span><\/li>\n<li><span style=\"font-weight: 400;\">Avec de l&rsquo;eau chaude pour la thermoth\u00e9rapie en cas de tensions ou de crampes<\/span><\/li>\n<li><span style=\"font-weight: 400;\">Coussin r\u00e9frig\u00e9rant agr\u00e9able en nylon souple pour un confort optimal<\/span><\/li>\n<li><span style=\"font-weight: 400;\">Grande ouverture pour un remplissage sans danger et bouchon \u00e0 vis anti-fuite<\/span><\/li>\n<li><span style=\"font-weight: 400;\">Id\u00e9al en cas de&nbsp;:&nbsp;maux de t\u00eate, douleurs dentaires, blessures dues au sport, \u0153d\u00e8mes (piq\u00fbres d&rsquo;insectes, blessures), tensions musculaires, fi\u00e8vre, douleurs menstruelles<\/span><\/li>\n<\/ul>\n<p><strong>Dimensions&nbsp;<\/strong><\/p>\n<ul>\n<li><span style=\"font-weight: 400;\">Longueur grande poche&nbsp;: 26 cm \/ Poids&nbsp;: 130 g vide<\/span><\/li>\n<li><span style=\"font-weight: 400;\">Longueur moyenne poche&nbsp;: 23 cm \/ Poids&nbsp;: 100 g vide<\/span><\/li>\n<li><span style=\"font-weight: 400;\">Longueur petite poche&nbsp;:&nbsp; 16,0 cm \/ Poids&nbsp;:&nbsp; 70 g vide\n<p><\/span><\/li>\n<li><span style=\"font-weight: 400;\">Capacit\u00e9 de la petite poche&nbsp;: 800 ML&nbsp;<\/span><\/li>\n<li><span style=\"font-weight: 400;\">Capacit\u00e9 de la moyenne poche&nbsp;: 1300 ML<\/span><\/li>\n<li><span style=\"font-weight: 400;\">Capacit\u00e9 de la grande poche&nbsp;: 1900 ML<\/span><\/li>\n<\/ul>\n","protected":false},"excerpt":{"rendered":"<p><span style=\"font-weight: 400;\">Poche confortable \u00e0 remplir de froid ou de chaud pour le traitement des douleurs. La poche peut \u00eatre utilis\u00e9e de diff\u00e9rentes mani\u00e8res&nbsp;: contre les maux de dents, les maux de t\u00eate, la fi\u00e8vre, les contractures musculaires, les \u0153d\u00e8mes, les piq\u00fbres d&rsquo;insectes, les douleurs menstruelles ainsi que les blessures dues au sport ou les contusions ; c&rsquo;est pour cela que les poches de glace r\u00e9utilisables devraient se trouver dans toutes les trousses de pharmacie. Remplie d&rsquo;eau froide, la compresse de froid instantan\u00e9 est rapidement pr\u00eate \u00e0 l&#8217;emploi. Il y a une poche de froid adapt\u00e9e \u00e0 chaque partie du corps gr\u00e2ce aux diff\u00e9rentes tailles et au tissu en nylon \u00e9lastique et doux. Remplie d&rsquo;eau chaude, la poche se transforme en bouillotte et aide \u00e0 soulager les tensions ou les crampes. Ce coussin r\u00e9frig\u00e9rant sans fuites est \u00e9galement adapt\u00e9 aux d\u00e9placements.<\/span><span style=\"font-weight: 400;\">&nbsp;<\/span><\/p>\n","protected":false},"featured_media":145528,"comment_status":"closed","ping_status":"closed","template":"","meta":{"inline_featured_image":false},"product_brand":[],"product_cat":[887],"product_tag":[1785],"class_list":{"0":"post-145563","1":"product","2":"type-product","3":"status-publish","4":"has-post-thumbnail","6":"product_cat-accessoires","7":"product_tag-premiers-secours-sauvetage","9":"first","10":"instock","11":"taxable","12":"shipping-taxable","13":"purchasable","14":"product-type-simple"},"_links":{"self":[{"href":"https:\/\/metal-badge.ch\/fr\/wp-json\/wp\/v2\/product\/145563","targetHints":{"allow":["GET"]}}],"collection":[{"href":"https:\/\/metal-badge.ch\/fr\/wp-json\/wp\/v2\/product"}],"about":[{"href":"https:\/\/metal-badge.ch\/fr\/wp-json\/wp\/v2\/types\/product"}],"replies":[{"embeddable":true,"href":"https:\/\/metal-badge.ch\/fr\/wp-json\/wp\/v2\/comments?post=145563"}],"wp:featuredmedia":[{"embeddable":true,"href":"https:\/\/metal-badge.ch\/fr\/wp-json\/wp\/v2\/media\/145528"}],"wp:attachment":[{"href":"https:\/\/metal-badge.ch\/fr\/wp-json\/wp\/v2\/media?parent=145563"}],"wp:term":[{"taxonomy":"product_brand","embeddable":true,"href":"https:\/\/metal-badge.ch\/fr\/wp-json\/wp\/v2\/product_brand?post=145563"},{"taxonomy":"product_cat","embeddable":true,"href":"https:\/\/metal-badge.ch\/fr\/wp-json\/wp\/v2\/product_cat?post=145563"},{"taxonomy":"product_tag","embeddable":true,"href":"https:\/\/metal-badge.ch\/fr\/wp-json\/wp\/v2\/product_tag?post=145563"}],"curies":[{"name":"wp","href":"https:\/\/api.w.org\/{rel}","templated":true}]}}