{"id":145491,"date":"2025-06-27T20:38:38","date_gmt":"2025-06-27T18:38:39","guid":{"rendered":"https:\/\/metal-badge.ch\/?post_type=product&#038;p=145491"},"modified":"2025-06-27T20:45:47","modified_gmt":"2025-06-27T18:45:47","slug":"sac-isotherme-anti-fuite-avec-bandouliere-35-litres-noir","status":"publish","type":"product","link":"https:\/\/metal-badge.ch\/fr\/product\/145491\/sac-isotherme-anti-fuite-avec-bandouliere-35-litres-noir\/","title":{"rendered":"Sac isotherme anti-fuite avec bandouli\u00e8re &#8211; 35 litres, noir"},"content":{"rendered":"<p><span style=\"font-weight: 400;\">Il y a de la place pour tout&nbsp;: ce sac isotherme a une grande capacit\u00e9. Les deux compartiments ext\u00e9rieurs suppl\u00e9mentaires en filet offrent un espace de rangement suppl\u00e9mentaire pour diff\u00e9rents \u00e9l\u00e9ments. Notre sac isotherme est le compagnon id\u00e9al de vos voyages ou simplement de vos pique-niques. Il suffit de placer les boissons ou les aliments dans le grand compartiment du sac isotherme \/ de rangement et de fermer la fermeture \u00e9clair. Le sac isotherme a un volume de 35 litres. Vous pouvez donc facilement emporter des aliments ou des boissons en pique-nique sans qu&rsquo;ils ne se r\u00e9chauffent. Compact et agr\u00e9able \u00e0 porter&nbsp;:&nbsp;Le sac isotherme est facile \u00e0 transporter gr\u00e2ce \u00e0 sa bandouli\u00e8re r\u00e9glable et rembourr\u00e9e ainsi qu&rsquo;\u00e0 ses deux poign\u00e9es. Une fois vide, il peut \u00eatre pli\u00e9 pour prendre moins de place. Ce sac isotherme pour ext\u00e9rieur est facile \u00e0 nettoyer et est fabriqu\u00e9 dans un tissu en nylon robuste. Bien entendu, ce mat\u00e9riau est adapt\u00e9 au contact avec les aliments et ne contient pas de substances nocives. Vous trouverez \u00e9galement des \u00e9l\u00e9ments r\u00e9frig\u00e9rants pour ces sacs dans notre boutique. Cependant, vous pouvez aussi tout simplement y ajouter de la glace pour que le contenu soit d\u00e9j\u00e0 r\u00e9frig\u00e9r\u00e9 pendant des heures, comme dans un r\u00e9frig\u00e9rateur.<\/span><\/p>\n<p><b>CONSEIL&nbsp;:<\/b><span style=\"font-weight: 400;\">&nbsp;Placez des \u00e9l\u00e9ments r\u00e9frig\u00e9rants dans le sac et enveloppez les boissons dans du papier journal pour qu&rsquo;elles restent froides encore plus longtemps.<\/span><\/p>\n<p><b>Informations sur le produit&nbsp;:<\/b><\/p>\n<ul>\n<li><span style=\"font-weight: 400;\">D\u00e9signation&nbsp;: Sac isotherme, \u00e9tanche et garanti sans fuites<\/span><\/li>\n<li><span style=\"font-weight: 400;\">Mod\u00e8le&nbsp;: XY-B805&nbsp;<\/span><\/li>\n<li><span style=\"font-weight: 400;\">Mati\u00e8re&nbsp;: Tissu Oxford 900D avec rev\u00eatement PE \u00e9tanche<\/span><\/li>\n<li><span style=\"font-weight: 400;\">Des boissons parfaitement rafra\u00eechies, m\u00eame en d\u00e9placement<\/span><\/li>\n<li><span style=\"font-weight: 400;\">Se ferme avec une fermeture \u00e9clair sur tout le pourtour<\/span><\/li>\n<li><span style=\"font-weight: 400;\">Se plie facilement<\/span><\/li>\n<li><span style=\"font-weight: 400;\">Avec bandouli\u00e8re rembourr\u00e9e et r\u00e9glable<\/span><\/li>\n<li><span style=\"font-weight: 400;\">2 poign\u00e9es de transport&nbsp;<\/span><\/li>\n<li><span style=\"font-weight: 400;\">Ne laisse pas couler les liquides<\/span><\/li>\n<li><span style=\"font-weight: 400;\">Avec des poches en filet des deux c\u00f4t\u00e9s<\/span><\/li>\n<li><span style=\"font-weight: 400;\">Capacit\u00e9 de jusqu\u2019\u00e0 35 L<\/span><\/li>\n<li><span style=\"font-weight: 400;\">Couleur&nbsp;: noir&nbsp;<\/span><\/li>\n<li><span style=\"font-weight: 400;\">Dimensions&nbsp;: Longueur x largeur x hauteur \/\/ 43cm x 31cm x 28cm<\/span><\/li>\n<li><span style=\"font-weight: 400;\">Poids&nbsp;: 850 g. <\/span><\/li>\n<\/ul>\n","protected":false},"excerpt":{"rendered":"<p><span style=\"font-weight: 400;\">Il y a de la place pour tout&nbsp;: ce sac isotherme a une grande capacit\u00e9. Les deux compartiments ext\u00e9rieurs suppl\u00e9mentaires en filet offrent un espace de rangement suppl\u00e9mentaire pour diff\u00e9rents \u00e9l\u00e9ments. Notre sac isotherme est le compagnon id\u00e9al de vos voyages ou simplement de vos pique-niques. Il suffit de placer les boissons ou les aliments dans le grand compartiment du sac isotherme \/ de rangement et de fermer la fermeture \u00e9clair. Le sac isotherme a un volume de 35 litres.<\/span><\/p>\n","protected":false},"featured_media":145495,"comment_status":"closed","ping_status":"closed","template":"","meta":{"inline_featured_image":false},"product_brand":[],"product_cat":[1059,887,1435],"product_tag":[1777],"class_list":{"0":"post-145491","1":"product","2":"type-product","3":"status-publish","4":"has-post-thumbnail","6":"product_cat-sacs","7":"product_cat-accessoires","8":"product_cat-camping-voyage","9":"product_tag-camping-voyage","11":"first","12":"instock","13":"taxable","14":"shipping-taxable","15":"purchasable","16":"product-type-simple"},"_links":{"self":[{"href":"https:\/\/metal-badge.ch\/fr\/wp-json\/wp\/v2\/product\/145491","targetHints":{"allow":["GET"]}}],"collection":[{"href":"https:\/\/metal-badge.ch\/fr\/wp-json\/wp\/v2\/product"}],"about":[{"href":"https:\/\/metal-badge.ch\/fr\/wp-json\/wp\/v2\/types\/product"}],"replies":[{"embeddable":true,"href":"https:\/\/metal-badge.ch\/fr\/wp-json\/wp\/v2\/comments?post=145491"}],"wp:featuredmedia":[{"embeddable":true,"href":"https:\/\/metal-badge.ch\/fr\/wp-json\/wp\/v2\/media\/145495"}],"wp:attachment":[{"href":"https:\/\/metal-badge.ch\/fr\/wp-json\/wp\/v2\/media?parent=145491"}],"wp:term":[{"taxonomy":"product_brand","embeddable":true,"href":"https:\/\/metal-badge.ch\/fr\/wp-json\/wp\/v2\/product_brand?post=145491"},{"taxonomy":"product_cat","embeddable":true,"href":"https:\/\/metal-badge.ch\/fr\/wp-json\/wp\/v2\/product_cat?post=145491"},{"taxonomy":"product_tag","embeddable":true,"href":"https:\/\/metal-badge.ch\/fr\/wp-json\/wp\/v2\/product_tag?post=145491"}],"curies":[{"name":"wp","href":"https:\/\/api.w.org\/{rel}","templated":true}]}}