{"id":145285,"date":"2025-06-27T07:09:07","date_gmt":"2025-06-27T05:09:07","guid":{"rendered":"https:\/\/metal-badge.ch\/product\/145285\/tasse-thermos-isolee-sous-vide-600-ml-en-acier-inoxydable-de-haute-qualite-avec-couvercle-2\/"},"modified":"2025-06-27T07:09:07","modified_gmt":"2025-06-27T05:09:07","slug":"tasse-thermos-isolee-sous-vide-600-ml-en-acier-inoxydable-de-haute-qualite-avec-couvercle-2","status":"publish","type":"product","link":"https:\/\/metal-badge.ch\/fr\/product\/145285\/tasse-thermos-isolee-sous-vide-600-ml-en-acier-inoxydable-de-haute-qualite-avec-couvercle-2\/","title":{"rendered":"Tasse thermos isol\u00e9e sous vide 600 ml en acier inoxydable de haute qualit\u00e9, avec couvercle"},"content":{"rendered":"<p><span style=\"font-weight: 400;\">Cette tasse thermos pour 600 ml de contenu, dot\u00e9 d\u2019un couvercle enfichable pratique avec ouverture pour boire, est parfaite dans la vie quotidienne, en d\u00e9placement ou au bureau.&nbsp;La tasse \u00e0 isolation sous vide garantit que les boissons chaudes restent merveilleusement chaudes et les boissons froides agr\u00e9ablement fra\u00eeches.&nbsp;Enti\u00e8rement exempte de substances nocives et de BPA, elle est extr\u00eamement robuste.&nbsp;<\/span><\/p>\n<p><b>Informations sur le produit:&nbsp;<\/b><\/p>\n<ul>\n<li><span style=\"font-weight: 400;\">D\u00e9signation: Tasse thermos, acier inoxydable, double paroi<\/span><\/li>\n<li><span style=\"font-weight: 400;\">Avec couvercle isolant, fermeture pratique avec ouverture de boisson transparente&nbsp;<\/span><\/li>\n<li><span style=\"font-weight: 400;\">Poids: 280 g&nbsp;<\/span><\/li>\n<li><span style=\"font-weight: 400;\">Couleur: couleur orange<\/span><\/li>\n<li><span style=\"font-weight: 400;\">Capacit\u00e9: 600 ml&nbsp;<\/span><\/li>\n<li><span style=\"font-weight: 400;\">Dimensions: Hauteur 16 cm&nbsp;<\/span><\/li>\n<li><span style=\"font-weight: 400;\">Diam\u00e8tre: 8 cm&nbsp;<\/span><\/li>\n<li><span style=\"font-weight: 400;\">24 heures froid<\/span><\/li>\n<li><span style=\"font-weight: 400;\">12 heures chaud<\/span><\/li>\n<li><span style=\"font-weight: 400;\">R\u00e9sistant \u00e0 l\u2019acide carbonique \/ 100% \u00e9tanche<\/span><\/li>\n<li><span style=\"font-weight: 400;\">Sans go\u00fbt<\/span><\/li>\n<li><span style=\"font-weight: 400;\">Mat\u00e9riau: Acier inoxydable 304<\/span><\/li>\n<li><span style=\"font-weight: 400;\">Durable<\/span><\/li>\n<li><span style=\"font-weight: 400;\">Tasse sans BPA<\/span><\/li>\n<li><span style=\"font-weight: 400;\">Facile \u00e0 nettoyer, convient au lave-vaisselle<\/span><\/li>\n<li><span style=\"font-weight: 400;\">Durable et de haute qualit\u00e9<\/span><\/li>\n<\/ul>\n","protected":false},"excerpt":{"rendered":"<p><span style=\"font-weight: 400;\">Cette tasse thermos pour 600 ml de contenu, dot\u00e9 d\u2019un couvercle enfichable pratique avec ouverture pour boire, est parfaite dans la vie quotidienne, en d\u00e9placement ou au bureau.&nbsp;La tasse \u00e0 isolation sous vide garantit que les boissons chaudes restent merveilleusement chaudes et les boissons froides agr\u00e9ablement fra\u00eeches.&nbsp;Enti\u00e8rement exempte de substances nocives et de BPA, elle est extr\u00eamement robuste.&nbsp;<\/span><\/p>\n","protected":false},"featured_media":145274,"comment_status":"closed","ping_status":"closed","template":"","meta":{"inline_featured_image":false},"product_brand":[],"product_cat":[1435,887,1275,2212],"product_tag":[],"class_list":{"0":"post-145285","1":"product","2":"type-product","3":"status-publish","4":"has-post-thumbnail","6":"product_cat-camping-voyage","7":"product_cat-accessoires","8":"product_cat-bouteilles-poele-recipient","9":"product_cat-cadeaux-adequates","11":"first","12":"instock","13":"taxable","14":"shipping-taxable","15":"purchasable","16":"product-type-simple"},"_links":{"self":[{"href":"https:\/\/metal-badge.ch\/fr\/wp-json\/wp\/v2\/product\/145285","targetHints":{"allow":["GET"]}}],"collection":[{"href":"https:\/\/metal-badge.ch\/fr\/wp-json\/wp\/v2\/product"}],"about":[{"href":"https:\/\/metal-badge.ch\/fr\/wp-json\/wp\/v2\/types\/product"}],"replies":[{"embeddable":true,"href":"https:\/\/metal-badge.ch\/fr\/wp-json\/wp\/v2\/comments?post=145285"}],"wp:featuredmedia":[{"embeddable":true,"href":"https:\/\/metal-badge.ch\/fr\/wp-json\/wp\/v2\/media\/145274"}],"wp:attachment":[{"href":"https:\/\/metal-badge.ch\/fr\/wp-json\/wp\/v2\/media?parent=145285"}],"wp:term":[{"taxonomy":"product_brand","embeddable":true,"href":"https:\/\/metal-badge.ch\/fr\/wp-json\/wp\/v2\/product_brand?post=145285"},{"taxonomy":"product_cat","embeddable":true,"href":"https:\/\/metal-badge.ch\/fr\/wp-json\/wp\/v2\/product_cat?post=145285"},{"taxonomy":"product_tag","embeddable":true,"href":"https:\/\/metal-badge.ch\/fr\/wp-json\/wp\/v2\/product_tag?post=145285"}],"curies":[{"name":"wp","href":"https:\/\/api.w.org\/{rel}","templated":true}]}}