{"id":145269,"date":"2025-06-27T06:57:52","date_gmt":"2025-06-27T04:57:52","guid":{"rendered":"https:\/\/metal-badge.ch\/product\/145269\/ensemble-de-maquillage-de-camouflage-avec-3-crayons\/"},"modified":"2025-06-27T06:57:52","modified_gmt":"2025-06-27T04:57:52","slug":"ensemble-de-maquillage-de-camouflage-avec-3-crayons","status":"publish","type":"product","link":"https:\/\/metal-badge.ch\/fr\/product\/145269\/ensemble-de-maquillage-de-camouflage-avec-3-crayons\/","title":{"rendered":"Ensemble de maquillage de camouflage avec 3 crayons"},"content":{"rendered":"<p><span style=\"font-weight: 400;\">L\u2019ensemble de maquillage camouflage avec 3 couleurs de camouflage est un accessoire compact et pratique pour le camouflage sur le terrain. Les 3 crayons dans les couleurs vert, noir et marron sont polyvalents et faciles \u00e0 appliquer, r\u00e9sistants \u00e0 la transpiration et facilement lavables \u00e0 l&rsquo;eau ti\u00e8de et au savon. Ce petit kit peut \u00eatre rang\u00e9 dans n\u2019importe quelle poche. Maquillez votre visage et vos mains pour les camoufler avec des bandes ou des motifs en fonction de votre environnement.<\/span><span style=\"font-weight: 400;\"><br \/>\n<\/span><\/p>\n<p><b>Informations sur le produit&nbsp;:&nbsp;<\/b><\/p>\n<ul>\n<li><span style=\"font-weight: 400;\">D\u00e9signation&nbsp;: Ensemble de trois crayons de camouflage&nbsp;<\/span><\/li>\n<li><span style=\"font-weight: 400;\">Couleurs dans la bo\u00eete&nbsp;: noir, vert, brun&nbsp;<\/span><\/li>\n<li><span style=\"font-weight: 400;\">\u00e0 utiliser sur le visage, les mains et le cou<\/span><span style=\"font-weight: 400;\"><br \/>\n<\/span><\/li>\n<li><span style=\"font-weight: 400;\">lavable \u00e0 l&rsquo;eau ti\u00e8de et au savon<\/span><span style=\"font-weight: 400;\"><br \/>\n<\/span><\/li>\n<li><span style=\"font-weight: 400;\">r\u00e9sistant \u00e0 la transpiration<\/span><\/li>\n<li><span style=\"font-weight: 400;\">longue dur\u00e9e<\/span><span style=\"font-weight: 400;\"><br \/>\n<\/span><\/li>\n<li><span style=\"font-weight: 400;\">polyvalent<\/span><span style=\"font-weight: 400;\"><br \/>\n<\/span><\/li>\n<li><span style=\"font-weight: 400;\">facile \u00e0 appliquer<\/span><span style=\"font-weight: 400;\"><br \/>\n<\/span><\/li>\n<li><span style=\"font-weight: 400;\">facile \u00e0 enlever<\/span><\/li>\n<li><span style=\"font-weight: 400;\">Longueur du crayon de 10 cm&nbsp;<\/span><\/li>\n<li><span style=\"font-weight: 400;\">Diam\u00e8tre du crayon de 1,5 cm<\/span><\/li>\n<li><span style=\"font-weight: 400;\">Poids&nbsp;: 60 g<\/span><\/li>\n<\/ul>\n","protected":false},"excerpt":{"rendered":"<p><span style=\"font-weight: 400;\">L\u2019ensemble de maquillage camouflage avec 3 couleurs de camouflage est un accessoire compact et pratique pour le camouflage sur le terrain. Les 3 crayons dans les couleurs vert, noir et marron sont polyvalents et faciles \u00e0 appliquer, r\u00e9sistants \u00e0 la transpiration et facilement lavables \u00e0 l&rsquo;eau ti\u00e8de et au savon. Ce petit kit peut \u00eatre rang\u00e9 dans n\u2019importe quelle poche. Maquillez votre visage et vos mains pour les camoufler avec des bandes ou des motifs en fonction de votre environnement.<\/span><\/p>\n","protected":false},"featured_media":145250,"comment_status":"closed","ping_status":"closed","template":"","meta":{"inline_featured_image":false},"product_brand":[],"product_cat":[1347,887,1211,1475],"product_tag":[1769],"class_list":{"0":"post-145269","1":"product","2":"type-product","3":"status-publish","4":"has-post-thumbnail","6":"product_cat-accessoires-militaires-de-chasse","7":"product_cat-accessoires","8":"product_cat-enfants-divertissement","9":"product_cat-tir-a-larc-arbalete-sarbacane","10":"product_tag-army-survival-fr","12":"first","13":"instock","14":"taxable","15":"shipping-taxable","16":"purchasable","17":"product-type-simple"},"_links":{"self":[{"href":"https:\/\/metal-badge.ch\/fr\/wp-json\/wp\/v2\/product\/145269","targetHints":{"allow":["GET"]}}],"collection":[{"href":"https:\/\/metal-badge.ch\/fr\/wp-json\/wp\/v2\/product"}],"about":[{"href":"https:\/\/metal-badge.ch\/fr\/wp-json\/wp\/v2\/types\/product"}],"replies":[{"embeddable":true,"href":"https:\/\/metal-badge.ch\/fr\/wp-json\/wp\/v2\/comments?post=145269"}],"wp:featuredmedia":[{"embeddable":true,"href":"https:\/\/metal-badge.ch\/fr\/wp-json\/wp\/v2\/media\/145250"}],"wp:attachment":[{"href":"https:\/\/metal-badge.ch\/fr\/wp-json\/wp\/v2\/media?parent=145269"}],"wp:term":[{"taxonomy":"product_brand","embeddable":true,"href":"https:\/\/metal-badge.ch\/fr\/wp-json\/wp\/v2\/product_brand?post=145269"},{"taxonomy":"product_cat","embeddable":true,"href":"https:\/\/metal-badge.ch\/fr\/wp-json\/wp\/v2\/product_cat?post=145269"},{"taxonomy":"product_tag","embeddable":true,"href":"https:\/\/metal-badge.ch\/fr\/wp-json\/wp\/v2\/product_tag?post=145269"}],"curies":[{"name":"wp","href":"https:\/\/api.w.org\/{rel}","templated":true}]}}