{"id":145237,"date":"2025-06-27T00:13:31","date_gmt":"2025-06-26T22:13:31","guid":{"rendered":"https:\/\/metal-badge.ch\/?post_type=product&#038;p=145237"},"modified":"2025-06-27T00:19:31","modified_gmt":"2025-06-26T22:19:31","slug":"panneaux-magnetiques-individuels-pw-inscription-magnetique-security","status":"publish","type":"product","link":"https:\/\/metal-badge.ch\/fr\/product\/145237\/panneaux-magnetiques-individuels-pw-inscription-magnetique-security\/","title":{"rendered":"Panneaux magn\u00e9tiques individuels PW \/ inscription magn\u00e9tique SECURITY"},"content":{"rendered":"<p><span style=\"font-weight: 400;\">Nous proposons une large gamme de panneaux magn\u00e9tiques pour tous les types de v\u00e9hicules.<\/span><\/p>\n<p><span style=\"font-weight: 400;\">Nos panneaux magn\u00e9tiques dans la version standard, de taille L x H \/ 35 cm x 12 cm sont disponibles en diff\u00e9rentes couleurs et r\u00e9fl\u00e9chissantes selon la norme EN.&nbsp;<\/span><\/p>\n<p><b>Informations du produit :<\/b><\/p>\n<ul>\n<li style=\"font-weight: 400;\" aria-level=\"1\"><span style=\"font-weight: 400;\">R\u00e9sistant aux intemp\u00e9ries et aux UV.&nbsp;<\/span><\/li>\n<li style=\"font-weight: 400;\" aria-level=\"1\"><span style=\"font-weight: 400;\">Panneaux magn\u00e9tiques avec une adh\u00e9rence maximale<\/span><\/li>\n<li style=\"font-weight: 400;\" aria-level=\"1\"><span style=\"font-weight: 400;\">Rapides \u00e0 appliquer et \u00e0 retirer&nbsp;<\/span><\/li>\n<li style=\"font-weight: 400;\" aria-level=\"1\"><span style=\"font-weight: 400;\">R\u00e9sistants aux solvants et \u00e0 l\u2019eau sal\u00e9e&nbsp;<\/span><\/li>\n<li style=\"font-weight: 400;\" aria-level=\"1\"><span style=\"font-weight: 400;\">Peuvent \u00eatre bien nettoy\u00e9s avec un d\u00e9tergent, m\u00eame dans un lavage de voiture&nbsp;<\/span><\/li>\n<li style=\"font-weight: 400;\" aria-level=\"1\"><span style=\"font-weight: 400;\">Bonne visibilit\u00e9 et r\u00e9flexion<\/span><\/li>\n<li style=\"font-weight: 400;\" aria-level=\"1\"><span style=\"font-weight: 400;\">Large \u00e9ventail d\u2019applications pour toutes les organisations de s\u00e9curit\u00e9 et de feux bleus, les autorit\u00e9s, les entreprises, les espaces publicitaires, les plaques signal\u00e9tiques pour les chauffeurs de camion, etc.<\/span><\/li>\n<li style=\"font-weight: 400;\" aria-level=\"1\"><span style=\"font-weight: 400;\">Taille : 35 cm x 12 cm&nbsp;&nbsp;<\/span><\/li>\n<\/ul>\n<p><i><span style=\"font-weight: 400;\">Contactez-nous pour votre&nbsp;panneau individuel avec couleur r\u00e9fl\u00e9chissante de votre choix 35 x 12 cm&nbsp;<\/span><\/i><i><span style=\"font-weight: 400;\"><br \/>\n<\/span><\/i><a href=\"mailto:info@metal-badge.ch\"><i><span style=\"font-weight: 400;\">info@metal-badge.ch<\/span><\/i><i><span style=\"font-weight: 400;\"><br \/>\n<\/span><\/i><\/a><\/p>\n<ul>\n<li style=\"font-weight: 400;\" aria-level=\"1\"><i><span style=\"font-weight: 400;\">1 \u00e0 10 unit\u00e9s, 28.-&nbsp;<\/span><\/i><\/li>\n<li style=\"font-weight: 400;\" aria-level=\"1\"><i><span style=\"font-weight: 400;\">11 \u00e0 30 unit\u00e9s, 25.-&nbsp;<\/span><\/i><\/li>\n<li style=\"font-weight: 400;\" aria-level=\"1\"><i><span style=\"font-weight: 400;\">31 \u00e0 100 unit\u00e9s, 21.-&nbsp;<\/span><\/i><\/li>\n<\/ul>\n<p>&nbsp;<\/p>\n","protected":false},"excerpt":{"rendered":"<p><span style=\"font-weight: 400;\">Nous proposons une large gamme de panneaux magn\u00e9tiques pour tous les types de v\u00e9hicules.<\/span><\/p>\n<p><span style=\"font-weight: 400;\">Nos panneaux magn\u00e9tiques dans la version standard, de taille L x H \/ 35 cm x 12 cm sont disponibles en diff\u00e9rentes couleurs et r\u00e9fl\u00e9chissantes selon la norme EN.&nbsp;<\/span><\/p>\n","protected":false},"featured_media":145241,"comment_status":"closed","ping_status":"closed","template":"","meta":{"inline_featured_image":false},"product_brand":[],"product_cat":[1946,887,2453,1671],"product_tag":[1781,1793],"class_list":{"0":"post-145237","1":"product","2":"type-product","3":"status-publish","4":"has-post-thumbnail","6":"product_cat-organisations-lumiere-bleue-securite","7":"product_cat-accessoires","8":"product_cat-panneaux-magnetiques","9":"product_cat-signes-pour-vehicules","10":"product_tag-police-securite","11":"product_tag-vehicule-route","13":"first","14":"instock","15":"taxable","16":"shipping-taxable","17":"purchasable","18":"product-type-simple"},"_links":{"self":[{"href":"https:\/\/metal-badge.ch\/fr\/wp-json\/wp\/v2\/product\/145237","targetHints":{"allow":["GET"]}}],"collection":[{"href":"https:\/\/metal-badge.ch\/fr\/wp-json\/wp\/v2\/product"}],"about":[{"href":"https:\/\/metal-badge.ch\/fr\/wp-json\/wp\/v2\/types\/product"}],"replies":[{"embeddable":true,"href":"https:\/\/metal-badge.ch\/fr\/wp-json\/wp\/v2\/comments?post=145237"}],"wp:featuredmedia":[{"embeddable":true,"href":"https:\/\/metal-badge.ch\/fr\/wp-json\/wp\/v2\/media\/145241"}],"wp:attachment":[{"href":"https:\/\/metal-badge.ch\/fr\/wp-json\/wp\/v2\/media?parent=145237"}],"wp:term":[{"taxonomy":"product_brand","embeddable":true,"href":"https:\/\/metal-badge.ch\/fr\/wp-json\/wp\/v2\/product_brand?post=145237"},{"taxonomy":"product_cat","embeddable":true,"href":"https:\/\/metal-badge.ch\/fr\/wp-json\/wp\/v2\/product_cat?post=145237"},{"taxonomy":"product_tag","embeddable":true,"href":"https:\/\/metal-badge.ch\/fr\/wp-json\/wp\/v2\/product_tag?post=145237"}],"curies":[{"name":"wp","href":"https:\/\/api.w.org\/{rel}","templated":true}]}}