{"id":145213,"date":"2025-06-26T23:56:56","date_gmt":"2025-06-26T21:56:56","guid":{"rendered":"https:\/\/metal-badge.ch\/?post_type=product&#038;p=145213"},"modified":"2025-06-27T00:02:09","modified_gmt":"2025-06-26T22:02:09","slug":"couverts-de-pique-nique-et-camping-avec-pince-a-barbecue-et-sac","status":"publish","type":"product","link":"https:\/\/metal-badge.ch\/fr\/product\/145213\/couverts-de-pique-nique-et-camping-avec-pince-a-barbecue-et-sac\/","title":{"rendered":"Couverts de pique-nique et camping avec pince \u00e0 barbecue et sac"},"content":{"rendered":"<p><span style=\"font-weight: 400;\">Sac de barbecue avec 10 couverts de pique-nique en acier inoxydable \u00ab&nbsp;argent\u00e9&nbsp;\u00bb, facile \u00e0 ranger et peu encombrant. En acier inoxydable, hygi\u00e9nique et adapt\u00e9 au lave-vaisselle. Avec ce set d&rsquo;accessoires pour barbecue, vous avez presque tout ce dont vous avez besoin pour une escapade de camping. Tout est bien rang\u00e9 et \u00e0 port\u00e9e de main dans le sac avec poign\u00e9e de transport et fermeture \u00e9clair sur tout le pourtour. Vous \u00eates maintenant pr\u00eat \u00e0 organiser votre prochain pique-nique, barbecue ou sortie en camping.<\/span><\/p>\n<ul>\n<li style=\"font-weight: 400;\" aria-level=\"1\"><span style=\"font-weight: 400;\">2 sets de couverts (cuiller, fourchette et couteau)&nbsp;<\/span><\/li>\n<li style=\"font-weight: 400;\" aria-level=\"1\"><span style=\"font-weight: 400;\">1 grand couteau de cuisine&nbsp;<\/span><\/li>\n<li style=\"font-weight: 400;\" aria-level=\"1\"><span style=\"font-weight: 400;\">1 spatule \u00e0 barbecue&nbsp;<\/span><\/li>\n<li style=\"font-weight: 400;\" aria-level=\"1\"><span style=\"font-weight: 400;\">2 assiettes&nbsp;<\/span><\/li>\n<\/ul>\n<p><b>Informations sur le produit&nbsp;:<\/b><\/p>\n<ul>\n<li style=\"font-weight: 400;\" aria-level=\"1\"><span style=\"font-weight: 400;\">D\u00e9signation&nbsp;: Couverts de barbecue et de camping avec sac<\/span><\/li>\n<li style=\"font-weight: 400;\" aria-level=\"1\"><span style=\"font-weight: 400;\">Jeu de 10 couverts de camping avec tout ce dont vous avez besoin<\/span><\/li>\n<li style=\"font-weight: 400;\" aria-level=\"1\"><span style=\"font-weight: 400;\">Acier inoxydable<\/span><\/li>\n<li style=\"font-weight: 400;\" aria-level=\"1\"><span style=\"font-weight: 400;\">Poids&nbsp;: 910 g avec sac<\/span><\/li>\n<li style=\"font-weight: 400;\" aria-level=\"1\"><span style=\"font-weight: 400;\">Couverts en inox argent\u00e9s&nbsp;<\/span><\/li>\n<li style=\"font-weight: 400;\" aria-level=\"1\"><span style=\"font-weight: 400;\">Couleur du sac&nbsp;: bleu&nbsp;<\/span><\/li>\n<li style=\"font-weight: 400;\" aria-level=\"1\"><span style=\"font-weight: 400;\">Dimensions du sac&nbsp;: 24 cm largeur&nbsp;: 24 cm x 3,5 cm profondeur<\/span><\/li>\n<li style=\"font-weight: 400;\" aria-level=\"1\"><span style=\"font-weight: 400;\">Tient dans tous les sacs \u00e0 dos&nbsp;<\/span><\/li>\n<li style=\"font-weight: 400;\" aria-level=\"1\"><span style=\"font-weight: 400;\">Sac avec poign\u00e9e de transport&nbsp;&nbsp;<\/span><\/li>\n<li style=\"font-weight: 400;\" aria-level=\"1\"><span style=\"font-weight: 400;\">Incl. sac en nylon avec fermeture \u00e9clair sur tout le pourtour et bandouli\u00e8re<\/span><\/li>\n<\/ul>\n","protected":false},"excerpt":{"rendered":"<p><span style=\"font-weight: 400;\">Sac de barbecue avec 10 couverts de pique-nique en acier inoxydable \u00ab&nbsp;argent\u00e9&nbsp;\u00bb, facile \u00e0 ranger et peu encombrant. En acier inoxydable, hygi\u00e9nique et adapt\u00e9 au lave-vaisselle. Avec ce set d&rsquo;accessoires pour barbecue, vous avez presque tout ce dont vous avez besoin pour une escapade de camping. Tout est bien rang\u00e9 et \u00e0 port\u00e9e de main dans le sac avec poign\u00e9e de transport et fermeture \u00e9clair sur tout le pourtour. Vous \u00eates maintenant pr\u00eat \u00e0 organiser votre prochain pique-nique, barbecue ou sortie en camping.<\/span><\/p>\n","protected":false},"featured_media":145217,"comment_status":"closed","ping_status":"closed","template":"","meta":{"inline_featured_image":false},"product_brand":[],"product_cat":[1435,887],"product_tag":[1769,1777],"class_list":{"0":"post-145213","1":"product","2":"type-product","3":"status-publish","4":"has-post-thumbnail","6":"product_cat-camping-voyage","7":"product_cat-accessoires","8":"product_tag-army-survival-fr","9":"product_tag-camping-voyage","11":"first","12":"instock","13":"taxable","14":"shipping-taxable","15":"purchasable","16":"product-type-simple"},"_links":{"self":[{"href":"https:\/\/metal-badge.ch\/fr\/wp-json\/wp\/v2\/product\/145213","targetHints":{"allow":["GET"]}}],"collection":[{"href":"https:\/\/metal-badge.ch\/fr\/wp-json\/wp\/v2\/product"}],"about":[{"href":"https:\/\/metal-badge.ch\/fr\/wp-json\/wp\/v2\/types\/product"}],"replies":[{"embeddable":true,"href":"https:\/\/metal-badge.ch\/fr\/wp-json\/wp\/v2\/comments?post=145213"}],"wp:featuredmedia":[{"embeddable":true,"href":"https:\/\/metal-badge.ch\/fr\/wp-json\/wp\/v2\/media\/145217"}],"wp:attachment":[{"href":"https:\/\/metal-badge.ch\/fr\/wp-json\/wp\/v2\/media?parent=145213"}],"wp:term":[{"taxonomy":"product_brand","embeddable":true,"href":"https:\/\/metal-badge.ch\/fr\/wp-json\/wp\/v2\/product_brand?post=145213"},{"taxonomy":"product_cat","embeddable":true,"href":"https:\/\/metal-badge.ch\/fr\/wp-json\/wp\/v2\/product_cat?post=145213"},{"taxonomy":"product_tag","embeddable":true,"href":"https:\/\/metal-badge.ch\/fr\/wp-json\/wp\/v2\/product_tag?post=145213"}],"curies":[{"name":"wp","href":"https:\/\/api.w.org\/{rel}","templated":true}]}}