{"id":145209,"date":"2025-06-26T23:44:42","date_gmt":"2025-06-26T21:44:42","guid":{"rendered":"https:\/\/metal-badge.ch\/product\/145209\/jeu-de-20-couverts-dores-brillants-pour-diner-comme-un-roi\/"},"modified":"2025-06-26T23:44:42","modified_gmt":"2025-06-26T21:44:42","slug":"jeu-de-20-couverts-dores-brillants-pour-diner-comme-un-roi","status":"publish","type":"product","link":"https:\/\/metal-badge.ch\/fr\/product\/145209\/jeu-de-20-couverts-dores-brillants-pour-diner-comme-un-roi\/","title":{"rendered":"Jeu de 20 couverts dor\u00e9s brillants &#8211; Pour d\u00eener comme un roi"},"content":{"rendered":"<p><span style=\"font-weight: 400;\">Un jeu de couverts en acier inoxydable dor\u00e9 et brillant au design \u00e9l\u00e9gant, pour 4 personnes&#8230; Voil\u00e0 qui n&rsquo;a rien \u00e0 voir avec les couverts en argent h\u00e9rit\u00e9s de nos grands-m\u00e8res. Chaque d\u00eener devient ainsi une occasion particuli\u00e8re, que ce soit avec des amis, pour des occasions sp\u00e9ciales ou au quotidien.&nbsp;<\/span><\/p>\n<p><span style=\"font-weight: 400;\">Le jeu de couverts de 20 pi\u00e8ces compte 4 fourchettes, 4 cuill\u00e8res, 4 couteaux et 4 assiettes ainsi que de 2 pinces \u00e0 aliments \/ spatules \u00e0 barbecue, d&rsquo;un couteau \u00e0 barbecue et d&rsquo;un ouvre-bouteille avec tire-bouchon.&nbsp;<\/span><\/p>\n<p><span style=\"font-weight: 400;\">Il est livr\u00e9 dans un sac avec une fermeture \u00e9clair sur tout le pourtour et une poign\u00e9e de transport. Tout les \u00e9l\u00e9ments restent ainsi bien emball\u00e9s et toujours \u00e0 port\u00e9e de main.&nbsp;<\/span><\/p>\n<p><b>Informations sur le produit&nbsp;:<\/b><\/p>\n<ul>\n<li style=\"font-weight: 400;\" aria-level=\"1\"><span style=\"font-weight: 400;\">D\u00e9signation&nbsp;: Couverts en acier inoxydable dor\u00e9s et brillants, avec sac<\/span><\/li>\n<li style=\"font-weight: 400;\" aria-level=\"1\"><span style=\"font-weight: 400;\">Jeu de 20 couverts avec tout ce dont vous avez besoin<\/span><\/li>\n<li style=\"font-weight: 400;\" aria-level=\"1\"><span style=\"font-weight: 400;\">Acier inoxydable<\/span><\/li>\n<li style=\"font-weight: 400;\" aria-level=\"1\"><span style=\"font-weight: 400;\">Jeu de couverts pour 4 personnes<\/span><\/li>\n<li style=\"font-weight: 400;\" aria-level=\"1\"><span style=\"font-weight: 400;\">Les couverts tiennent confortablement en main&nbsp;<\/span><\/li>\n<li style=\"font-weight: 400;\" aria-level=\"1\"><span style=\"font-weight: 400;\">Look \u00e9l\u00e9gant dor\u00e9 brillant<\/span><\/li>\n<li style=\"font-weight: 400;\" aria-level=\"1\"><span style=\"font-weight: 400;\">Lame du couteau finement dentel\u00e9e <\/span><\/li>\n<li style=\"font-weight: 400;\" aria-level=\"1\">Poids&nbsp;: 1250 g avec sac<\/li>\n<li style=\"font-weight: 400;\" aria-level=\"1\"><span style=\"font-weight: 400;\">Couleur du sac&nbsp;: noir avec fermeture \u00e9clair sur tout le pourtour et poign\u00e9e de transport<\/span><\/li>\n<li style=\"font-weight: 400;\" aria-level=\"1\"><span style=\"font-weight: 400;\">Dimensions du sac&nbsp;: 24 cm largeur&nbsp;: 24 cm x 3,5 cm profondeur<\/span><\/li>\n<li style=\"font-weight: 400;\" aria-level=\"1\"><span style=\"font-weight: 400;\">Tient dans tous les sacs \u00e0 dos&nbsp;<\/span><\/li>\n<li style=\"font-weight: 400;\" aria-level=\"1\"><span style=\"font-weight: 400;\">Incl. sac en nylon avec fermeture \u00e9clair sur tout le pourtour et bandouli\u00e8re<\/span><\/li>\n<\/ul>\n<p><b>Contenu&nbsp;:<\/b><\/p>\n<ul>\n<li style=\"font-weight: 400;\" aria-level=\"1\"><span style=\"font-weight: 400;\">4 couteaux (longueur&nbsp;: 22,3 cm)<\/span><\/li>\n<li style=\"font-weight: 400;\" aria-level=\"1\"><span style=\"font-weight: 400;\">4 fourchettes (longueur&nbsp;: 20,5 cm)<\/span><\/li>\n<li style=\"font-weight: 400;\" aria-level=\"1\"><span style=\"font-weight: 400;\">4 cuill\u00e8res \u00e0 soupe (longueur&nbsp;: 20 cm)<\/span><\/li>\n<li style=\"font-weight: 400;\" aria-level=\"1\"><span style=\"font-weight: 400;\">4 assiettes (19,5 cm de diam\u00e8tre)<\/span><\/li>\n<li style=\"font-weight: 400;\" aria-level=\"1\"><span style=\"font-weight: 400;\">2 spatules \u00e0 barbecue \/ pinces \u00e0 aliments&nbsp;<\/span><\/li>\n<li style=\"font-weight: 400;\" aria-level=\"1\"><span style=\"font-weight: 400;\">1 couteau de barbecue (longueur 21 cm)&nbsp;<\/span><\/li>\n<li style=\"font-weight: 400;\" aria-level=\"1\"><span style=\"font-weight: 400;\">1 ouvre-bouteille avec tire-bouchon<\/span><\/li>\n<li style=\"font-weight: 400;\" aria-level=\"1\"><span style=\"font-weight: 400;\">1 sac avec fermeture \u00e9clair sur tout le pourtour et bandouli\u00e8re <\/span><\/li>\n<\/ul>\n","protected":false},"excerpt":{"rendered":"<p><span style=\"font-weight: 400;\">Un jeu de couverts en acier inoxydable dor\u00e9 et brillant au design \u00e9l\u00e9gant, pour 4 personnes&#8230; Voil\u00e0 qui n&rsquo;a rien \u00e0 voir avec les couverts en argent h\u00e9rit\u00e9s de nos grands-m\u00e8res. Chaque d\u00eener devient ainsi une occasion particuli\u00e8re, que ce soit avec des amis, pour des occasions sp\u00e9ciales ou au quotidien.&nbsp;<\/span><\/p>\n<p><span style=\"font-weight: 400;\">Le jeu de couverts de 20 pi\u00e8ces compte 4 fourchettes, 4 cuill\u00e8res, 4 couteaux et 4 assiettes ainsi que de 2 pinces \u00e0 aliments \/ spatules \u00e0 barbecue, d&rsquo;un couteau \u00e0 barbecue et d&rsquo;un ouvre-bouteille avec tire-bouchon.&nbsp;<\/span><\/p>\n<p><span style=\"font-weight: 400;\">Il est livr\u00e9 dans un sac avec une fermeture \u00e9clair sur tout le pourtour et une poign\u00e9e de transport. Tout les \u00e9l\u00e9ments restent ainsi bien emball\u00e9s et toujours \u00e0 port\u00e9e de main.&nbsp;<\/span><\/p>\n","protected":false},"featured_media":145190,"comment_status":"closed","ping_status":"closed","template":"","meta":{"inline_featured_image":false},"product_brand":[],"product_cat":[1435,887],"product_tag":[1769,1777],"class_list":{"0":"post-145209","1":"product","2":"type-product","3":"status-publish","4":"has-post-thumbnail","6":"product_cat-camping-voyage","7":"product_cat-accessoires","8":"product_tag-army-survival-fr","9":"product_tag-camping-voyage","11":"first","12":"instock","13":"taxable","14":"shipping-taxable","15":"purchasable","16":"product-type-simple"},"_links":{"self":[{"href":"https:\/\/metal-badge.ch\/fr\/wp-json\/wp\/v2\/product\/145209","targetHints":{"allow":["GET"]}}],"collection":[{"href":"https:\/\/metal-badge.ch\/fr\/wp-json\/wp\/v2\/product"}],"about":[{"href":"https:\/\/metal-badge.ch\/fr\/wp-json\/wp\/v2\/types\/product"}],"replies":[{"embeddable":true,"href":"https:\/\/metal-badge.ch\/fr\/wp-json\/wp\/v2\/comments?post=145209"}],"wp:featuredmedia":[{"embeddable":true,"href":"https:\/\/metal-badge.ch\/fr\/wp-json\/wp\/v2\/media\/145190"}],"wp:attachment":[{"href":"https:\/\/metal-badge.ch\/fr\/wp-json\/wp\/v2\/media?parent=145209"}],"wp:term":[{"taxonomy":"product_brand","embeddable":true,"href":"https:\/\/metal-badge.ch\/fr\/wp-json\/wp\/v2\/product_brand?post=145209"},{"taxonomy":"product_cat","embeddable":true,"href":"https:\/\/metal-badge.ch\/fr\/wp-json\/wp\/v2\/product_cat?post=145209"},{"taxonomy":"product_tag","embeddable":true,"href":"https:\/\/metal-badge.ch\/fr\/wp-json\/wp\/v2\/product_tag?post=145209"}],"curies":[{"name":"wp","href":"https:\/\/api.w.org\/{rel}","templated":true}]}}