{"id":145185,"date":"2025-06-26T22:19:42","date_gmt":"2025-06-26T20:19:42","guid":{"rendered":"https:\/\/metal-badge.ch\/product\/145185\/faux-sang-sang-de-cinema-en-bouteilles-de-50-ml\/"},"modified":"2025-06-26T22:19:42","modified_gmt":"2025-06-26T20:19:42","slug":"faux-sang-sang-de-cinema-en-bouteilles-de-50-ml","status":"publish","type":"product","link":"https:\/\/metal-badge.ch\/fr\/product\/145185\/faux-sang-sang-de-cinema-en-bouteilles-de-50-ml\/","title":{"rendered":"Faux sang \/ sang de cin\u00e9ma en bouteilles de 50 mL"},"content":{"rendered":"<p><span style=\"font-weight: 400;\">Ce sang de films B est de couleur sombre, comme le sang des veines. Il se conserve tr\u00e8s longtemps, ne s\u00e8che que lentement et garde son \u00e9clat aux endroits o\u00f9 il faut simuler des accidents ou des coupures r\u00e9centes. Le sang peut \u00eatre appliqu\u00e9 directement sur la peau. Le sang de th\u00e9\u00e2tre peut \u00eatre facilement lav\u00e9 \u00e0 l&rsquo;eau chaude. Le faux sang peut \u00e9galement \u00eatre facilement nettoy\u00e9 sur les v\u00eatements avec de l&rsquo;eau et du savon. Ce sang de th\u00e9\u00e2tre vous aidera \u00e0 prendre un bain de sang pour Halloween. Ce sang de Halloween est tr\u00e8s r\u00e9aliste en raison de sa couleur plut\u00f4t sombre, qui le fait para\u00eetre r\u00e9el.<\/span><\/p>\n<p><span style=\"font-weight: 400;\">Que vous souhaitiez \u00e9gayer votre costume de vampire, de zombie ou de tueur en s\u00e9rie, le faux sang est toujours le bon choix pour Halloween&nbsp;! Avec le sang de th\u00e9\u00e2tre de Halloween, vous donnerez du r\u00e9alisme \u00e0 chaque f\u00eate d&rsquo;Halloween. Bien s\u00fbr, le sang peut \u00eatre utilis\u00e9 pour tout un tas d&rsquo;applications, y compris des cours de m\u00e9decine, des exercices de sauvetage, des films, etc. Le contenu du faux sang est inoffensif et n&rsquo;endommage pas la peau.&nbsp;<\/span><\/p>\n<p><b>Informations sur le produit&nbsp;:&nbsp;<\/b><\/p>\n<ul>\n<li><span style=\"font-weight: 400;\">D\u00e9signation&nbsp;: Faux sang \/ sang de cin\u00e9ma&nbsp;<\/span><\/li>\n<li><span style=\"font-weight: 400;\">Couleur&nbsp;: Rouge sombre B<\/span><\/li>\n<li><span style=\"font-weight: 400;\">Non nocif pour l&rsquo;environnement&nbsp;<\/span><\/li>\n<li><span style=\"font-weight: 400;\">Contenu&nbsp;: Bouteilles de 50 mL<\/span><\/li>\n<li><span style=\"font-weight: 400;\">Ingr\u00e9dients fabriqu\u00e9s \u00e0 partir de&nbsp;: eau \/ propyl\u00e8ne glycol \/ polysorbate \/ gomme de cellulose \/ ph\u00e9noxy\u00e9thanol \/ CI 16035 \/ sorbate de potassium \/ benzoate de sodium \/ acide citrique<\/span><\/li>\n<\/ul>\n","protected":false},"excerpt":{"rendered":"<p><span style=\"font-weight: 400;\">Ce sang de films B est de couleur sombre, comme le sang des veines. Il se conserve tr\u00e8s longtemps, ne s\u00e8che que lentement et garde son \u00e9clat aux endroits o\u00f9 il faut simuler des accidents ou des coupures r\u00e9centes. Le sang peut \u00eatre appliqu\u00e9 directement sur la peau. Le sang de th\u00e9\u00e2tre peut \u00eatre facilement lav\u00e9 \u00e0 l&rsquo;eau chaude. Le faux sang peut \u00e9galement \u00eatre facilement nettoy\u00e9 sur les v\u00eatements avec de l&rsquo;eau et du savon. Ce sang de th\u00e9\u00e2tre vous aidera \u00e0 prendre un bain de sang pour Halloween. Ce sang de Halloween est tr\u00e8s r\u00e9aliste en raison de sa couleur plut\u00f4t sombre, qui le fait para\u00eetre r\u00e9el.<\/span><\/p>\n","protected":false},"featured_media":145174,"comment_status":"closed","ping_status":"closed","template":"","meta":{"inline_featured_image":false},"product_brand":[],"product_cat":[1211,887,1347,1946],"product_tag":[1785],"class_list":{"0":"post-145185","1":"product","2":"type-product","3":"status-publish","4":"has-post-thumbnail","6":"product_cat-enfants-divertissement","7":"product_cat-accessoires","8":"product_cat-accessoires-militaires-de-chasse","9":"product_cat-organisations-lumiere-bleue-securite","10":"product_tag-premiers-secours-sauvetage","12":"first","13":"instock","14":"taxable","15":"shipping-taxable","16":"purchasable","17":"product-type-simple"},"_links":{"self":[{"href":"https:\/\/metal-badge.ch\/fr\/wp-json\/wp\/v2\/product\/145185","targetHints":{"allow":["GET"]}}],"collection":[{"href":"https:\/\/metal-badge.ch\/fr\/wp-json\/wp\/v2\/product"}],"about":[{"href":"https:\/\/metal-badge.ch\/fr\/wp-json\/wp\/v2\/types\/product"}],"replies":[{"embeddable":true,"href":"https:\/\/metal-badge.ch\/fr\/wp-json\/wp\/v2\/comments?post=145185"}],"wp:featuredmedia":[{"embeddable":true,"href":"https:\/\/metal-badge.ch\/fr\/wp-json\/wp\/v2\/media\/145174"}],"wp:attachment":[{"href":"https:\/\/metal-badge.ch\/fr\/wp-json\/wp\/v2\/media?parent=145185"}],"wp:term":[{"taxonomy":"product_brand","embeddable":true,"href":"https:\/\/metal-badge.ch\/fr\/wp-json\/wp\/v2\/product_brand?post=145185"},{"taxonomy":"product_cat","embeddable":true,"href":"https:\/\/metal-badge.ch\/fr\/wp-json\/wp\/v2\/product_cat?post=145185"},{"taxonomy":"product_tag","embeddable":true,"href":"https:\/\/metal-badge.ch\/fr\/wp-json\/wp\/v2\/product_tag?post=145185"}],"curies":[{"name":"wp","href":"https:\/\/api.w.org\/{rel}","templated":true}]}}