{"id":145152,"date":"2025-06-26T21:55:33","date_gmt":"2025-06-26T19:55:34","guid":{"rendered":"https:\/\/metal-badge.ch\/?post_type=product&#038;p=145152"},"modified":"2025-06-26T22:01:05","modified_gmt":"2025-06-26T20:01:05","slug":"bandana-foulard-bandana-pirate-foulard-de-motard-blanc-gris-noir","status":"publish","type":"product","link":"https:\/\/metal-badge.ch\/fr\/product\/145152\/bandana-foulard-bandana-pirate-foulard-de-motard-blanc-gris-noir\/","title":{"rendered":"Bandana \/ foulard \/ bandana pirate \/ foulard de motard &#8211; blanc \/ gris \/ noir"},"content":{"rendered":"<p><span style=\"font-weight: 400;\">Cet accessoire tendance en coton&nbsp;\/&nbsp;polyester aux motifs et couleurs vari\u00e9s se porte comme un foulard et se noue \u00e0 l&rsquo;arri\u00e8re de la t\u00eate. Nos bandanas sont particuli\u00e8rement pratiques ; ils peuvent \u00eatre facilement adapt\u00e9s \u00e0 n&rsquo;importe quelle taille de t\u00eate et fix\u00e9s avec des boucles \u00e0 l&rsquo;arri\u00e8re. Les bandanas sont id\u00e9aux pour se prot\u00e9ger du soleil pendant la pratique sportive, la randonn\u00e9e en plein air, etc. La mati\u00e8re en coton \u00e9vacue la transpiration de la peau et la pr\u00e9sence de polyester rend le bandana \u00e9lastique.<\/span><\/p>\n<p><b>Informations sur le produit :<\/b><\/p>\n<ul>\n<li><span style=\"font-weight: 400;\">Motif: camouflage blanc&nbsp;<\/span><\/li>\n<li><span style=\"font-weight: 400;\">Couleur: blanc \/ gris \/ noir&nbsp;<\/span><\/li>\n<li><span style=\"font-weight: 400;\">Poids:&nbsp; 25 g<\/span><\/li>\n<li><span style=\"font-weight: 400;\">\u00c9lastique<\/span><\/li>\n<li><span style=\"font-weight: 400;\">Mat\u00e9riau:&nbsp; 20 % coton \/ 80 % polyester<\/span><\/li>\n<li><span style=\"font-weight: 400;\">Taille: Tour de t\u00eate, d\u2019environ 55 cm \u00e0 63 cm, taille unique<\/span><\/li>\n<\/ul>\n","protected":false},"excerpt":{"rendered":"<p><span style=\"font-weight: 400;\">Cet accessoire tendance en coton&nbsp;\/&nbsp;polyester aux motifs et couleurs vari\u00e9s se porte comme un foulard et se noue \u00e0 l&rsquo;arri\u00e8re de la t\u00eate. Nos bandanas sont particuli\u00e8rement pratiques ; ils peuvent \u00eatre facilement adapt\u00e9s \u00e0 n&rsquo;importe quelle taille de t\u00eate et fix\u00e9s avec des boucles \u00e0 l&rsquo;arri\u00e8re. Les bandanas sont id\u00e9aux pour se prot\u00e9ger du soleil pendant la pratique sportive, la randonn\u00e9e en plein air, etc. La mati\u00e8re en coton \u00e9vacue la transpiration de la peau et la pr\u00e9sence de polyester rend le bandana \u00e9lastique.<\/span><\/p>\n","protected":false},"featured_media":145156,"comment_status":"closed","ping_status":"closed","template":"","meta":{"inline_featured_image":false},"product_brand":[],"product_cat":[1626,1622],"product_tag":[],"class_list":{"0":"post-145152","1":"product","2":"type-product","3":"status-publish","4":"has-post-thumbnail","6":"product_cat-shemaghs-bandanas-fr","7":"product_cat-cappes","9":"first","10":"instock","11":"taxable","12":"shipping-taxable","13":"purchasable","14":"product-type-simple"},"_links":{"self":[{"href":"https:\/\/metal-badge.ch\/fr\/wp-json\/wp\/v2\/product\/145152","targetHints":{"allow":["GET"]}}],"collection":[{"href":"https:\/\/metal-badge.ch\/fr\/wp-json\/wp\/v2\/product"}],"about":[{"href":"https:\/\/metal-badge.ch\/fr\/wp-json\/wp\/v2\/types\/product"}],"replies":[{"embeddable":true,"href":"https:\/\/metal-badge.ch\/fr\/wp-json\/wp\/v2\/comments?post=145152"}],"wp:featuredmedia":[{"embeddable":true,"href":"https:\/\/metal-badge.ch\/fr\/wp-json\/wp\/v2\/media\/145156"}],"wp:attachment":[{"href":"https:\/\/metal-badge.ch\/fr\/wp-json\/wp\/v2\/media?parent=145152"}],"wp:term":[{"taxonomy":"product_brand","embeddable":true,"href":"https:\/\/metal-badge.ch\/fr\/wp-json\/wp\/v2\/product_brand?post=145152"},{"taxonomy":"product_cat","embeddable":true,"href":"https:\/\/metal-badge.ch\/fr\/wp-json\/wp\/v2\/product_cat?post=145152"},{"taxonomy":"product_tag","embeddable":true,"href":"https:\/\/metal-badge.ch\/fr\/wp-json\/wp\/v2\/product_tag?post=145152"}],"curies":[{"name":"wp","href":"https:\/\/api.w.org\/{rel}","templated":true}]}}