{"id":145070,"date":"2025-06-26T20:04:00","date_gmt":"2025-06-26T18:04:00","guid":{"rendered":"https:\/\/metal-badge.ch\/?post_type=product&#038;p=145070"},"modified":"2025-06-26T20:08:40","modified_gmt":"2025-06-26T18:08:40","slug":"hache-deffraction-et-dintervention-des-pompiers","status":"publish","type":"product","link":"https:\/\/metal-badge.ch\/fr\/product\/145070\/hache-deffraction-et-dintervention-des-pompiers\/","title":{"rendered":"Hache d\u2019effraction et d\u2019intervention des pompiers"},"content":{"rendered":"<p><span style=\"font-weight: 400;\">Cette hache poss\u00e8de une lame tranchante permettant d\u2019effectuer des coupes et une pointe pour p\u00e9n\u00e9trer et ressortir d\u2019objets ou \u00e9l\u00e9ments durs, par exemple pour percer des fen\u00eatres, des portes et des structures s\u00e8ches. <\/span><\/p>\n<p><span style=\"font-weight: 400;\">La hache de pompiers est fabriqu\u00e9e en acier forg\u00e9 et trait\u00e9e thermiquement. Son poids \u00e9quilibr\u00e9 rend la hache facile \u00e0 manipuler tout en offrant la puissance de frappe n\u00e9cessaire. Ces haches, particuli\u00e8rement populaires aux \u00c9tats-Unis et dans d&rsquo;autres pays anglophones, sont tr\u00e8s populaires en raison de leur grande stabilit\u00e9. T\u00eate de hache de forme am\u00e9ricaine<\/span><\/p>\n<p><b>Informations sur le produit :<\/b><\/p>\n<ul>\n<li><span style=\"font-weight: 400;\">Mat\u00e9riau de la t\u00eate de hache&nbsp;: acier forg\u00e9&nbsp;<\/span><\/li>\n<li><span style=\"font-weight: 400;\">Mat\u00e9riau du manche&nbsp;: bois de fr\u00eane<\/span><\/li>\n<li><span style=\"font-weight: 400;\">Couleur : rouge&nbsp;<\/span><\/li>\n<li><span style=\"font-weight: 400;\">Longueur de la tige&nbsp;: 89 cm<\/span><\/li>\n<li><span style=\"font-weight: 400;\">Poids : 2,5 kg<\/span><\/li>\n<\/ul>\n","protected":false},"excerpt":{"rendered":"<p><span style=\"font-weight: 400;\">Cette hache poss\u00e8de une lame tranchante permettant d\u2019effectuer des coupes et une pointe pour p\u00e9n\u00e9trer et ressortir d\u2019objets ou \u00e9l\u00e9ments durs, par exemple pour percer des fen\u00eatres, des portes et des structures s\u00e8ches. <\/span><\/p>\n<p><span style=\"font-weight: 400;\">La hache de pompiers est fabriqu\u00e9e en acier forg\u00e9 et trait\u00e9e thermiquement. Son poids \u00e9quilibr\u00e9 rend la hache facile \u00e0 manipuler tout en offrant la puissance de frappe n\u00e9cessaire. Ces haches, particuli\u00e8rement populaires aux \u00c9tats-Unis et dans d&rsquo;autres pays anglophones, sont tr\u00e8s populaires en raison de leur grande stabilit\u00e9. T\u00eate de hache de forme am\u00e9ricaine<\/span><\/p>\n","protected":false},"featured_media":145074,"comment_status":"closed","ping_status":"closed","template":"","meta":{"inline_featured_image":false},"product_brand":[],"product_cat":[1035,887],"product_tag":[],"class_list":{"0":"post-145070","1":"product","2":"type-product","3":"status-publish","4":"has-post-thumbnail","6":"product_cat-couteaux-machettes","7":"product_cat-accessoires","9":"first","10":"instock","11":"taxable","12":"shipping-taxable","13":"purchasable","14":"product-type-simple"},"_links":{"self":[{"href":"https:\/\/metal-badge.ch\/fr\/wp-json\/wp\/v2\/product\/145070","targetHints":{"allow":["GET"]}}],"collection":[{"href":"https:\/\/metal-badge.ch\/fr\/wp-json\/wp\/v2\/product"}],"about":[{"href":"https:\/\/metal-badge.ch\/fr\/wp-json\/wp\/v2\/types\/product"}],"replies":[{"embeddable":true,"href":"https:\/\/metal-badge.ch\/fr\/wp-json\/wp\/v2\/comments?post=145070"}],"wp:featuredmedia":[{"embeddable":true,"href":"https:\/\/metal-badge.ch\/fr\/wp-json\/wp\/v2\/media\/145074"}],"wp:attachment":[{"href":"https:\/\/metal-badge.ch\/fr\/wp-json\/wp\/v2\/media?parent=145070"}],"wp:term":[{"taxonomy":"product_brand","embeddable":true,"href":"https:\/\/metal-badge.ch\/fr\/wp-json\/wp\/v2\/product_brand?post=145070"},{"taxonomy":"product_cat","embeddable":true,"href":"https:\/\/metal-badge.ch\/fr\/wp-json\/wp\/v2\/product_cat?post=145070"},{"taxonomy":"product_tag","embeddable":true,"href":"https:\/\/metal-badge.ch\/fr\/wp-json\/wp\/v2\/product_tag?post=145070"}],"curies":[{"name":"wp","href":"https:\/\/api.w.org\/{rel}","templated":true}]}}