{"id":145051,"date":"2025-06-26T07:42:12","date_gmt":"2025-06-26T05:42:12","guid":{"rendered":"https:\/\/metal-badge.ch\/?post_type=product&#038;p=145051"},"modified":"2025-06-26T07:47:18","modified_gmt":"2025-06-26T05:47:18","slug":"hache-dintervention-des-pompiers-hache-de-charpentier","status":"publish","type":"product","link":"https:\/\/metal-badge.ch\/fr\/product\/145051\/hache-dintervention-des-pompiers-hache-de-charpentier\/","title":{"rendered":"Hache d&rsquo;intervention des pompiers \/ hache de charpentier"},"content":{"rendered":"<p><span style=\"font-weight: 400;\">La hache de charpentier 700 g est un outil traditionnel de taille de rondins. La t\u00eate de cette hache est en acier \u00e0 outils forg\u00e9. Le manche est en bois de fr\u00eane et compte une fixation \u00e0 deux coins.<\/span><\/p>\n<p><b>Informations sur le produit :<\/b><\/p>\n<ul>\n<li><span style=\"font-weight: 400;\">D\u00e9signation : Hache de charpentier&nbsp;<\/span><\/li>\n<li><span style=\"font-weight: 400;\">Mat\u00e9riau de la t\u00eate&nbsp;: acier forg\u00e9&nbsp;<\/span><\/li>\n<li><span style=\"font-weight: 400;\">Mat\u00e9riau du manche&nbsp;: bois de fr\u00eane<\/span><\/li>\n<li><span style=\"font-weight: 400;\">Couleur : rouge&nbsp;<\/span><\/li>\n<li><span style=\"font-weight: 400;\">Longueur de la tige&nbsp;: 38 cm<\/span><\/li>\n<li><span style=\"font-weight: 400;\">Poids : 700 g.<\/span><\/li>\n<\/ul>\n","protected":false},"excerpt":{"rendered":"<p><span style=\"font-weight: 400;\">La hache de charpentier 700 g est un outil traditionnel de taille de rondins. La t\u00eate de cette hache est en acier \u00e0 outils forg\u00e9. Le manche est en bois de fr\u00eane et compte une fixation \u00e0 deux coins.<\/span><\/p>\n","protected":false},"featured_media":145055,"comment_status":"closed","ping_status":"closed","template":"","meta":{"inline_featured_image":false},"product_brand":[],"product_cat":[1035,887],"product_tag":[],"class_list":{"0":"post-145051","1":"product","2":"type-product","3":"status-publish","4":"has-post-thumbnail","6":"product_cat-couteaux-machettes","7":"product_cat-accessoires","9":"first","10":"instock","11":"taxable","12":"shipping-taxable","13":"purchasable","14":"product-type-simple"},"_links":{"self":[{"href":"https:\/\/metal-badge.ch\/fr\/wp-json\/wp\/v2\/product\/145051","targetHints":{"allow":["GET"]}}],"collection":[{"href":"https:\/\/metal-badge.ch\/fr\/wp-json\/wp\/v2\/product"}],"about":[{"href":"https:\/\/metal-badge.ch\/fr\/wp-json\/wp\/v2\/types\/product"}],"replies":[{"embeddable":true,"href":"https:\/\/metal-badge.ch\/fr\/wp-json\/wp\/v2\/comments?post=145051"}],"wp:featuredmedia":[{"embeddable":true,"href":"https:\/\/metal-badge.ch\/fr\/wp-json\/wp\/v2\/media\/145055"}],"wp:attachment":[{"href":"https:\/\/metal-badge.ch\/fr\/wp-json\/wp\/v2\/media?parent=145051"}],"wp:term":[{"taxonomy":"product_brand","embeddable":true,"href":"https:\/\/metal-badge.ch\/fr\/wp-json\/wp\/v2\/product_brand?post=145051"},{"taxonomy":"product_cat","embeddable":true,"href":"https:\/\/metal-badge.ch\/fr\/wp-json\/wp\/v2\/product_cat?post=145051"},{"taxonomy":"product_tag","embeddable":true,"href":"https:\/\/metal-badge.ch\/fr\/wp-json\/wp\/v2\/product_tag?post=145051"}],"curies":[{"name":"wp","href":"https:\/\/api.w.org\/{rel}","templated":true}]}}