{"id":144963,"date":"2025-06-26T05:46:32","date_gmt":"2025-06-26T03:46:33","guid":{"rendered":"https:\/\/metal-badge.ch\/?post_type=product&#038;p=144963"},"modified":"2025-06-26T05:56:55","modified_gmt":"2025-06-26T03:56:55","slug":"menottes-asp-identifier-ultra-plus-cuff-a-charniere-bleu","status":"publish","type":"product","link":"https:\/\/metal-badge.ch\/fr\/product\/144963\/menottes-asp-identifier-ultra-plus-cuff-a-charniere-bleu\/","title":{"rendered":"Menottes ASP Identifier Ultra Plus Cuff \u00e0 charni\u00e8re &#8211; Bleu"},"content":{"rendered":"<p><span style=\"font-weight: 400;\">Les menottes Identifier avec charni\u00e8re en acier ne se distinguent peut-\u00eatre des menottes comparables que par un petit d\u00e9tail. Pourtant, ASP r\u00e9pond ici \u00e0 une demande fr\u00e9quente en ajoutant une fonction avec un outil de diff\u00e9renciation par la couleur simple. Le choix de couleurs des menottes Identifier permet de mieux les distinguer au sein des services ; mais surtout, les signes distinctifs visibles rel\u00e8vent du statut de s\u00e9curit\u00e9 et du statut m\u00e9dical. Les couleurs ne s&rsquo;\u00e9caillent pas et ne se ternissent pas ; elles font partie int\u00e9grante du cadre de la menotte.<\/span><span style=\"font-weight: 400;\"><br \/>\n<\/span><span style=\"font-weight: 400;\"><br \/>\n<\/span><span style=\"font-weight: 400;\">Les menottes Identifier, qui font partie de la s\u00e9rie Ultra Cuffs, font partie des d\u00e9veloppements innovants d&rsquo;ASP et sont sans aucun doute les menottes les plus s\u00fbres que l&rsquo;on puisse trouver actuellement sur le march\u00e9. Gr\u00e2ce \u00e0 des mat\u00e9riaux ultramodernes et \u00e0 un nouveau design, les menottes en aluminium forg\u00e9 de qualit\u00e9 7075 T6 sont non seulement plus l\u00e9g\u00e8res, mais aussi plus faciles \u00e0 manipuler. Leur profil plat aux bords arrondis r\u00e9duit le risque de blessure et, gr\u00e2ce \u00e0 la tol\u00e9rance \u00e9troite entre les deux poignets, elles permettent une am\u00e9lioration nette de la pr\u00e9cision et de la vitesse d&rsquo;utilisation. Les rainures d&rsquo;insertion des cl\u00e9s se trouvent des deux c\u00f4t\u00e9s des menottes. Le remplacement du syst\u00e8me de verrouillage complet peut \u00eatre effectu\u00e9 facilement. L&rsquo;indicateur de double verrouillage bien visible simplifie encore l&rsquo;utilisation.<\/span><\/p>\n<p><span style=\"font-weight: 400;\">Les menottes Ultra Cuffs sont propos\u00e9es dans diff\u00e9rentes variantes et se distinguent par exemple par la combinaison des mat\u00e9riaux et la liaison.&nbsp;<\/span><\/p>\n<p><b>Informations sur le produit :&nbsp;<\/b><\/p>\n<ul>\n<li><span style=\"font-weight: 400;\">Marque : Menottes ASP<\/span><\/li>\n<li><span style=\"font-weight: 400;\">Syst\u00e8me de verrouillage rempla\u00e7able<\/span><\/li>\n<li><span style=\"font-weight: 400;\">Technologie de cadre assist\u00e9e par ordinateur\/forg\u00e9e<\/span><\/li>\n<li><span style=\"font-weight: 400;\">Double rainure pour cl\u00e9<\/span><\/li>\n<li><span style=\"font-weight: 400;\">Longueur : 23,2 cm<\/span><\/li>\n<li><span style=\"font-weight: 400;\">Largeur : 7,94 cm<\/span><\/li>\n<li><span style=\"font-weight: 400;\">Poids : 312 g<\/span><\/li>\n<li><span style=\"font-weight: 400;\">Double orifice pour cl\u00e9<\/span><\/li>\n<li><span style=\"font-weight: 400;\">Avec charni\u00e8re en acier<\/span><\/li>\n<li><span style=\"font-weight: 400;\">Couleur : noir \/ bleu<\/span><\/li>\n<\/ul>\n","protected":false},"excerpt":{"rendered":"<p><span style=\"font-weight: 400;\">Les menottes Identifier avec charni\u00e8re en acier ne se distinguent peut-\u00eatre des menottes comparables que par un petit d\u00e9tail. Pourtant, ASP r\u00e9pond ici \u00e0 une demande fr\u00e9quente en ajoutant une fonction avec un outil de diff\u00e9renciation par la couleur simple. Le choix de couleurs des menottes Identifier permet de mieux les distinguer au sein des services ; mais surtout, les signes distinctifs visibles rel\u00e8vent du statut de s\u00e9curit\u00e9 et du statut m\u00e9dical. Les couleurs ne s&rsquo;\u00e9caillent pas et ne se ternissent pas ; elles font partie int\u00e9grante du cadre de la menotte.<\/span><\/p>\n","protected":false},"featured_media":144967,"comment_status":"closed","ping_status":"closed","template":"","meta":{"inline_featured_image":false},"product_brand":[],"product_cat":[1463,887],"product_tag":[],"class_list":{"0":"post-144963","1":"product","2":"type-product","3":"status-publish","4":"has-post-thumbnail","6":"product_cat-menottes-bracelets-de-cheville-zak-tool","7":"product_cat-accessoires","9":"first","10":"instock","11":"taxable","12":"shipping-taxable","13":"purchasable","14":"product-type-simple"},"_links":{"self":[{"href":"https:\/\/metal-badge.ch\/fr\/wp-json\/wp\/v2\/product\/144963","targetHints":{"allow":["GET"]}}],"collection":[{"href":"https:\/\/metal-badge.ch\/fr\/wp-json\/wp\/v2\/product"}],"about":[{"href":"https:\/\/metal-badge.ch\/fr\/wp-json\/wp\/v2\/types\/product"}],"replies":[{"embeddable":true,"href":"https:\/\/metal-badge.ch\/fr\/wp-json\/wp\/v2\/comments?post=144963"}],"wp:featuredmedia":[{"embeddable":true,"href":"https:\/\/metal-badge.ch\/fr\/wp-json\/wp\/v2\/media\/144967"}],"wp:attachment":[{"href":"https:\/\/metal-badge.ch\/fr\/wp-json\/wp\/v2\/media?parent=144963"}],"wp:term":[{"taxonomy":"product_brand","embeddable":true,"href":"https:\/\/metal-badge.ch\/fr\/wp-json\/wp\/v2\/product_brand?post=144963"},{"taxonomy":"product_cat","embeddable":true,"href":"https:\/\/metal-badge.ch\/fr\/wp-json\/wp\/v2\/product_cat?post=144963"},{"taxonomy":"product_tag","embeddable":true,"href":"https:\/\/metal-badge.ch\/fr\/wp-json\/wp\/v2\/product_tag?post=144963"}],"curies":[{"name":"wp","href":"https:\/\/api.w.org\/{rel}","templated":true}]}}