{"id":144959,"date":"2025-06-26T05:26:36","date_gmt":"2025-06-26T03:26:36","guid":{"rendered":"https:\/\/metal-badge.ch\/product\/144959\/menottes-asp-ultra-cuff-rigides-en-acier-inoxydable-noir\/"},"modified":"2025-06-26T05:52:15","modified_gmt":"2025-06-26T03:52:15","slug":"menottes-asp-ultra-cuff-rigides-en-acier-inoxydable-noir","status":"publish","type":"product","link":"https:\/\/metal-badge.ch\/fr\/product\/144959\/menottes-asp-ultra-cuff-rigides-en-acier-inoxydable-noir\/","title":{"rendered":"Menottes ASP Ultra Cuff rigides en acier inoxydable, noir"},"content":{"rendered":"<p><span style=\"font-weight: 400;\">Les <\/span><b>menottes Ultra-Cuff d&rsquo;ASP<\/b><span style=\"font-weight: 400;\"> constituent une innovation dans le domaine du menottage ; gr\u00e2ce au d\u00e9veloppement des mat\u00e9riaux, \u00e0 un design intelligent et \u00e0 quelques id\u00e9es astucieuses, la marque a mis sur le march\u00e9 une s\u00e9rie de menottes qui rel\u00e8guent au placard tout ce qui se faisait auparavant. Les <\/span><b>menottes Ultra-Cuff<\/b><span style=\"font-weight: 400;\"> existent dans diff\u00e9rentes combinaisons de mat\u00e9riaux (ici, l&rsquo;aluminium et l&rsquo;acier sont combin\u00e9s) et avec diff\u00e9rentes liaisons : cha\u00eene, charni\u00e8re ou forme rigide. L&rsquo;article propos\u00e9 ici poss\u00e8de une partie centrale immobile rigide entre les deux parties et constitue donc une alternative essentielle, notamment dans les cas difficiles et en pr\u00e9sence de r\u00e9sistance.<\/span><\/p>\n<p><span style=\"font-weight: 400;\">La structure s\u00fbre des <\/span><b>Ultra-Cuff<\/b><span style=\"font-weight: 400;\"> \u00e0 partie centrale rigide les rend plus r\u00e9sistantes aux chocs et est sans aucun doute la construction la plus restrictive de la gamme ASP Tactical Series. La liaison qui relie ici les deux bracelets a une forme ergonomique et permet ainsi une prise en main optimale&nbsp;: La protection profil\u00e9e de la main r\u00e9duit le risque de blessure lorsque les menottes sont mises et rend \u00e9galement la prise plus s\u00fbre. Comme toutes les menottes ASP Tactical, le mod\u00e8le Rigid Design est fabriqu\u00e9 \u00e0 partir d&rsquo;un cadre en aluminium 7075 forg\u00e9, au profil plat et exceptionnellement l\u00e9ger. Les bracelets coniques et le profil plat ainsi que les bords arrondis rendent les menottes particuli\u00e8rement souples et faciles \u00e0 manipuler. Le design en forme de rayon \u00e9vite les blessures potentielles dues \u00e0 une sollicitation transversale excessive.<\/span><\/p>\n<p><span style=\"font-weight: 400;\">double encoche pour la cl\u00e9 qui permet d&rsquo;utiliser les deux c\u00f4t\u00e9s des menottes ainsi qu&rsquo;\u00e0 l&rsquo;indicateur de double verrouillage bien visible, ces menottes sont faciles d&rsquo;utilisation.<\/span><\/p>\n<p><span style=\"font-weight: 400;\">Les Rigid Cuffs minces et l\u00e9gers de la s\u00e9rie ASP Ultra Cuffs ne sont pas seulement un progr\u00e8s en termes de poids et de souplesse, mais \u00e9galement une nouvelle r\u00e9f\u00e9rence en mati\u00e8re de capacit\u00e9 de contr\u00f4le.<\/span><\/p>\n<p><b>Informations sur le produit :&nbsp;<\/b><\/p>\n<ul>\n<li><span style=\"font-weight: 400;\">Syst\u00e8me de verrouillage rempla\u00e7able<\/span><\/li>\n<li><span style=\"font-weight: 400;\">Liaison renforc\u00e9e<\/span><\/li>\n<li><span style=\"font-weight: 400;\">Longueur : 23,2 cm<\/span><\/li>\n<li><span style=\"font-weight: 400;\">Largeur : 7,94 cm<\/span><\/li>\n<li><span style=\"font-weight: 400;\">Poids : 352 g.<\/span><\/li>\n<\/ul>\n","protected":false},"excerpt":{"rendered":"<p><span style=\"font-weight: 400;\">Les <\/span><b>menottes Ultra-Cuff d&rsquo;ASP<\/b><span style=\"font-weight: 400;\"> constituent une innovation dans le domaine du menottage ; gr\u00e2ce au d\u00e9veloppement des mat\u00e9riaux, \u00e0 un design intelligent et \u00e0 quelques id\u00e9es astucieuses, la marque a mis sur le march\u00e9 une s\u00e9rie de menottes qui rel\u00e8guent au placard tout ce qui se faisait auparavant. Les <\/span><b>menottes Ultra-Cuff<\/b><span style=\"font-weight: 400;\"> existent dans diff\u00e9rentes combinaisons de mat\u00e9riaux (ici, l&rsquo;aluminium et l&rsquo;acier sont combin\u00e9s) et avec diff\u00e9rentes liaisons : cha\u00eene, charni\u00e8re ou forme rigide. L&rsquo;article propos\u00e9 ici poss\u00e8de une partie centrale immobile rigide entre les deux parties et constitue donc une alternative essentielle, notamment dans les cas difficiles et en pr\u00e9sence de r\u00e9sistance.<\/span><\/p>\n","protected":false},"featured_media":144956,"comment_status":"closed","ping_status":"closed","template":"","meta":{"inline_featured_image":false},"product_brand":[],"product_cat":[1463,887],"product_tag":[],"class_list":{"0":"post-144959","1":"product","2":"type-product","3":"status-publish","4":"has-post-thumbnail","6":"product_cat-menottes-bracelets-de-cheville-zak-tool","7":"product_cat-accessoires","9":"first","10":"instock","11":"taxable","12":"shipping-taxable","13":"purchasable","14":"product-type-simple"},"_links":{"self":[{"href":"https:\/\/metal-badge.ch\/fr\/wp-json\/wp\/v2\/product\/144959","targetHints":{"allow":["GET"]}}],"collection":[{"href":"https:\/\/metal-badge.ch\/fr\/wp-json\/wp\/v2\/product"}],"about":[{"href":"https:\/\/metal-badge.ch\/fr\/wp-json\/wp\/v2\/types\/product"}],"replies":[{"embeddable":true,"href":"https:\/\/metal-badge.ch\/fr\/wp-json\/wp\/v2\/comments?post=144959"}],"wp:featuredmedia":[{"embeddable":true,"href":"https:\/\/metal-badge.ch\/fr\/wp-json\/wp\/v2\/media\/144956"}],"wp:attachment":[{"href":"https:\/\/metal-badge.ch\/fr\/wp-json\/wp\/v2\/media?parent=144959"}],"wp:term":[{"taxonomy":"product_brand","embeddable":true,"href":"https:\/\/metal-badge.ch\/fr\/wp-json\/wp\/v2\/product_brand?post=144959"},{"taxonomy":"product_cat","embeddable":true,"href":"https:\/\/metal-badge.ch\/fr\/wp-json\/wp\/v2\/product_cat?post=144959"},{"taxonomy":"product_tag","embeddable":true,"href":"https:\/\/metal-badge.ch\/fr\/wp-json\/wp\/v2\/product_tag?post=144959"}],"curies":[{"name":"wp","href":"https:\/\/api.w.org\/{rel}","templated":true}]}}