{"id":144951,"date":"2025-06-26T04:14:25","date_gmt":"2025-06-26T02:14:25","guid":{"rendered":"https:\/\/metal-badge.ch\/product\/144951\/lampe-de-poche-frustre-t90r-4800-lumens-dune-portee-allant-jusqua-1000-m\/"},"modified":"2025-06-26T04:14:25","modified_gmt":"2025-06-26T02:14:25","slug":"lampe-de-poche-frustre-t90r-4800-lumens-dune-portee-allant-jusqua-1000-m","status":"publish","type":"product","link":"https:\/\/metal-badge.ch\/fr\/product\/144951\/lampe-de-poche-frustre-t90r-4800-lumens-dune-portee-allant-jusqua-1000-m\/","title":{"rendered":"Lampe de poche Frustre T90R 4800 lumens d\u2019une port\u00e9e allant jusqu&rsquo;\u00e0 1000 m"},"content":{"rendered":"<p><span style=\"font-weight: 400;\">Avec la nouvelle lampe de poche T90R de Frustre, le fabricant de ces lampes de poche haute performance parvient \u00e0 transformer la nuit en jour<\/span><\/p>\n<p><span style=\"font-weight: 400;\">Le pilote LED command\u00e9 par microprocesseur maintient une luminosit\u00e9 presque constante, m\u00eame lorsque la puissance de la batterie diminue, et offre 4 modes d&rsquo;\u00e9clairage : Un niveau de luminosit\u00e9 \u00e9lev\u00e9, moyen, faible ou stroboscopique est disponible. Aluminium d\u2019a\u00e9ronautique extr\u00eamement robuste. Cette lampe de poche se caract\u00e9rise par son mat\u00e9riau tr\u00e8s l\u00e9ger et l\u2019utilisation rapide et facile qu\u2019elle permet. De plus, ce mod\u00e8le TR90R est \u00e9tanche IP68 et r\u00e9sistant aux chutes jusqu&rsquo;\u00e0 1 m\u00e8tre, ce qui le rend id\u00e9al pour les conditions extr\u00eames Gr\u00e2ce \u00e0 la s\u00e9lection facile du niveau de luminosit\u00e9, \u00e0 l&rsquo;allumage et l&rsquo;extinction avec l&rsquo;interrupteur lat\u00e9ral ainsi qu\u2019\u00e0 l&rsquo;aper\u00e7u en temps r\u00e9el de la batterie par l&rsquo;indicateur de niveau de charge tricolore cette lampe est parfaite pour chaque aventure. Elle est livr\u00e9e dans un petit bo\u00eetier en plastique avec tous les accessoires. La batterie de 5&nbsp;000 m Ah, un interrupteur \u00e0 bouton plat de d\u00e9clenchement \u00e0 distance et un kit de montage avec un aimant extr\u00eamement puissant pour le corps tubulaire sont \u00e9galement compris, tout comme le c\u00e2ble de chargement USB et 2 joints toriques de remplacement.<\/span><\/p>\n<p><b>Informations sur le produit :<\/b><\/p>\n<ul>\n<li><span style=\"font-weight: 400;\">Mod\u00e8le : Kit complet T90R Frustre<\/span><span style=\"font-weight: 400;\"><br \/>\n<\/span><\/li>\n<li><span style=\"font-weight: 400;\">Couleur&nbsp;: noir mat<\/span><\/li>\n<li><span style=\"font-weight: 400;\">Type&nbsp;: Lampe de poche LED<\/span><span style=\"font-weight: 400;\"><br \/>\n<\/span><\/li>\n<li><span style=\"font-weight: 400;\">Mat\u00e9riau : Alliage d\u2019aluminium<\/span><\/li>\n<li><span style=\"font-weight: 400;\">4 modes d\u2019\u00e9clairage stroboscopique \/ faible \/ moyen \/ \u00e9lev\u00e9<\/span><\/li>\n<li><span style=\"font-weight: 400;\">Lumen&nbsp;: 4800LM<\/span><\/li>\n<li><span style=\"font-weight: 400;\">Poids : 450 g avec batterie<\/span><span style=\"font-weight: 400;\"><br \/>\n<\/span><\/li>\n<li><span style=\"font-weight: 400;\">Couleur de lumi\u00e8re&nbsp;: blanche<\/span><\/li>\n<li><span style=\"font-weight: 400;\">Port\u00e9e max. 1000 m\u00e8tres&nbsp;<\/span><\/li>\n<li><span style=\"font-weight: 400;\">Hauteur de chute max.&nbsp;: 1 m<\/span><\/li>\n<li><span style=\"font-weight: 400;\">Chargement interne via USB-C<\/span><\/li>\n<li><span style=\"font-weight: 400;\">R\u00e9glage intelligente de la temp\u00e9rature<\/span><\/li>\n<li><span style=\"font-weight: 400;\">Batterie&nbsp;. Li-ion 5000 m Ah 7,4&nbsp;V 37 H<\/span><\/li>\n<li><span style=\"font-weight: 400;\">Protection de polarit\u00e9<\/span><\/li>\n<li><span style=\"font-weight: 400;\">Piles : Rechargeable via c\u00e2ble USB inclus<\/span><span style=\"font-weight: 400;\"><br \/>\n<\/span><\/li>\n<li><span style=\"font-weight: 400;\">Indicateur de charge de la batterie : Vert (100&nbsp;%-50&nbsp;%), jaune&nbsp;: (50&nbsp;%-20&nbsp;%), rouge (20&nbsp;%-5&nbsp;%),rouge clignotant (5&nbsp;%-1&nbsp;%)<\/span><\/li>\n<li><span style=\"font-weight: 400;\">\u00c9tanche : IP68 <\/span><span style=\"font-weight: 400;\"><br \/>\n<\/span><\/li>\n<li><span style=\"font-weight: 400;\">Mode de charge&nbsp;: Type C<\/span><span style=\"font-weight: 400;\"><br \/>\n<\/span><\/li>\n<li><span style=\"font-weight: 400;\">4 niveaux d\u2019\u00e9clairage<\/span><span style=\"font-weight: 400;\"><br \/>\n<\/span><\/li>\n<li><span style=\"font-weight: 400;\">Dimensions&nbsp;: Longueur 26 cm&nbsp;<\/span><\/li>\n<li><span style=\"font-weight: 400;\">Diam\u00e8tre de la t\u00eate&nbsp;: 6,5 cm<\/span><span style=\"font-weight: 400;\"><br \/>\n<\/span><\/li>\n<li><span style=\"font-weight: 400;\">Avec coffre de rangement&nbsp;<\/span><\/li>\n<li><span style=\"font-weight: 400;\">Compris dans le prix Mode d&#8217;emploi, dragonne, c\u00e2ble de chargement USB, 2 joints toriques de remplacement, 1 batterie 5000&nbsp;m Ah, 1 interrupteur \u00e0 bouton plat de d\u00e9clenchement \u00e0 distance, 1 kit de montage magn\u00e9tique extra fort pour corps tubulaire<\/span><\/li>\n<\/ul>\n","protected":false},"excerpt":{"rendered":"<p><span style=\"font-weight: 400;\">Avec la nouvelle lampe de poche T90R de Frustre, le fabricant de ces lampes de poche haute performance parvient \u00e0 transformer la nuit en jour<\/span><\/p>\n<p><span style=\"font-weight: 400;\">Le pilote LED command\u00e9 par microprocesseur maintient une luminosit\u00e9 presque constante, m\u00eame lorsque la puissance de la batterie diminue, et offre 4 modes d&rsquo;\u00e9clairage : Un niveau de luminosit\u00e9 \u00e9lev\u00e9, moyen, faible ou stroboscopique est disponible. Aluminium d\u2019a\u00e9ronautique extr\u00eamement robuste. Cette lampe de poche se caract\u00e9rise par son mat\u00e9riau tr\u00e8s l\u00e9ger et l\u2019utilisation rapide et facile qu\u2019elle permet. De plus, ce mod\u00e8le TR90R est \u00e9tanche IP68 et r\u00e9sistant aux chutes jusqu&rsquo;\u00e0 1 m\u00e8tre, ce qui le rend id\u00e9al pour les conditions extr\u00eames Gr\u00e2ce \u00e0 la s\u00e9lection facile du niveau de luminosit\u00e9, \u00e0 l&rsquo;allumage et l&rsquo;extinction avec l&rsquo;interrupteur lat\u00e9ral ainsi qu\u2019\u00e0 l&rsquo;aper\u00e7u en temps r\u00e9el de la batterie par l&rsquo;indicateur de niveau de charge tricolore cette lampe est parfaite pour chaque aventure.<\/span><\/p>\n","protected":false},"featured_media":144900,"comment_status":"closed","ping_status":"closed","template":"","meta":{"inline_featured_image":false},"product_brand":[],"product_cat":[1343,887],"product_tag":[],"class_list":{"0":"post-144951","1":"product","2":"type-product","3":"status-publish","4":"has-post-thumbnail","6":"product_cat-lampes-lampes-de-poche","7":"product_cat-accessoires","9":"first","10":"instock","11":"taxable","12":"shipping-taxable","13":"purchasable","14":"product-type-simple"},"_links":{"self":[{"href":"https:\/\/metal-badge.ch\/fr\/wp-json\/wp\/v2\/product\/144951","targetHints":{"allow":["GET"]}}],"collection":[{"href":"https:\/\/metal-badge.ch\/fr\/wp-json\/wp\/v2\/product"}],"about":[{"href":"https:\/\/metal-badge.ch\/fr\/wp-json\/wp\/v2\/types\/product"}],"replies":[{"embeddable":true,"href":"https:\/\/metal-badge.ch\/fr\/wp-json\/wp\/v2\/comments?post=144951"}],"wp:featuredmedia":[{"embeddable":true,"href":"https:\/\/metal-badge.ch\/fr\/wp-json\/wp\/v2\/media\/144900"}],"wp:attachment":[{"href":"https:\/\/metal-badge.ch\/fr\/wp-json\/wp\/v2\/media?parent=144951"}],"wp:term":[{"taxonomy":"product_brand","embeddable":true,"href":"https:\/\/metal-badge.ch\/fr\/wp-json\/wp\/v2\/product_brand?post=144951"},{"taxonomy":"product_cat","embeddable":true,"href":"https:\/\/metal-badge.ch\/fr\/wp-json\/wp\/v2\/product_cat?post=144951"},{"taxonomy":"product_tag","embeddable":true,"href":"https:\/\/metal-badge.ch\/fr\/wp-json\/wp\/v2\/product_tag?post=144951"}],"curies":[{"name":"wp","href":"https:\/\/api.w.org\/{rel}","templated":true}]}}