{"id":144895,"date":"2025-06-26T02:04:41","date_gmt":"2025-06-26T00:04:41","guid":{"rendered":"https:\/\/metal-badge.ch\/product\/144895\/quadruple-chargeur-de-piles-avec-affichage-led-pour-batteries-li-ion-ni-mh-ni-cd-aa-aaa-noir\/"},"modified":"2025-06-26T02:04:41","modified_gmt":"2025-06-26T00:04:41","slug":"quadruple-chargeur-de-piles-avec-affichage-led-pour-batteries-li-ion-ni-mh-ni-cd-aa-aaa-noir","status":"publish","type":"product","link":"https:\/\/metal-badge.ch\/fr\/product\/144895\/quadruple-chargeur-de-piles-avec-affichage-led-pour-batteries-li-ion-ni-mh-ni-cd-aa-aaa-noir\/","title":{"rendered":"Quadruple chargeur de piles avec affichage LED pour batteries Li-Ion \/ Ni-MH \/ Ni-CD AA \/ AAA &#8211; Noir"},"content":{"rendered":"<p><span style=\"font-weight: 400;\">Vous avez des piles rechargeables \u00e0 la maison, mais vous n&rsquo;avez pas de chargeur&nbsp;?<\/span><\/p>\n<p><span style=\"font-weight: 400;\">Ce quadruple chargeur vous permet de charger quatre piles&nbsp;10440 \/ 14500 \/ 14650 \/ 18650 \/ 18500 \/ 18350 \/ 16340 \/ 16650 \/&nbsp; 26650 \/ 14500 \/ AA \/ AAA en m\u00eame temps. Il est possible de lire rapidement et facilement le niveau de charge de vos piles rechargeables sur l&rsquo;\u00e9cran LED pratique. Le design compact et mince et le poids l\u00e9ger permettent d&#8217;emporter le chargeur partout, ce qui le rend id\u00e9al pour les voyages et les d\u00e9placements. Un c\u00e2ble de connexion \/ charge est \u00e9galement compris.<\/span><\/p>\n<p><b>Informations sur le produit :<\/b><\/p>\n<ul>\n<li><span style=\"font-weight: 400;\">D\u00e9signation : Chargeur de piles li-ion avec 4 emplacements&nbsp;<\/span><\/li>\n<li><span style=\"font-weight: 400;\">Mod\u00e8le : MS-484AD<\/span><\/li>\n<li><span style=\"font-weight: 400;\">Design compact et fin<\/span><\/li>\n<li><span style=\"font-weight: 400;\">Couleur : noir&nbsp;<\/span><\/li>\n<li><span style=\"font-weight: 400;\">Mat\u00e9riau : plastique&nbsp;<\/span><\/li>\n<li><span style=\"font-weight: 400;\">Tension de sortie : CC 4,2&nbsp;V \/ 2400 mA<\/span><\/li>\n<li><span style=\"font-weight: 400;\">Entr\u00e9e&nbsp;: CA100&nbsp;V-240&nbsp;V 50\/60&nbsp;H<\/span><\/li>\n<li><span style=\"font-weight: 400;\">Longueur du c\u00e2ble&nbsp;: env. 60 cm<\/span><\/li>\n<li><span style=\"font-weight: 400;\">Poids : 180 g.&nbsp;<\/span><\/li>\n<li><span style=\"font-weight: 400;\">Taille : 12 cm x 13 cm x 4 cm<\/span><\/li>\n<li><span style=\"font-weight: 400;\">Quatre piles peuvent \u00eatre recharg\u00e9es simultan\u00e9ment<\/span><\/li>\n<li><span style=\"font-weight: 400;\">Compatible avec les piles 10440 \/ 14500 \/ 14650 \/ 18650 \/ 18500 \/ 18350 \/ 16340 \/ 16650 \/&nbsp; 26650 \/ 14500 \/ AA \/ AAA<\/span><\/li>\n<li><span style=\"font-weight: 400;\">Affichage LED pratique du niveau de charge de la pile<\/span><\/li>\n<\/ul>\n","protected":false},"excerpt":{"rendered":"<p><span style=\"font-weight: 400;\">Vous avez des piles rechargeables \u00e0 la maison, mais vous n&rsquo;avez pas de chargeur&nbsp;?<\/span><\/p>\n<p><span style=\"font-weight: 400;\">Ce quadruple chargeur vous permet de charger quatre piles&nbsp;10440 \/ 14500 \/ 14650 \/ 18650 \/ 18500 \/ 18350 \/ 16340 \/ 16650 \/&nbsp; 26650 \/ 14500 \/ AA \/ AAA en m\u00eame temps. Il est possible de lire rapidement et facilement le niveau de charge de vos piles rechargeables sur l&rsquo;\u00e9cran LED pratique. Le design compact et mince et le poids l\u00e9ger permettent d&#8217;emporter le chargeur partout, ce qui le rend id\u00e9al pour les voyages et les d\u00e9placements. Un c\u00e2ble de connexion \/ charge est \u00e9galement compris.<\/span><\/p>\n","protected":false},"featured_media":144880,"comment_status":"closed","ping_status":"closed","template":"","meta":{"inline_featured_image":false},"product_brand":[],"product_cat":[1343,887],"product_tag":[],"class_list":{"0":"post-144895","1":"product","2":"type-product","3":"status-publish","4":"has-post-thumbnail","6":"product_cat-lampes-lampes-de-poche","7":"product_cat-accessoires","9":"first","10":"instock","11":"taxable","12":"shipping-taxable","13":"purchasable","14":"product-type-simple"},"_links":{"self":[{"href":"https:\/\/metal-badge.ch\/fr\/wp-json\/wp\/v2\/product\/144895","targetHints":{"allow":["GET"]}}],"collection":[{"href":"https:\/\/metal-badge.ch\/fr\/wp-json\/wp\/v2\/product"}],"about":[{"href":"https:\/\/metal-badge.ch\/fr\/wp-json\/wp\/v2\/types\/product"}],"replies":[{"embeddable":true,"href":"https:\/\/metal-badge.ch\/fr\/wp-json\/wp\/v2\/comments?post=144895"}],"wp:featuredmedia":[{"embeddable":true,"href":"https:\/\/metal-badge.ch\/fr\/wp-json\/wp\/v2\/media\/144880"}],"wp:attachment":[{"href":"https:\/\/metal-badge.ch\/fr\/wp-json\/wp\/v2\/media?parent=144895"}],"wp:term":[{"taxonomy":"product_brand","embeddable":true,"href":"https:\/\/metal-badge.ch\/fr\/wp-json\/wp\/v2\/product_brand?post=144895"},{"taxonomy":"product_cat","embeddable":true,"href":"https:\/\/metal-badge.ch\/fr\/wp-json\/wp\/v2\/product_cat?post=144895"},{"taxonomy":"product_tag","embeddable":true,"href":"https:\/\/metal-badge.ch\/fr\/wp-json\/wp\/v2\/product_tag?post=144895"}],"curies":[{"name":"wp","href":"https:\/\/api.w.org\/{rel}","templated":true}]}}