{"id":144711,"date":"2025-06-25T22:28:48","date_gmt":"2025-06-25T20:28:48","guid":{"rendered":"https:\/\/metal-badge.ch\/?post_type=product&#038;p=144711"},"modified":"2025-06-25T23:07:44","modified_gmt":"2025-06-25T21:07:44","slug":"veste-de-foret-timbermen-avec-pantalon-allround","status":"publish","type":"product","link":"https:\/\/metal-badge.ch\/fr\/product\/144711\/veste-de-foret-timbermen-avec-pantalon-allround\/","title":{"rendered":"Veste de for\u00eat Timbermen avec pantalon Allround"},"content":{"rendered":"<p><span style=\"font-weight: 400;\">La veste de for\u00eat <\/span><b>Timbermen<\/b><span style=\"font-weight: 400;\"> robuste et polyvalente avec pantalon Allround offre le plus grand confort et est tr\u00e8s respirable. Elle est id\u00e9ale pour une utilisation professionnelle en sylviculture, en for\u00eat et dans la nature.<\/span><\/p>\n<p><span style=\"font-weight: 400;\">La veste de for\u00eat avec pantalon est le v\u00eatement id\u00e9al pour effectuer des travaux de sylviculture et paysagistes. L\u2019ensemble est fabriqu\u00e9 avec 90&nbsp;% de polyester et 10&nbsp;% d\u2019\u00e9lasthanne, et les coudes, les genoux, les fessiers et l&rsquo;entrejambe sont prot\u00e9g\u00e9s par un tissu Cordura imperm\u00e9able. Ses couleurs vives et la bande r\u00e9fl\u00e9chissante vous assurent de rester visible \u00e0 tout moment. Le tissu en polyester extensible et respirant assure un confort optimal. Le pantalon est \u00e9quip\u00e9 de deux grandes poches zipp\u00e9es \u00e0 gauche et \u00e0 droite sur le devant ainsi que de deux grandes poches sur les jambes avec fermeture velcro des deux c\u00f4t\u00e9s, et d&rsquo;une poche arri\u00e8re \u00e0 droite avec fermeture \u00e9clair. Le pantalon est \u00e9galement dot\u00e9 d&rsquo;ouvertures de ventilation zipp\u00e9es des deux c\u00f4t\u00e9s au niveau de l&rsquo;arri\u00e8re du genou. L&rsquo;int\u00e9rieur du pantalon et de la veste est muni d&rsquo;un tissu en maille absorbant la transpiration. La ceinture est \u00e9lastique et compte 5 passants. La braguette est \u00e9quip\u00e9e d&rsquo;un bouton-pression et d&rsquo;une fermeture \u00e9clair YKK.&nbsp;<\/span><\/p>\n<p><span style=\"font-weight: 400;\">Veste de travail l\u00e9g\u00e8re et extensible dans des couleurs vives pour une visibilit\u00e9 accrue. Les poignets int\u00e9rieurs \u00e9lastiques extensibles des deux c\u00f4t\u00e9s, col montant, deux grandes poches ext\u00e9rieures zipp\u00e9es, deux poches poitrine zipp\u00e9es et une poche int\u00e9rieure Velcro compl\u00e8tent le design.&nbsp;<\/span><\/p>\n<p><b>Informations sur le produit :&nbsp;<\/b><\/p>\n<ul>\n<li><span style=\"font-weight: 400;\">D\u00e9signation : Veste de for\u00eat Timbermen avec pantalon Allround<\/span><\/li>\n<li><span style=\"font-weight: 400;\">Excellente respirabilit\u00e9<\/span><\/li>\n<li><span style=\"font-weight: 400;\">Fermetures \u00e0 glissi\u00e8re anti-salissures<\/span><\/li>\n<li><span style=\"font-weight: 400;\">Agr\u00e9ablement l\u00e9g\u00e8re et confortable \u00e0 porter<\/span><\/li>\n<li><span style=\"font-weight: 400;\">Mat\u00e9riau : 90&nbsp;% polyester \/ 10&nbsp;% \u00e9lasthanne<\/span><\/li>\n<li><span style=\"font-weight: 400;\">Tissu en cordura \u00e9tanche renforc\u00e9 aux fesses, aux genoux et aux coudes<\/span><\/li>\n<li><span style=\"font-weight: 400;\">Couleur&nbsp;: rouge \/ jaune fluo \/ noir<\/span><\/li>\n<li><span style=\"font-weight: 400;\">GSM&nbsp;: 160 g\/m\u00b2<\/span><\/li>\n<li><span style=\"font-weight: 400;\">Tissu int\u00e9rieur : tissu en maille absorbant la transpiration&nbsp;<\/span><\/li>\n<li><span style=\"font-weight: 400;\">Pantalon&nbsp;: Ouverture de ventilation \u00e0 fermeture \u00e9clair des deux c\u00f4t\u00e9s au niveau des genoux<\/span><\/li>\n<li><span style=\"font-weight: 400;\">Protection anti-coupe<\/span><\/li>\n<\/ul>\n<p><b>Pantalon&nbsp;:&nbsp;<\/b><\/p>\n<ul>\n<li><span style=\"font-weight: 400;\">2 poches avant \u00e0 fermeture \u00e9clair<\/span><\/li>\n<li><span style=\"font-weight: 400;\">2 poches \u00e0 velcro sur les jambes&nbsp;<\/span><\/li>\n<li><span style=\"font-weight: 400;\">1 poche arri\u00e8re \u00e0 fermeture \u00e9clair, \u00e0 droite<\/span><\/li>\n<li><span style=\"font-weight: 400;\">Ceinture \u00e9lastique&nbsp;<\/span><\/li>\n<li><span style=\"font-weight: 400;\">5 passants de ceinture de 7 cm de hauteur<\/span><\/li>\n<li><span style=\"font-weight: 400;\">Braguette avec un bouton-pression et d&rsquo;une fermeture \u00e9clair YKK<\/span><\/li>\n<\/ul>\n<p><b>Veste&nbsp;:&nbsp;<\/b><\/p>\n<ul>\n<li><span style=\"font-weight: 400;\">Avec bandes r\u00e9fl\u00e9chissantes sur tout le pourtour<\/span><\/li>\n<li><span style=\"font-weight: 400;\">Col montant \/ col rabattu<\/span><\/li>\n<li><span style=\"font-weight: 400;\">2 poches \u00e0 fermeture \u00e9clair sur la poitrine<\/span><\/li>\n<li><span style=\"font-weight: 400;\">2 poches ext\u00e9rieures \u00e0 fermeture \u00e9clair&nbsp;<\/span><\/li>\n<li><span style=\"font-weight: 400;\">1 poche int\u00e9rieure \u00e0 velcro \u00e0 gauche<\/span><\/li>\n<li><span style=\"font-weight: 400;\">Finitions \u00e9lastiques des deux c\u00f4t\u00e9s \u00e0 l&rsquo;int\u00e9rieur des manches<\/span><\/li>\n<\/ul>\n<p><b>Instructions d&rsquo;entretien :<\/b><\/p>\n<ul>\n<li><span style=\"font-weight: 400;\">Lavage en machine 40\u00ba&nbsp;C<\/span><\/li>\n<li><span style=\"font-weight: 400;\">Ne pas repasser<\/span><\/li>\n<li><span style=\"font-weight: 400;\">Poids : 820 g (taille L) (Pantalon avec veste)<\/span><\/li>\n<li><span style=\"font-weight: 400;\">Taille : S, M, L, XL, 2XL, 3XL&nbsp;<\/span><\/li>\n<li><span style=\"font-weight: 400;\">Prix pantalon avec veste<\/span><\/li>\n<\/ul>\n","protected":false},"excerpt":{"rendered":"<p><span style=\"font-weight: 400;\">La veste de for\u00eat <\/span><b>Timbermen<\/b><span style=\"font-weight: 400;\"> robuste et polyvalente avec pantalon Allround offre le plus grand confort et est tr\u00e8s respirable. Elle est id\u00e9ale pour une utilisation professionnelle en sylviculture, en for\u00eat et dans la nature.<\/span><\/p>\n<p><span style=\"font-weight: 400;\">La veste de for\u00eat avec pantalon est le v\u00eatement id\u00e9al pour effectuer des travaux de sylviculture et paysagistes. L\u2019ensemble est fabriqu\u00e9 avec 90&nbsp;% de polyester et 10&nbsp;% d\u2019\u00e9lasthanne, et les coudes, les genoux, les fessiers et l&rsquo;entrejambe sont prot\u00e9g\u00e9s par un tissu Cordura imperm\u00e9able. Ses couleurs vives et la bande r\u00e9fl\u00e9chissante vous assurent de rester visible \u00e0 tout moment. <\/span><\/p>\n","protected":false},"featured_media":144791,"comment_status":"closed","ping_status":"closed","template":"","meta":{"inline_featured_image":false},"product_brand":[],"product_cat":[1606],"product_tag":[],"class_list":{"0":"post-144711","1":"product","2":"type-product","3":"status-publish","4":"has-post-thumbnail","6":"product_cat-vetements-haute-visibilite-et-lumineux","8":"first","9":"instock","10":"taxable","11":"shipping-taxable","12":"purchasable","13":"product-type-simple"},"_links":{"self":[{"href":"https:\/\/metal-badge.ch\/fr\/wp-json\/wp\/v2\/product\/144711","targetHints":{"allow":["GET"]}}],"collection":[{"href":"https:\/\/metal-badge.ch\/fr\/wp-json\/wp\/v2\/product"}],"about":[{"href":"https:\/\/metal-badge.ch\/fr\/wp-json\/wp\/v2\/types\/product"}],"replies":[{"embeddable":true,"href":"https:\/\/metal-badge.ch\/fr\/wp-json\/wp\/v2\/comments?post=144711"}],"wp:featuredmedia":[{"embeddable":true,"href":"https:\/\/metal-badge.ch\/fr\/wp-json\/wp\/v2\/media\/144791"}],"wp:attachment":[{"href":"https:\/\/metal-badge.ch\/fr\/wp-json\/wp\/v2\/media?parent=144711"}],"wp:term":[{"taxonomy":"product_brand","embeddable":true,"href":"https:\/\/metal-badge.ch\/fr\/wp-json\/wp\/v2\/product_brand?post=144711"},{"taxonomy":"product_cat","embeddable":true,"href":"https:\/\/metal-badge.ch\/fr\/wp-json\/wp\/v2\/product_cat?post=144711"},{"taxonomy":"product_tag","embeddable":true,"href":"https:\/\/metal-badge.ch\/fr\/wp-json\/wp\/v2\/product_tag?post=144711"}],"curies":[{"name":"wp","href":"https:\/\/api.w.org\/{rel}","templated":true}]}}