{"id":144651,"date":"2025-06-25T21:43:53","date_gmt":"2025-06-25T19:43:53","guid":{"rendered":"https:\/\/metal-badge.ch\/?post_type=product&#038;p=144651"},"modified":"2025-06-25T21:53:44","modified_gmt":"2025-06-25T19:53:44","slug":"pantalon-de-protection-et-davertissement-robuste-en-jaune-fluo-et-noir","status":"publish","type":"product","link":"https:\/\/metal-badge.ch\/fr\/product\/144651\/pantalon-de-protection-et-davertissement-robuste-en-jaune-fluo-et-noir\/","title":{"rendered":"Pantalon de protection et d\u2019avertissement robuste en jaune fluo et noir"},"content":{"rendered":"<p><span style=\"font-weight: 400;\">Le pantalon de travail jaune fluo avec des bandes r\u00e9fl\u00e9chissantes est conforme aux exigences de la norme EN 20471 et garantit ainsi une visibilit\u00e9 et une s\u00e9curit\u00e9 \u00e9lev\u00e9es dans des conditions de faible luminosit\u00e9 ou dans le noir. La couleur fluo voyante et les \u00e9l\u00e9ments r\u00e9fl\u00e9chissants plac\u00e9s strat\u00e9giquement permettent \u00e0 son porteur d&rsquo;\u00eatre bien visible m\u00eame \u00e0 grande distance, ce qui est crucial pour la s\u00e9curit\u00e9, notamment dans des domaines tels que la construction de routes, les chantiers ou les travaux en plein air.&nbsp;<\/span><\/p>\n<p><span style=\"font-weight: 400;\">Ce pantalon de signalisation est parfait pour le travail quotidien. Il est insalissable et offre une haute visibilit\u00e9 conform\u00e9ment \u00e0 la norme EN ISO 20471 &#8211; classe 2 et au groupe Hi-Vis (haute visibilit\u00e9). Le pantalon de travail HiVis est fabriqu\u00e9 dans un tissu Star particuli\u00e8rement robuste. Celui-ci se caract\u00e9rise par sa grande durabilit\u00e9. De plus, le pantalon dispose de deux poches arri\u00e8re avec fermeture \u00e9clair, de poches pratiques pour les mains qui offrent suffisamment de place pour les outils, les smartphones et autres ustensiles de travail afin de les garder \u00e0 port\u00e9e de main. La finition robuste et les coutures renforc\u00e9es rendent le pantalon particuli\u00e8rement durable et r\u00e9sistant, tandis que la coupe ergonomique assure un grand confort, m\u00eame pendant de longues heures de travail. Les \u00e9l\u00e9ments passepoil\u00e9s r\u00e9fl\u00e9chissants assurent une visibilit\u00e9 encore plus grande sur tout le contour.<\/span><span style=\"font-weight: 400;\">&nbsp;<\/span><\/p>\n<p><span style=\"font-weight: 400;\">Ce pantalon de travail est donc le choix parfait pour tous ceux qui travaillent dans des environnements o\u00f9 la s\u00e9curit\u00e9 est primordiale, mais cherchent tout de m\u00eame un v\u00eatement pratique et confortable.<\/span><\/p>\n<p><b>Informations sur le produit :&nbsp;<\/b><\/p>\n<ul>\n<li><span style=\"font-weight: 400;\">D\u00e9signation : Pantalon de protection et d&rsquo;avertissement<\/span><\/li>\n<li><span style=\"font-weight: 400;\">Couleur : Jaune fluo \/ noir&nbsp;<\/span><\/li>\n<li><span style=\"font-weight: 400;\">2 poches avant spacieuses<\/span><\/li>\n<li><span style=\"font-weight: 400;\">2 poches arri\u00e8re avec fermeture \u00e9clair<\/span><\/li>\n<li><span style=\"font-weight: 400;\">2 poches pour stylos<\/span><\/li>\n<li><span style=\"font-weight: 400;\">1 sac \u00e0 lampe ou sac \u00e0 outils droit de 22 cm<\/span><\/li>\n<li><span style=\"font-weight: 400;\">Sangle pour marteau et poche pour m\u00e8tre sur la jambe droite du pantalon<\/span><\/li>\n<li><span style=\"font-weight: 400;\">Ceinture \u00e9lastique sur le c\u00f4t\u00e9<\/span><\/li>\n<li><span style=\"font-weight: 400;\">Passants de ceinture de 6 cm<\/span><\/li>\n<li><span style=\"font-weight: 400;\">Poche sur la jambe avec fermeture \u00e9clair<\/span><\/li>\n<li><span style=\"font-weight: 400;\">Haute visibilit\u00e9<\/span><\/li>\n<li><span style=\"font-weight: 400;\">Tr\u00e8s facile d&rsquo;entretien et s\u00e9chage rapide<\/span><\/li>\n<li><span style=\"font-weight: 400;\">Bonne respirabilit\u00e9 et doux au contact de la peau, et grande durabilit\u00e9<\/span><\/li>\n<li><span style=\"font-weight: 400;\">Insalissable<\/span><\/li>\n<li><span style=\"font-weight: 400;\">Coupe ergonomique des jambes<\/span><\/li>\n<li><span style=\"font-weight: 400;\">Braguette avec bouton et fermeture \u00e9clair<\/span><\/li>\n<li><span style=\"font-weight: 400;\">Bandes r\u00e9fl\u00e9chissantes de haute qualit\u00e9 de 7 cm appos\u00e9es sur tout le pourtour<\/span><\/li>\n<li><span style=\"font-weight: 400;\">Mat\u00e9riaux hydrofuges<\/span><\/li>\n<li><span style=\"font-weight: 400;\">EN ISO 20471 &#8211; Classe 2<\/span><\/li>\n<li><span style=\"font-weight: 400;\">Groupe Hi-Vis<\/span><\/li>\n<li><span style=\"font-weight: 400;\">Instructions d\u2019entretien&nbsp;: Lavage en machine 60\u00ba&nbsp;<\/span><\/li>\n<li><span style=\"font-weight: 400;\">Mat\u00e9riau : 9&nbsp;% \u00e9lasthanne 91&nbsp;% polyester star&nbsp;<\/span><\/li>\n<li><span style=\"font-weight: 400;\">GSM&nbsp;: 260 GSM<\/span><\/li>\n<li><span style=\"font-weight: 400;\">Poids approx. pour taille L&nbsp;: 475 g.&nbsp;<\/span><\/li>\n<li><span style=\"font-weight: 400;\">Tailles : S \/ M \/ L \/ XL \/ 2XL <\/span><\/li>\n<\/ul>\n","protected":false},"excerpt":{"rendered":"<p><span style=\"font-weight: 400;\">Le pantalon de travail jaune fluo avec des bandes r\u00e9fl\u00e9chissantes est conforme aux exigences de la norme EN 20471 et garantit ainsi une visibilit\u00e9 et une s\u00e9curit\u00e9 \u00e9lev\u00e9es dans des conditions de faible luminosit\u00e9 ou dans le noir. La couleur fluo voyante et les \u00e9l\u00e9ments r\u00e9fl\u00e9chissants plac\u00e9s strat\u00e9giquement permettent \u00e0 son porteur d&rsquo;\u00eatre bien visible m\u00eame \u00e0 grande distance, ce qui est crucial pour la s\u00e9curit\u00e9, notamment dans des domaines tels que la construction de routes, les chantiers ou les travaux en plein air.&nbsp;<\/span><\/p>\n","protected":false},"featured_media":144655,"comment_status":"closed","ping_status":"closed","template":"","meta":{"inline_featured_image":false},"product_brand":[],"product_cat":[1614,1606],"product_tag":[],"class_list":{"0":"post-144651","1":"product","2":"type-product","3":"status-publish","4":"has-post-thumbnail","6":"product_cat-pantalons-et-shorts","7":"product_cat-vetements-haute-visibilite-et-lumineux","9":"first","10":"instock","11":"taxable","12":"shipping-taxable","13":"purchasable","14":"product-type-simple"},"_links":{"self":[{"href":"https:\/\/metal-badge.ch\/fr\/wp-json\/wp\/v2\/product\/144651","targetHints":{"allow":["GET"]}}],"collection":[{"href":"https:\/\/metal-badge.ch\/fr\/wp-json\/wp\/v2\/product"}],"about":[{"href":"https:\/\/metal-badge.ch\/fr\/wp-json\/wp\/v2\/types\/product"}],"replies":[{"embeddable":true,"href":"https:\/\/metal-badge.ch\/fr\/wp-json\/wp\/v2\/comments?post=144651"}],"wp:featuredmedia":[{"embeddable":true,"href":"https:\/\/metal-badge.ch\/fr\/wp-json\/wp\/v2\/media\/144655"}],"wp:attachment":[{"href":"https:\/\/metal-badge.ch\/fr\/wp-json\/wp\/v2\/media?parent=144651"}],"wp:term":[{"taxonomy":"product_brand","embeddable":true,"href":"https:\/\/metal-badge.ch\/fr\/wp-json\/wp\/v2\/product_brand?post=144651"},{"taxonomy":"product_cat","embeddable":true,"href":"https:\/\/metal-badge.ch\/fr\/wp-json\/wp\/v2\/product_cat?post=144651"},{"taxonomy":"product_tag","embeddable":true,"href":"https:\/\/metal-badge.ch\/fr\/wp-json\/wp\/v2\/product_tag?post=144651"}],"curies":[{"name":"wp","href":"https:\/\/api.w.org\/{rel}","templated":true}]}}