{"id":144631,"date":"2025-06-25T20:32:29","date_gmt":"2025-06-25T18:32:29","guid":{"rendered":"https:\/\/metal-badge.ch\/?post_type=product&#038;p=144631"},"modified":"2025-06-25T20:37:30","modified_gmt":"2025-06-25T18:37:30","slug":"short-pour-les-loisirs-a-sechage-rapide-couleur-camouflage-sand","status":"publish","type":"product","link":"https:\/\/metal-badge.ch\/fr\/product\/144631\/short-pour-les-loisirs-a-sechage-rapide-couleur-camouflage-sand\/","title":{"rendered":"Short pour les loisirs \u00e0 s\u00e9chage rapide, couleur camouflage &#8211; Sand"},"content":{"rendered":"<p><span style=\"font-weight: 400;\">Ce <\/span><b>short camouflage<\/b><span style=\"font-weight: 400;\"> en <\/span><b>polyester<\/b><span style=\"font-weight: 400;\"> r\u00e9sistant offre une combinaison parfaite de confort et de fonctionnalit\u00e9. La <\/span><b>ceinture \u00e9lastique<\/b><span style=\"font-weight: 400;\"> avec <\/span><b>cordon<\/b><span style=\"font-weight: 400;\"> int\u00e9gr\u00e9 offre une coupe r\u00e9glable et assure une bonne tenue. Deux <\/span><b>poches avant \u00e0 fermeture \u00e9clair<\/b><span style=\"font-weight: 400;\"> offrent un espace de stockage pour les objets personnels. Avec son design moderne et pratique, ce short est id\u00e9al pour les activit\u00e9s sportives, les aventures en plein air ou la vie quotidienne.<\/span><\/p>\n<p><b>Informations sur le produit :<\/b><\/p>\n<ul>\n<li><span style=\"font-weight: 400;\">D\u00e9signation : Short pour les loisirs Sand 351-S&nbsp;<\/span><\/li>\n<li><span style=\"font-weight: 400;\">Couleur&nbsp;: avant camouflage sable \/ arri\u00e8re noir&nbsp;<\/span><\/li>\n<li><span style=\"font-weight: 400;\">Mat\u00e9riau : 100&nbsp;% polyester<\/span><\/li>\n<li><span style=\"font-weight: 400;\">Ceinture \u00e9lastiqu\u00e9e&nbsp;<\/span><\/li>\n<li><span style=\"font-weight: 400;\">C\u00f4t\u00e9 avec deux petites bandes r\u00e9fl\u00e9chissantes<\/span><\/li>\n<li><span style=\"font-weight: 400;\">Cordon&nbsp;<\/span><\/li>\n<li><span style=\"font-weight: 400;\">2 grandes poches avant avec fermeture \u00e9clair&nbsp;<\/span><\/li>\n<li><span style=\"font-weight: 400;\">S\u00e9chage rapide<\/span><\/li>\n<li><span style=\"font-weight: 400;\">GSM 220&nbsp;<\/span><\/li>\n<li><span style=\"font-weight: 400;\">Poids&nbsp;: env. 160 g pour la taille L<\/span><\/li>\n<li><span style=\"font-weight: 400;\">Tailles : S \/ M \/ L \/ XL \/ 2XL&nbsp;<\/span><\/li>\n<\/ul>\n","protected":false},"excerpt":{"rendered":"<p><span style=\"font-weight: 400;\">Ce <\/span><b>short camouflage<\/b><span style=\"font-weight: 400;\"> en <\/span><b>polyester<\/b><span style=\"font-weight: 400;\"> r\u00e9sistant offre une combinaison parfaite de confort et de fonctionnalit\u00e9. La <\/span><b>ceinture \u00e9lastique<\/b><span style=\"font-weight: 400;\"> avec <\/span><b>cordon<\/b><span style=\"font-weight: 400;\"> int\u00e9gr\u00e9 offre une coupe r\u00e9glable et assure une bonne tenue. Deux <\/span><b>poches avant \u00e0 fermeture \u00e9clair<\/b><span style=\"font-weight: 400;\"> offrent un espace de stockage pour les objets personnels. Avec son design moderne et pratique, ce short est id\u00e9al pour les activit\u00e9s sportives, les aventures en plein air ou la vie quotidienne.<\/span><\/p>\n","protected":false},"featured_media":144635,"comment_status":"closed","ping_status":"closed","template":"","meta":{"inline_featured_image":false},"product_brand":[],"product_cat":[2189,1614],"product_tag":[],"class_list":{"0":"post-144631","1":"product","2":"type-product","3":"status-publish","4":"has-post-thumbnail","6":"product_cat-vetementsdeloisirs","7":"product_cat-pantalons-et-shorts","9":"first","10":"instock","11":"taxable","12":"shipping-taxable","13":"purchasable","14":"product-type-simple"},"_links":{"self":[{"href":"https:\/\/metal-badge.ch\/fr\/wp-json\/wp\/v2\/product\/144631","targetHints":{"allow":["GET"]}}],"collection":[{"href":"https:\/\/metal-badge.ch\/fr\/wp-json\/wp\/v2\/product"}],"about":[{"href":"https:\/\/metal-badge.ch\/fr\/wp-json\/wp\/v2\/types\/product"}],"replies":[{"embeddable":true,"href":"https:\/\/metal-badge.ch\/fr\/wp-json\/wp\/v2\/comments?post=144631"}],"wp:featuredmedia":[{"embeddable":true,"href":"https:\/\/metal-badge.ch\/fr\/wp-json\/wp\/v2\/media\/144635"}],"wp:attachment":[{"href":"https:\/\/metal-badge.ch\/fr\/wp-json\/wp\/v2\/media?parent=144631"}],"wp:term":[{"taxonomy":"product_brand","embeddable":true,"href":"https:\/\/metal-badge.ch\/fr\/wp-json\/wp\/v2\/product_brand?post=144631"},{"taxonomy":"product_cat","embeddable":true,"href":"https:\/\/metal-badge.ch\/fr\/wp-json\/wp\/v2\/product_cat?post=144631"},{"taxonomy":"product_tag","embeddable":true,"href":"https:\/\/metal-badge.ch\/fr\/wp-json\/wp\/v2\/product_tag?post=144631"}],"curies":[{"name":"wp","href":"https:\/\/api.w.org\/{rel}","templated":true}]}}