{"id":144530,"date":"2025-06-24T20:40:44","date_gmt":"2025-06-24T18:40:45","guid":{"rendered":"https:\/\/metal-badge.ch\/?post_type=product&#038;p=144530"},"modified":"2025-06-24T20:53:41","modified_gmt":"2025-06-24T18:53:41","slug":"coupe-vent-ultraleger-beige","status":"publish","type":"product","link":"https:\/\/metal-badge.ch\/fr\/product\/144530\/coupe-vent-ultraleger-beige\/","title":{"rendered":"Coupe-vent ultral\u00e9ger beige"},"content":{"rendered":"<p><span style=\"font-weight: 400;\">Une veste de running extr\u00eamement l\u00e9g\u00e8re, coupe-vent et d\u00e9perlante, en nylon fonctionnel. Un mod\u00e8le l\u00e9ger comme une plume. Il ne p\u00e8se que 110 grammes. Cette veste est id\u00e9ale pour tous les types de course. Elle compte une capuche enroulable et prend tr\u00e8s peu de place pour \u00eatre rang\u00e9e. Cette veste coupe-vent se glisse facilement dans une poche de pantalon.<\/span><\/p>\n<p><b>Informations sur le produit :<\/b><\/p>\n<ul>\n<li><span style=\"font-weight: 400;\">Id\u00e9al pour tous les types de sports de course<\/span><span style=\"font-weight: 400;\"><br \/>\n<\/span><\/li>\n<li><span style=\"font-weight: 400;\">Ultra-l\u00e9g\u00e8re et coupe-vent<\/span><span style=\"font-weight: 400;\"><br \/>\n<\/span><\/li>\n<li><span style=\"font-weight: 400;\">R\u00e9sistante \u00e0 l&rsquo;eau et \u00e0 la salet\u00e9<\/span><span style=\"font-weight: 400;\"><br \/>\n<\/span><\/li>\n<li><span style=\"font-weight: 400;\">Mati\u00e8re&nbsp;: 100&nbsp;% nylon, mati\u00e8re l\u00e9g\u00e8re<\/span><span style=\"font-weight: 400;\"><br \/>\n<\/span><\/li>\n<li><span style=\"font-weight: 400;\">Capuche \u00e0 cordon<\/span><span style=\"font-weight: 400;\"><br \/>\n<\/span><\/li>\n<li><span style=\"font-weight: 400;\">Cordon \u00e0 la taille<\/span><span style=\"font-weight: 400;\"><br \/>\n<\/span><\/li>\n<li><span style=\"font-weight: 400;\">Fermeture \u00e9clair compl\u00e8te pour la mettre et <\/span><\/li>\n<li><span style=\"font-weight: 400;\">l\u2019enlever rapidement<\/span><span style=\"font-weight: 400;\"><br \/>\n<\/span><\/li>\n<li><span style=\"font-weight: 400;\">2 poches ext\u00e9rieures avec fermeture \u00e9clair<\/span><span style=\"font-weight: 400;\"><br \/>\n<\/span><\/li>\n<li><span style=\"font-weight: 400;\">Les poignets \u00e9lastiqu\u00e9s assurent une tenue parfaite<\/span><\/li>\n<li><span style=\"font-weight: 400;\">GSM&nbsp;: 200<\/span><span style=\"font-weight: 400;\"><br \/>\n<\/span><\/li>\n<li><span style=\"font-weight: 400;\">Poids&nbsp;: 110 g.<\/span><span style=\"font-weight: 400;\"><br \/>\n<\/span><\/li>\n<li><span style=\"font-weight: 400;\">Couleur&nbsp;: Beige \/ fermeture \u00e9clair noire<\/span><\/li>\n<\/ul>\n","protected":false},"excerpt":{"rendered":"<p><span style=\"font-weight: 400;\">Une veste de running extr\u00eamement l\u00e9g\u00e8re, coupe-vent et d\u00e9perlante, en nylon fonctionnel. Un mod\u00e8le l\u00e9ger comme une plume. Il ne p\u00e8se que 110 grammes. Cette veste est id\u00e9ale pour tous les types de course. Elle compte une capuche enroulable et prend tr\u00e8s peu de place pour \u00eatre rang\u00e9e. Cette veste coupe-vent se glisse facilement dans une poche de pantalon.<\/span><\/p>\n","protected":false},"featured_media":144534,"comment_status":"closed","ping_status":"closed","template":"","meta":{"inline_featured_image":false},"product_brand":[],"product_cat":[2189,1598],"product_tag":[],"class_list":{"0":"post-144530","1":"product","2":"type-product","3":"status-publish","4":"has-post-thumbnail","6":"product_cat-vetementsdeloisirs","7":"product_cat-coupe-vent","9":"first","10":"instock","11":"taxable","12":"shipping-taxable","13":"purchasable","14":"product-type-simple"},"_links":{"self":[{"href":"https:\/\/metal-badge.ch\/fr\/wp-json\/wp\/v2\/product\/144530","targetHints":{"allow":["GET"]}}],"collection":[{"href":"https:\/\/metal-badge.ch\/fr\/wp-json\/wp\/v2\/product"}],"about":[{"href":"https:\/\/metal-badge.ch\/fr\/wp-json\/wp\/v2\/types\/product"}],"replies":[{"embeddable":true,"href":"https:\/\/metal-badge.ch\/fr\/wp-json\/wp\/v2\/comments?post=144530"}],"wp:featuredmedia":[{"embeddable":true,"href":"https:\/\/metal-badge.ch\/fr\/wp-json\/wp\/v2\/media\/144534"}],"wp:attachment":[{"href":"https:\/\/metal-badge.ch\/fr\/wp-json\/wp\/v2\/media?parent=144530"}],"wp:term":[{"taxonomy":"product_brand","embeddable":true,"href":"https:\/\/metal-badge.ch\/fr\/wp-json\/wp\/v2\/product_brand?post=144530"},{"taxonomy":"product_cat","embeddable":true,"href":"https:\/\/metal-badge.ch\/fr\/wp-json\/wp\/v2\/product_cat?post=144530"},{"taxonomy":"product_tag","embeddable":true,"href":"https:\/\/metal-badge.ch\/fr\/wp-json\/wp\/v2\/product_tag?post=144530"}],"curies":[{"name":"wp","href":"https:\/\/api.w.org\/{rel}","templated":true}]}}