{"id":144506,"date":"2025-06-24T20:20:12","date_gmt":"2025-06-24T18:20:13","guid":{"rendered":"https:\/\/metal-badge.ch\/?post_type=product&#038;p=144506"},"modified":"2025-06-24T20:28:10","modified_gmt":"2025-06-24T18:28:10","slug":"debardeur-de-sport-et-pour-les-loisirs-a-sechage-rapide-avec-encolure-ronde-jaune-blanc","status":"publish","type":"product","link":"https:\/\/metal-badge.ch\/fr\/product\/144506\/debardeur-de-sport-et-pour-les-loisirs-a-sechage-rapide-avec-encolure-ronde-jaune-blanc\/","title":{"rendered":"D\u00e9bardeur de sport et pour les loisirs \u00e0 s\u00e9chage rapide, avec encolure ronde &#8211; jaune \/ blanc"},"content":{"rendered":"<p><span style=\"font-weight: 400;\">Ce d\u00e9bardeur de sport \u00e0 encolure ronde est fabriqu\u00e9 en 100 % polyester et se caract\u00e9rise par ses propri\u00e9t\u00e9s de s\u00e9chage rapide. Il \u00e9vacue efficacement l&rsquo;humidit\u00e9 et vous maintient au sec et \u00e0 votre aise pendant les entra\u00eenements intensifs. Le tissu \u00e9lastique assure un ajustement optimal et garantit votre libert\u00e9 de mouvement. De plus, le d\u00e9bardeur reste frais m\u00eame lorsqu&rsquo;il est port\u00e9 longtemps gr\u00e2ce aux propri\u00e9t\u00e9s du mat\u00e9riau qui ne g\u00e9n\u00e8re pas de mauvaises odeurs. Disponible en plusieurs tailles, c&rsquo;est le choix id\u00e9al pour le sport, le fitness ou les activit\u00e9s de plein air.<\/span><\/p>\n<p><b>Informations sur le produit :<\/b><\/p>\n<ul>\n<li><span style=\"font-weight: 400;\">D\u00e9signation : D\u00e9bardeur de sport avec encolure ronde G28&nbsp;<\/span><\/li>\n<li><span style=\"font-weight: 400;\">Couleur : jaune \/ blanc&nbsp;<\/span><\/li>\n<li><span style=\"font-weight: 400;\">Mat\u00e9riau : 100&nbsp;% polyester<\/span><\/li>\n<li><span style=\"font-weight: 400;\">T-shirt en mati\u00e8re extensible au design classique<\/span><\/li>\n<li><span style=\"font-weight: 400;\">\u00c9lastique et \u00e0 s\u00e9chage rapide&nbsp;<\/span><\/li>\n<li><span style=\"font-weight: 400;\">Respirant&nbsp;<\/span><\/li>\n<li><span style=\"font-weight: 400;\">Inodore<\/span><\/li>\n<li><span style=\"font-weight: 400;\">Absorbe la transpiration&nbsp;<\/span><\/li>\n<li><span style=\"font-weight: 400;\">L\u00e9ger et r\u00e9gulateur d&rsquo;humidit\u00e9<\/span><\/li>\n<li><span style=\"font-weight: 400;\">R\u00e9gulation de la temp\u00e9rature et \u00e9vacuation de l&rsquo;humidit\u00e9<\/span><\/li>\n<li><span style=\"font-weight: 400;\">Design sportif bicolore<\/span><\/li>\n<li><span style=\"font-weight: 400;\">Instructions d\u2019entretien&nbsp;: Lavage en machine 40\u00ba&nbsp;<\/span><\/li>\n<li><span style=\"font-weight: 400;\">GSM 220&nbsp;<\/span><\/li>\n<li><span style=\"font-weight: 400;\">Poids&nbsp;: env. 140 g pour la taille L<\/span><\/li>\n<li><span style=\"font-weight: 400;\">Tailles : S \/ M \/ L \/ XL \/ 2XL <\/span><\/li>\n<\/ul>\n","protected":false},"excerpt":{"rendered":"<p><span style=\"font-weight: 400;\">Ce d\u00e9bardeur de sport \u00e0 encolure ronde est fabriqu\u00e9 en 100 % polyester et se caract\u00e9rise par ses propri\u00e9t\u00e9s de s\u00e9chage rapide. Il \u00e9vacue efficacement l&rsquo;humidit\u00e9 et vous maintient au sec et \u00e0 votre aise pendant les entra\u00eenements intensifs. Le tissu \u00e9lastique assure un ajustement optimal et garantit votre libert\u00e9 de mouvement. De plus, le d\u00e9bardeur reste frais m\u00eame lorsqu&rsquo;il est port\u00e9 longtemps gr\u00e2ce aux propri\u00e9t\u00e9s du mat\u00e9riau qui ne g\u00e9n\u00e8re pas de mauvaises odeurs. Disponible en plusieurs tailles, c&rsquo;est le choix id\u00e9al pour le sport, le fitness ou les activit\u00e9s de plein air.<\/span><\/p>\n","protected":false},"featured_media":144510,"comment_status":"closed","ping_status":"closed","template":"","meta":{"inline_featured_image":false},"product_brand":[],"product_cat":[1570,2189],"product_tag":[],"class_list":{"0":"post-144506","1":"product","2":"type-product","3":"status-publish","4":"has-post-thumbnail","6":"product_cat-t-shirts-polo-shirts-fr","7":"product_cat-vetementsdeloisirs","9":"first","10":"instock","11":"taxable","12":"shipping-taxable","13":"purchasable","14":"product-type-simple"},"_links":{"self":[{"href":"https:\/\/metal-badge.ch\/fr\/wp-json\/wp\/v2\/product\/144506","targetHints":{"allow":["GET"]}}],"collection":[{"href":"https:\/\/metal-badge.ch\/fr\/wp-json\/wp\/v2\/product"}],"about":[{"href":"https:\/\/metal-badge.ch\/fr\/wp-json\/wp\/v2\/types\/product"}],"replies":[{"embeddable":true,"href":"https:\/\/metal-badge.ch\/fr\/wp-json\/wp\/v2\/comments?post=144506"}],"wp:featuredmedia":[{"embeddable":true,"href":"https:\/\/metal-badge.ch\/fr\/wp-json\/wp\/v2\/media\/144510"}],"wp:attachment":[{"href":"https:\/\/metal-badge.ch\/fr\/wp-json\/wp\/v2\/media?parent=144506"}],"wp:term":[{"taxonomy":"product_brand","embeddable":true,"href":"https:\/\/metal-badge.ch\/fr\/wp-json\/wp\/v2\/product_brand?post=144506"},{"taxonomy":"product_cat","embeddable":true,"href":"https:\/\/metal-badge.ch\/fr\/wp-json\/wp\/v2\/product_cat?post=144506"},{"taxonomy":"product_tag","embeddable":true,"href":"https:\/\/metal-badge.ch\/fr\/wp-json\/wp\/v2\/product_tag?post=144506"}],"curies":[{"name":"wp","href":"https:\/\/api.w.org\/{rel}","templated":true}]}}