{"id":144486,"date":"2025-06-24T19:33:05","date_gmt":"2025-06-24T17:33:05","guid":{"rendered":"https:\/\/metal-badge.ch\/?post_type=product&#038;p=144486"},"modified":"2025-06-24T19:38:14","modified_gmt":"2025-06-24T17:38:14","slug":"t-shirt-de-sport-en-design-en-noir-et-blanc","status":"publish","type":"product","link":"https:\/\/metal-badge.ch\/fr\/product\/144486\/t-shirt-de-sport-en-design-en-noir-et-blanc\/","title":{"rendered":"T-shirt de sport en design en noir et blanc"},"content":{"rendered":"<p><span style=\"font-weight: 400;\">Ce t-shirt de sport 100 % polyester offre de l&rsquo;\u00e9lasticit\u00e9, des propri\u00e9t\u00e9s de s\u00e9chage rapide et un grand confort. Le design moderne noir et blanc assure un look \u00e9l\u00e9gant, tandis que la bande r\u00e9fl\u00e9chissante au dos augmente la visibilit\u00e9 dans des conditions de faible luminosit\u00e9. Parfait pour le sport, la course et les activit\u00e9s de plein air.<\/span><\/p>\n<p><b>Informations sur le produit :<\/b><\/p>\n<ul>\n<li><span style=\"font-weight: 400;\">D\u00e9signation : T-shirt de sport avec encolure ronde n\u00ba R451&nbsp;&nbsp;<\/span><\/li>\n<li><span style=\"font-weight: 400;\">Couleur : noir \/ blanc&nbsp;&nbsp;<\/span><\/li>\n<li><span style=\"font-weight: 400;\">Mat\u00e9riau : 100&nbsp;% polyester<\/span><\/li>\n<li><span style=\"font-weight: 400;\">T-shirt en mati\u00e8re extensible au design classique<\/span><\/li>\n<li><span style=\"font-weight: 400;\">\u00c9lastique et \u00e0 s\u00e9chage rapide&nbsp;<\/span><\/li>\n<li><span style=\"font-weight: 400;\">Respirant&nbsp;<\/span><\/li>\n<li><span style=\"font-weight: 400;\">Inodore<\/span><\/li>\n<li><span style=\"font-weight: 400;\">Absorbe la transpiration&nbsp;<\/span><\/li>\n<li><span style=\"font-weight: 400;\">L\u00e9ger et r\u00e9gulateur d&rsquo;humidit\u00e9<\/span><\/li>\n<li><span style=\"font-weight: 400;\">R\u00e9gulation de la temp\u00e9rature et \u00e9vacuation de l&rsquo;humidit\u00e9<\/span><\/li>\n<li><span style=\"font-weight: 400;\">Design sportif \u00e0 l\u2019ajustement optimal<\/span><\/li>\n<li><span style=\"font-weight: 400;\">Arri\u00e8re avec une bande r\u00e9fl\u00e9chissante&nbsp;&nbsp;<\/span><\/li>\n<li><span style=\"font-weight: 400;\">Instructions d\u2019entretien&nbsp;: Lavage en machine 40\u00ba&nbsp;<\/span><\/li>\n<li><span style=\"font-weight: 400;\">GSM 220&nbsp;<\/span><\/li>\n<li><span style=\"font-weight: 400;\">Poids&nbsp;: env. 160 g pour la taille L<\/span><\/li>\n<li><span style=\"font-weight: 400;\">Tailles : S \/ M \/ L \/ XL \/ 2XL <\/span><\/li>\n<\/ul>\n","protected":false},"excerpt":{"rendered":"<p><span style=\"font-weight: 400;\">Ce t-shirt de sport 100 % polyester offre de l&rsquo;\u00e9lasticit\u00e9, des propri\u00e9t\u00e9s de s\u00e9chage rapide et un grand confort. Le design moderne noir et blanc assure un look \u00e9l\u00e9gant, tandis que la bande r\u00e9fl\u00e9chissante au dos augmente la visibilit\u00e9 dans des conditions de faible luminosit\u00e9. Parfait pour le sport, la course et les activit\u00e9s de plein air.<\/span><\/p>\n","protected":false},"featured_media":144490,"comment_status":"closed","ping_status":"closed","template":"","meta":{"inline_featured_image":false},"product_brand":[],"product_cat":[1570,2189],"product_tag":[],"class_list":{"0":"post-144486","1":"product","2":"type-product","3":"status-publish","4":"has-post-thumbnail","6":"product_cat-t-shirts-polo-shirts-fr","7":"product_cat-vetementsdeloisirs","9":"first","10":"instock","11":"taxable","12":"shipping-taxable","13":"purchasable","14":"product-type-simple"},"_links":{"self":[{"href":"https:\/\/metal-badge.ch\/fr\/wp-json\/wp\/v2\/product\/144486","targetHints":{"allow":["GET"]}}],"collection":[{"href":"https:\/\/metal-badge.ch\/fr\/wp-json\/wp\/v2\/product"}],"about":[{"href":"https:\/\/metal-badge.ch\/fr\/wp-json\/wp\/v2\/types\/product"}],"replies":[{"embeddable":true,"href":"https:\/\/metal-badge.ch\/fr\/wp-json\/wp\/v2\/comments?post=144486"}],"wp:featuredmedia":[{"embeddable":true,"href":"https:\/\/metal-badge.ch\/fr\/wp-json\/wp\/v2\/media\/144490"}],"wp:attachment":[{"href":"https:\/\/metal-badge.ch\/fr\/wp-json\/wp\/v2\/media?parent=144486"}],"wp:term":[{"taxonomy":"product_brand","embeddable":true,"href":"https:\/\/metal-badge.ch\/fr\/wp-json\/wp\/v2\/product_brand?post=144486"},{"taxonomy":"product_cat","embeddable":true,"href":"https:\/\/metal-badge.ch\/fr\/wp-json\/wp\/v2\/product_cat?post=144486"},{"taxonomy":"product_tag","embeddable":true,"href":"https:\/\/metal-badge.ch\/fr\/wp-json\/wp\/v2\/product_tag?post=144486"}],"curies":[{"name":"wp","href":"https:\/\/api.w.org\/{rel}","templated":true}]}}