{"id":144385,"date":"2025-06-24T16:58:36","date_gmt":"2025-06-24T14:58:37","guid":{"rendered":"https:\/\/metal-badge.ch\/?post_type=product&#038;p=144385"},"modified":"2025-06-24T17:04:18","modified_gmt":"2025-06-24T15:04:18","slug":"t-shirt-de-sport-et-pour-les-loisirs-a-sechage-rapide-avec-encolure-ronde-noir-gris-fonce","status":"publish","type":"product","link":"https:\/\/metal-badge.ch\/fr\/product\/144385\/t-shirt-de-sport-et-pour-les-loisirs-a-sechage-rapide-avec-encolure-ronde-noir-gris-fonce\/","title":{"rendered":"T-shirt de sport et pour les loisirs \u00e0 s\u00e9chage rapide, avec encolure ronde &#8211; noir \/ gris fonc\u00e9"},"content":{"rendered":"<p><span style=\"font-weight: 400;\">Ce t-shirt de sport en polyester de haute qualit\u00e9 \u00e0 s\u00e9chage rapide offre des conditions id\u00e9ales pour les activit\u00e9s intenses. Le tissu respirant \u00e9vacue efficacement l&rsquo;humidit\u00e9 du corps, de sorte que la peau reste s\u00e8che m\u00eame pendant les exercices qui font transpirer. Gr\u00e2ce \u00e0 sa grande \u00e9lasticit\u00e9, le t-shirt \u00e0 manches courtes s&rsquo;adapte de mani\u00e8re flexible \u00e0 la forme du corps et n&rsquo;entrave pas les mouvements. Il est disponible dans diff\u00e9rentes couleurs et tailles, de sorte qu&rsquo;il convient aussi bien aux hommes qu&rsquo;aux femmes. Parfait pour le sport, le fitness et les loisirs, il combine fonctionnalit\u00e9 et confort.<\/span><\/p>\n<p><b>Informations sur le produit :<\/b><\/p>\n<ul>\n<li><span style=\"font-weight: 400;\">D\u00e9signation : T-shirt de sport avec encolure ronde A81&nbsp;<\/span><\/li>\n<li><span style=\"font-weight: 400;\">Couleur : noir \/ gris fonc\u00e9&nbsp;<\/span><\/li>\n<li><span style=\"font-weight: 400;\">Mat\u00e9riau : 100&nbsp;% polyester<\/span><\/li>\n<li><span style=\"font-weight: 400;\">T-shirt en mati\u00e8re extensible au design classique<\/span><\/li>\n<li><span style=\"font-weight: 400;\">\u00c9lastique et \u00e0 s\u00e9chage rapide&nbsp;<\/span><\/li>\n<li><span style=\"font-weight: 400;\">Respirant&nbsp;<\/span><\/li>\n<li><span style=\"font-weight: 400;\">Inodore<\/span><\/li>\n<li><span style=\"font-weight: 400;\">Absorbe la transpiration&nbsp;<\/span><\/li>\n<li><span style=\"font-weight: 400;\">L\u00e9ger et r\u00e9gulateur d&rsquo;humidit\u00e9<\/span><\/li>\n<li><span style=\"font-weight: 400;\">R\u00e9gulation de la temp\u00e9rature et \u00e9vacuation de l&rsquo;humidit\u00e9<\/span><\/li>\n<li><span style=\"font-weight: 400;\">Design sportif bicolore<\/span><\/li>\n<li><span style=\"font-weight: 400;\">Petites bandes r\u00e9fl\u00e9chissantes \u00e0 l&rsquo;arri\u00e8re et sur les \u00e9paules&nbsp;&nbsp;<\/span><\/li>\n<li><span style=\"font-weight: 400;\">Instructions d\u2019entretien&nbsp;: Lavage en machine 40\u00ba&nbsp;<\/span><\/li>\n<li><span style=\"font-weight: 400;\">GSM 220&nbsp;<\/span><\/li>\n<li><span style=\"font-weight: 400;\">Poids&nbsp;: env. 160 g pour la taille L<\/span><\/li>\n<li><span style=\"font-weight: 400;\">Tailles : S \/ M \/ L \/ XL \/ 2XL <\/span><\/li>\n<\/ul>\n","protected":false},"excerpt":{"rendered":"<p><span style=\"font-weight: 400;\">Ce t-shirt de sport en polyester de haute qualit\u00e9 \u00e0 s\u00e9chage rapide offre des conditions id\u00e9ales pour les activit\u00e9s intenses. Le tissu respirant \u00e9vacue efficacement l&rsquo;humidit\u00e9 du corps, de sorte que la peau reste s\u00e8che m\u00eame pendant les exercices qui font transpirer. Gr\u00e2ce \u00e0 sa grande \u00e9lasticit\u00e9, le t-shirt \u00e0 manches courtes s&rsquo;adapte de mani\u00e8re flexible \u00e0 la forme du corps et n&rsquo;entrave pas les mouvements. Il est disponible dans diff\u00e9rentes couleurs et tailles, de sorte qu&rsquo;il convient aussi bien aux hommes qu&rsquo;aux femmes. Parfait pour le sport, le fitness et les loisirs, il combine fonctionnalit\u00e9 et confort.<\/span><\/p>\n","protected":false},"featured_media":144389,"comment_status":"closed","ping_status":"closed","template":"","meta":{"inline_featured_image":false},"product_brand":[],"product_cat":[1570,2189],"product_tag":[],"class_list":{"0":"post-144385","1":"product","2":"type-product","3":"status-publish","4":"has-post-thumbnail","6":"product_cat-t-shirts-polo-shirts-fr","7":"product_cat-vetementsdeloisirs","9":"first","10":"instock","11":"taxable","12":"shipping-taxable","13":"purchasable","14":"product-type-simple"},"_links":{"self":[{"href":"https:\/\/metal-badge.ch\/fr\/wp-json\/wp\/v2\/product\/144385","targetHints":{"allow":["GET"]}}],"collection":[{"href":"https:\/\/metal-badge.ch\/fr\/wp-json\/wp\/v2\/product"}],"about":[{"href":"https:\/\/metal-badge.ch\/fr\/wp-json\/wp\/v2\/types\/product"}],"replies":[{"embeddable":true,"href":"https:\/\/metal-badge.ch\/fr\/wp-json\/wp\/v2\/comments?post=144385"}],"wp:featuredmedia":[{"embeddable":true,"href":"https:\/\/metal-badge.ch\/fr\/wp-json\/wp\/v2\/media\/144389"}],"wp:attachment":[{"href":"https:\/\/metal-badge.ch\/fr\/wp-json\/wp\/v2\/media?parent=144385"}],"wp:term":[{"taxonomy":"product_brand","embeddable":true,"href":"https:\/\/metal-badge.ch\/fr\/wp-json\/wp\/v2\/product_brand?post=144385"},{"taxonomy":"product_cat","embeddable":true,"href":"https:\/\/metal-badge.ch\/fr\/wp-json\/wp\/v2\/product_cat?post=144385"},{"taxonomy":"product_tag","embeddable":true,"href":"https:\/\/metal-badge.ch\/fr\/wp-json\/wp\/v2\/product_tag?post=144385"}],"curies":[{"name":"wp","href":"https:\/\/api.w.org\/{rel}","templated":true}]}}