{"id":144365,"date":"2025-06-24T16:43:02","date_gmt":"2025-06-24T14:43:03","guid":{"rendered":"https:\/\/metal-badge.ch\/?post_type=product&#038;p=144365"},"modified":"2025-06-24T16:48:39","modified_gmt":"2025-06-24T14:48:39","slug":"t-shirt-de-sport-et-pour-les-loisirs-a-sechage-rapide-avec-fermeture-eclair-et-bandes-reflechissantes-gris-fonce","status":"publish","type":"product","link":"https:\/\/metal-badge.ch\/fr\/product\/144365\/t-shirt-de-sport-et-pour-les-loisirs-a-sechage-rapide-avec-fermeture-eclair-et-bandes-reflechissantes-gris-fonce\/","title":{"rendered":"T-shirt de sport et pour les loisirs \u00e0 s\u00e9chage rapide, avec fermeture \u00e9clair et bandes r\u00e9fl\u00e9chissantes &#8211; gris fonc\u00e9"},"content":{"rendered":"<p><span style=\"font-weight: 400;\">Ce t-shirt de sport 100 % polyester \u00e0 s\u00e9chage rapide est un mod\u00e8le \u00e9lastique et anti-odeurs qui vous garantit un grand confort lors d&rsquo;activit\u00e9s intenses. Le col rond de 5 cm et la fermeture \u00e9clair avec bandes r\u00e9fl\u00e9chissantes assurent une meilleure visibilit\u00e9. Disponible dans diff\u00e9rentes tailles, il est id\u00e9al pour le sport et les activit\u00e9s de plein air.<\/span><\/p>\n<p><b>Informations sur le produit :<\/b><\/p>\n<ul>\n<li><span style=\"font-weight: 400;\">D\u00e9signation : T-shirt de sport avec encolure ronde 823302-1&nbsp;<\/span><\/li>\n<li><span style=\"font-weight: 400;\">Couleur&nbsp;: gris fonc\u00e9&nbsp;<\/span><\/li>\n<li><span style=\"font-weight: 400;\">Mat\u00e9riau : 100&nbsp;% polyester<\/span><\/li>\n<li><span style=\"font-weight: 400;\">Col rond de 5 cm avec fermeture \u00e9clair&nbsp;<\/span><\/li>\n<li><span style=\"font-weight: 400;\">T-shirt en mati\u00e8re extensible au design classique<\/span><\/li>\n<li><span style=\"font-weight: 400;\">\u00c9lastique et \u00e0 s\u00e9chage rapide&nbsp;<\/span><\/li>\n<li><span style=\"font-weight: 400;\">Respirant&nbsp;<\/span><\/li>\n<li><span style=\"font-weight: 400;\">Inodore<\/span><\/li>\n<li><span style=\"font-weight: 400;\">Absorbe la transpiration&nbsp;<\/span><\/li>\n<li><span style=\"font-weight: 400;\">L\u00e9ger et r\u00e9gulateur d&rsquo;humidit\u00e9<\/span><\/li>\n<li><span style=\"font-weight: 400;\">R\u00e9gulation de la temp\u00e9rature et \u00e9vacuation de l&rsquo;humidit\u00e9<\/span><\/li>\n<li><span style=\"font-weight: 400;\">Bandes r\u00e9fl\u00e9chissantes \u00e0 l&rsquo;arri\u00e8re et \u00e0 l&rsquo;avant<\/span><\/li>\n<li><span style=\"font-weight: 400;\">Design sportif<\/span><\/li>\n<li><span style=\"font-weight: 400;\">Instructions d\u2019entretien&nbsp;: Lavage en machine 40\u00ba&nbsp;<\/span><\/li>\n<li><span style=\"font-weight: 400;\">GSM 220&nbsp;<\/span><\/li>\n<li><span style=\"font-weight: 400;\">Poids&nbsp;: env. 160 g pour la taille L<\/span><\/li>\n<li><span style=\"font-weight: 400;\">Tailles : S \/ M \/ L \/ XL \/ 2XL<\/span><\/li>\n<\/ul>\n","protected":false},"excerpt":{"rendered":"<p><span style=\"font-weight: 400;\">Ce t-shirt de sport 100 % polyester \u00e0 s\u00e9chage rapide est un mod\u00e8le \u00e9lastique et anti-odeurs qui vous garantit un grand confort lors d&rsquo;activit\u00e9s intenses. Le col rond de 5 cm et la fermeture \u00e9clair avec bandes r\u00e9fl\u00e9chissantes assurent une meilleure visibilit\u00e9. Disponible dans diff\u00e9rentes tailles, il est id\u00e9al pour le sport et les activit\u00e9s de plein air.<\/span><\/p>\n","protected":false},"featured_media":144369,"comment_status":"closed","ping_status":"closed","template":"","meta":{"inline_featured_image":false},"product_brand":[],"product_cat":[1570,2189],"product_tag":[],"class_list":{"0":"post-144365","1":"product","2":"type-product","3":"status-publish","4":"has-post-thumbnail","6":"product_cat-t-shirts-polo-shirts-fr","7":"product_cat-vetementsdeloisirs","9":"first","10":"instock","11":"taxable","12":"shipping-taxable","13":"purchasable","14":"product-type-simple"},"_links":{"self":[{"href":"https:\/\/metal-badge.ch\/fr\/wp-json\/wp\/v2\/product\/144365","targetHints":{"allow":["GET"]}}],"collection":[{"href":"https:\/\/metal-badge.ch\/fr\/wp-json\/wp\/v2\/product"}],"about":[{"href":"https:\/\/metal-badge.ch\/fr\/wp-json\/wp\/v2\/types\/product"}],"replies":[{"embeddable":true,"href":"https:\/\/metal-badge.ch\/fr\/wp-json\/wp\/v2\/comments?post=144365"}],"wp:featuredmedia":[{"embeddable":true,"href":"https:\/\/metal-badge.ch\/fr\/wp-json\/wp\/v2\/media\/144369"}],"wp:attachment":[{"href":"https:\/\/metal-badge.ch\/fr\/wp-json\/wp\/v2\/media?parent=144365"}],"wp:term":[{"taxonomy":"product_brand","embeddable":true,"href":"https:\/\/metal-badge.ch\/fr\/wp-json\/wp\/v2\/product_brand?post=144365"},{"taxonomy":"product_cat","embeddable":true,"href":"https:\/\/metal-badge.ch\/fr\/wp-json\/wp\/v2\/product_cat?post=144365"},{"taxonomy":"product_tag","embeddable":true,"href":"https:\/\/metal-badge.ch\/fr\/wp-json\/wp\/v2\/product_tag?post=144365"}],"curies":[{"name":"wp","href":"https:\/\/api.w.org\/{rel}","templated":true}]}}