{"id":144305,"date":"2025-06-24T06:45:34","date_gmt":"2025-06-24T04:45:35","guid":{"rendered":"https:\/\/metal-badge.ch\/?post_type=product&#038;p=144305"},"modified":"2025-06-24T06:55:38","modified_gmt":"2025-06-24T04:55:38","slug":"t-shirt-de-sport-et-pour-les-loisirs-a-sechage-rapide-avec-encolure-ronde-gris-clair","status":"publish","type":"product","link":"https:\/\/metal-badge.ch\/fr\/product\/144305\/t-shirt-de-sport-et-pour-les-loisirs-a-sechage-rapide-avec-encolure-ronde-gris-clair\/","title":{"rendered":"T-shirt de sport et pour les loisirs \u00e0 s\u00e9chage rapide, avec encolure ronde &#8211; gris clair"},"content":{"rendered":"<p><span style=\"font-weight: 400;\">Ce t-shirt de sport \u00e0 manches courtes et \u00e0 encolure ronde est fabriqu\u00e9 en polyester de haute qualit\u00e9 \u00e0 s\u00e9chage rapide. Il est extr\u00eamement respirant et \u00e9vacue rapidement l&rsquo;humidit\u00e9 du corps pour que vous restiez au sec, m\u00eame pendant les activit\u00e9s les plus intenses. Le tissu extensible assure un ajustement id\u00e9al et garantit votre libert\u00e9 de mouvement. De plus, le t-shirt est \u00e9quip\u00e9 de bandes r\u00e9fl\u00e9chissantes des deux c\u00f4t\u00e9s pour une meilleure visibilit\u00e9 \u00e0 la tomb\u00e9e de la nuit ou dans l&rsquo;obscurit\u00e9. Disponible en plusieurs tailles et couleurs, c&rsquo;est le choix parfait pour le sport, la course ou les activit\u00e9s de plein air.<\/span><\/p>\n<p><b>Informations sur le produit :<\/b><\/p>\n<ul>\n<li><span style=\"font-weight: 400;\">D\u00e9signation : T-shirt de sport avec encolure ronde n\u00ba 323135&nbsp;&nbsp;<\/span><\/li>\n<li><span style=\"font-weight: 400;\">Couleur&nbsp;: gris clair \u00e0 motif&nbsp;<\/span><\/li>\n<li><span style=\"font-weight: 400;\">Inscription r\u00e9fl\u00e9chissante \u00e0 l&rsquo;arri\u00e8re&nbsp;: STAY ACTIVE&nbsp;<\/span><\/li>\n<li><span style=\"font-weight: 400;\">Mat\u00e9riau : 100&nbsp;% polyester<\/span><\/li>\n<li><span style=\"font-weight: 400;\">T-shirt en mati\u00e8re extensible au design classique<\/span><\/li>\n<li><span style=\"font-weight: 400;\">\u00c9lastique et \u00e0 s\u00e9chage rapide&nbsp;<\/span><\/li>\n<li><span style=\"font-weight: 400;\">Respirant&nbsp;<\/span><\/li>\n<li><span style=\"font-weight: 400;\">Inodore<\/span><\/li>\n<li><span style=\"font-weight: 400;\">Absorbe la transpiration&nbsp;<\/span><\/li>\n<li><span style=\"font-weight: 400;\">L\u00e9ger et r\u00e9gulateur d&rsquo;humidit\u00e9<\/span><\/li>\n<li><span style=\"font-weight: 400;\">R\u00e9gulation de la temp\u00e9rature et \u00e9vacuation de l&rsquo;humidit\u00e9<\/span><\/li>\n<li><span style=\"font-weight: 400;\">Design sportif gris bicolore<\/span><\/li>\n<li><span style=\"font-weight: 400;\">Avec bandes r\u00e9fl\u00e9chissantes sur le c\u00f4t\u00e9&nbsp;&nbsp;<\/span><\/li>\n<li><span style=\"font-weight: 400;\">Instructions d\u2019entretien&nbsp;: Lavage en machine 40\u00ba&nbsp;<\/span><\/li>\n<li><span style=\"font-weight: 400;\">GSM 220&nbsp;<\/span><\/li>\n<li><span style=\"font-weight: 400;\">Poids&nbsp;: env. 160 g pour la taille L<\/span><\/li>\n<li><span style=\"font-weight: 400;\">Tailles : S \/ M \/ L \/ XL \/ 2XL <\/span><\/li>\n<\/ul>\n","protected":false},"excerpt":{"rendered":"<p><span style=\"font-weight: 400;\">Ce t-shirt de sport \u00e0 manches courtes et \u00e0 encolure ronde est fabriqu\u00e9 en polyester de haute qualit\u00e9 \u00e0 s\u00e9chage rapide. Il est extr\u00eamement respirant et \u00e9vacue rapidement l&rsquo;humidit\u00e9 du corps pour que vous restiez au sec, m\u00eame pendant les activit\u00e9s les plus intenses. Le tissu extensible assure un ajustement id\u00e9al et garantit votre libert\u00e9 de mouvement. De plus, le t-shirt est \u00e9quip\u00e9 de bandes r\u00e9fl\u00e9chissantes des deux c\u00f4t\u00e9s pour une meilleure visibilit\u00e9 \u00e0 la tomb\u00e9e de la nuit ou dans l&rsquo;obscurit\u00e9. Disponible en plusieurs tailles et couleurs, c&rsquo;est le choix parfait pour le sport, la course ou les activit\u00e9s de plein air.<\/span><\/p>\n","protected":false},"featured_media":144309,"comment_status":"closed","ping_status":"closed","template":"","meta":{"inline_featured_image":false},"product_brand":[],"product_cat":[1570,2189],"product_tag":[],"class_list":{"0":"post-144305","1":"product","2":"type-product","3":"status-publish","4":"has-post-thumbnail","6":"product_cat-t-shirts-polo-shirts-fr","7":"product_cat-vetementsdeloisirs","9":"first","10":"instock","11":"taxable","12":"shipping-taxable","13":"purchasable","14":"product-type-simple"},"_links":{"self":[{"href":"https:\/\/metal-badge.ch\/fr\/wp-json\/wp\/v2\/product\/144305","targetHints":{"allow":["GET"]}}],"collection":[{"href":"https:\/\/metal-badge.ch\/fr\/wp-json\/wp\/v2\/product"}],"about":[{"href":"https:\/\/metal-badge.ch\/fr\/wp-json\/wp\/v2\/types\/product"}],"replies":[{"embeddable":true,"href":"https:\/\/metal-badge.ch\/fr\/wp-json\/wp\/v2\/comments?post=144305"}],"wp:featuredmedia":[{"embeddable":true,"href":"https:\/\/metal-badge.ch\/fr\/wp-json\/wp\/v2\/media\/144309"}],"wp:attachment":[{"href":"https:\/\/metal-badge.ch\/fr\/wp-json\/wp\/v2\/media?parent=144305"}],"wp:term":[{"taxonomy":"product_brand","embeddable":true,"href":"https:\/\/metal-badge.ch\/fr\/wp-json\/wp\/v2\/product_brand?post=144305"},{"taxonomy":"product_cat","embeddable":true,"href":"https:\/\/metal-badge.ch\/fr\/wp-json\/wp\/v2\/product_cat?post=144305"},{"taxonomy":"product_tag","embeddable":true,"href":"https:\/\/metal-badge.ch\/fr\/wp-json\/wp\/v2\/product_tag?post=144305"}],"curies":[{"name":"wp","href":"https:\/\/api.w.org\/{rel}","templated":true}]}}