{"id":143992,"date":"2025-06-20T02:27:42","date_gmt":"2025-06-20T00:27:42","guid":{"rendered":"https:\/\/metal-badge.ch\/?post_type=product&#038;p=143992"},"modified":"2025-06-20T02:36:39","modified_gmt":"2025-06-20T00:36:39","slug":"etui-en-cuir-waikiki-lutteur-suisse","status":"publish","type":"product","link":"https:\/\/metal-badge.ch\/fr\/product\/143992\/etui-en-cuir-waikiki-lutteur-suisse\/","title":{"rendered":"\u00c9tui en cuir\u00ab Waikiki\u00bb Lutteur Suisse"},"content":{"rendered":"<p><span style=\"font-weight: 400;\">\u00c9tui pratique en cuir nappa lisse dans le style Waikiki hawa\u00efen. \u00c9tui en cuir de b\u0153uf de qualit\u00e9 sup\u00e9rieure avec 1 grande fen\u00eatre d&rsquo;identification \u00e0 l&rsquo;int\u00e9rieur et 3 compartiments pour cartes de cr\u00e9dit permettant de ranger au moins 9 cartes. Inclus dans le prix&nbsp;: une petite lampe ainsi qu&rsquo;un petit stylo \u00e0 bille m\u00e9tallique r\u00e9tractable qui peut \u00eatre ins\u00e9r\u00e9 \u00e0 l&rsquo;int\u00e9rieur \u00e0 l&rsquo;aide d&rsquo;un \u00e9lastique. L&rsquo;\u00e9tui est muni d\u2019un fermeture \u00e0 bouton pression. L&rsquo;ext\u00e9rieur de l&rsquo;\u00e9tui comporte 1 fen\u00eatre d&rsquo;identification suppl\u00e9mentaire pour le badge. Le badge est gliss\u00e9 \u00e0 l&rsquo;ext\u00e9rieur de l&rsquo;\u00e9tui, par le haut, dans l&rsquo;encoche. L&rsquo;\u00e9tui est livr\u00e9 dans une belle bo\u00eete cadeau. Tous nos \u00e9tuis sont compatibles avec tous nos badges et sont interchangeables.<\/span><\/p>\n<p><b>Informations sur le produit&nbsp;:&nbsp;<\/b><\/p>\n<ul>\n<li><b>Nom du produit&nbsp;: <\/b><span style=\"font-weight: 400;\">Waikiki&nbsp;<\/span><\/li>\n<li><b>Couleur&nbsp;<\/b><span style=\"font-weight: 400;\">: m\u00e9lange Hawa\u00ef&nbsp;: rouge \/ bleu \/ orange \/ violet&nbsp;<\/span><\/li>\n<li><b>Mati\u00e8re&nbsp;:<\/b><span style=\"font-weight: 400;\"> cuir de b\u0153uf Nappa lisse<\/span><\/li>\n<li><span style=\"font-weight: 400;\">Avec fermeture \u00e0 bouton-pression<\/span><\/li>\n<li><span style=\"font-weight: 400;\">Design compact et format pratique<\/span><\/li>\n<li><span style=\"font-weight: 400;\">2 fen\u00eatres pour carte d\u2019identit\u00e9&nbsp;: 8,5 cm x 6,0 cm<\/span><\/li>\n<li><span style=\"font-weight: 400;\">3 compartiments pour 9 cartes de cr\u00e9dit<\/span><\/li>\n<li><span style=\"font-weight: 400;\">1 porte-stylo avec mini stylo \u00e0 bille m\u00e9tallique r\u00e9tractable (\u00e0 suspendre)<\/span><\/li>\n<li><span style=\"font-weight: 400;\">1 petite lampe (porte-cl\u00e9)<\/span><\/li>\n<li><b>Dimensions de l&rsquo;\u00e9tui&nbsp;:<\/b><span style=\"font-weight: 400;\">&nbsp;hauteur 11,5 cm \/ largeur 8,0 cm \/ profondeur 1,5 cm<\/span><\/li>\n<li><b>Poids&nbsp;: <\/b><span style=\"font-weight: 400;\">80 g, \u00e9tui seul sans badge&nbsp;<\/span><\/li>\n<li><span style=\"font-weight: 400;\">Fourni dans une jolie bo\u00eete cadeau<\/span><\/li>\n<\/ul>\n","protected":false},"excerpt":{"rendered":"<p><span style=\"font-weight: 400;\">\u00c9tui pratique en cuir nappa lisse dans le style Waikiki hawa\u00efen. \u00c9tui en cuir de b\u0153uf de qualit\u00e9 sup\u00e9rieure avec 1 grande fen\u00eatre d&rsquo;identification \u00e0 l&rsquo;int\u00e9rieur et 3 compartiments pour cartes de cr\u00e9dit permettant de ranger au moins 9 cartes. Inclus dans le prix&nbsp;: une petite lampe ainsi qu&rsquo;un petit stylo \u00e0 bille m\u00e9tallique r\u00e9tractable qui peut \u00eatre ins\u00e9r\u00e9 \u00e0 l&rsquo;int\u00e9rieur \u00e0 l&rsquo;aide d&rsquo;un \u00e9lastique. L&rsquo;\u00e9tui est muni d\u2019un fermeture \u00e0 bouton pression. L&rsquo;ext\u00e9rieur de l&rsquo;\u00e9tui comporte 1 fen\u00eatre d&rsquo;identification suppl\u00e9mentaire pour le badge. Le badge est gliss\u00e9 \u00e0 l&rsquo;ext\u00e9rieur de l&rsquo;\u00e9tui, par le haut, dans l&rsquo;encoche. L&rsquo;\u00e9tui est livr\u00e9 dans une belle bo\u00eete cadeau. Tous nos \u00e9tuis sont compatibles avec tous nos badges et sont interchangeables.<\/span><\/p>\n","protected":false},"featured_media":143996,"comment_status":"open","ping_status":"closed","template":"","meta":{"inline_featured_image":false},"product_brand":[],"product_cat":[2367,1131],"product_tag":[],"class_list":{"0":"post-143992","1":"product","2":"type-product","3":"status-publish","4":"has-post-thumbnail","6":"product_cat-lutteur-suisse-fr","7":"product_cat-lutteur-suisse","9":"first","10":"instock","11":"taxable","12":"shipping-taxable","13":"purchasable","14":"product-type-simple"},"_links":{"self":[{"href":"https:\/\/metal-badge.ch\/fr\/wp-json\/wp\/v2\/product\/143992","targetHints":{"allow":["GET"]}}],"collection":[{"href":"https:\/\/metal-badge.ch\/fr\/wp-json\/wp\/v2\/product"}],"about":[{"href":"https:\/\/metal-badge.ch\/fr\/wp-json\/wp\/v2\/types\/product"}],"replies":[{"embeddable":true,"href":"https:\/\/metal-badge.ch\/fr\/wp-json\/wp\/v2\/comments?post=143992"}],"wp:featuredmedia":[{"embeddable":true,"href":"https:\/\/metal-badge.ch\/fr\/wp-json\/wp\/v2\/media\/143996"}],"wp:attachment":[{"href":"https:\/\/metal-badge.ch\/fr\/wp-json\/wp\/v2\/media?parent=143992"}],"wp:term":[{"taxonomy":"product_brand","embeddable":true,"href":"https:\/\/metal-badge.ch\/fr\/wp-json\/wp\/v2\/product_brand?post=143992"},{"taxonomy":"product_cat","embeddable":true,"href":"https:\/\/metal-badge.ch\/fr\/wp-json\/wp\/v2\/product_cat?post=143992"},{"taxonomy":"product_tag","embeddable":true,"href":"https:\/\/metal-badge.ch\/fr\/wp-json\/wp\/v2\/product_tag?post=143992"}],"curies":[{"name":"wp","href":"https:\/\/api.w.org\/{rel}","templated":true}]}}