{"id":143592,"date":"2025-06-16T14:31:17","date_gmt":"2025-06-16T12:31:18","guid":{"rendered":"https:\/\/metal-badge.ch\/?post_type=product&#038;p=143592"},"modified":"2025-06-16T14:38:06","modified_gmt":"2025-06-16T12:38:06","slug":"etui-en-cuir-compact-garde-suisse","status":"publish","type":"product","link":"https:\/\/metal-badge.ch\/fr\/product\/143592\/etui-en-cuir-compact-garde-suisse\/","title":{"rendered":"\u00c9tui en cuir \u00ab Compact \u00bb Garde Suisse"},"content":{"rendered":"<p><b>Utile, fonctionnel et \u00e9l\u00e9gant&nbsp;: un \u00e9tui pour cartes de cr\u00e9dit avec de nombreux atouts.<\/b><\/p>\n<p><span style=\"font-weight: 400;\">Le nouvel \u00e9tui <\/span><b>Compact<\/b><span style=\"font-weight: 400;\"> en cuir de b\u0153uf et rev\u00eatement \u00e0 motif carbone en noir avec fermeture \u00e0 bouton-pression et bo\u00eetier de protection en aluminium, pour 7 cartes de cr\u00e9dit.<\/span><\/p>\n<p><span style=\"font-weight: 400;\">Acc\u00e8s rapide \u00e0 vos 7 cartes de cr\u00e9dit les plus utilis\u00e9es. Cet \u00e9tui pour cartes de cr\u00e9dit vous permet de choisir facilement la carte dont vous avez besoin. Une simple pression sur le bouton d\u00e9di\u00e9 permet d&rsquo;ouvrir une pr\u00e9sentation pratique des cartes en \u00e9ventail. Plus besoin de chercher p\u00e9niblement la bonne carte dans votre porte-monnaie. Peut contenir au moins 7 cartes de cr\u00e9dit.<\/span><\/p>\n<p><span style=\"font-weight: 400;\">Une fen\u00eatre d&rsquo;identification pour carte d&rsquo;identit\u00e9 est \u00e9galement incluse \u00e0 l&rsquo;int\u00e9rieur, ainsi que deux supports suppl\u00e9mentaires pour au moins 4 cartes de cr\u00e9dit de plus. L&rsquo;int\u00e9rieur contient deux autres compartiments pour cartes ou documents d&rsquo;identit\u00e9 et un grand compartiment pour les billets de banque.&nbsp;<\/span><\/p>\n<p><span style=\"font-weight: 400;\">Une encoche pour badge se trouve \u00e0 l&rsquo;ext\u00e9rieur. Le badge peut \u00eatre facilement ins\u00e9r\u00e9 dans l&rsquo;encoche depuis l&rsquo;ext\u00e9rieur. Un petit compartiment pour la monnaie avec fermeture \u00e9clair est \u00e9galement pr\u00e9vu \u00e0 l&rsquo;ext\u00e9rieur. Gr\u00e2ce \u00e0 ses dimensions compactes, le porte-cartes avec badge se glisse facilement dans une poche de pantalon ou de veste. Cet \u00e9tui avec bo\u00eete prot\u00e8ge en outre vos cartes de cr\u00e9dit contre la casse ou l&rsquo;endommagement de la puce ou de la bande magn\u00e9tique. De plus, les cartes disposent d&rsquo;une protection anti-RFID dans la bo\u00eete en aluminium.&nbsp;<\/span><\/p>\n<p><b>Informations sur le produit&nbsp;:&nbsp;<\/b><\/p>\n<ul>\n<li><span style=\"font-weight: 400;\">Nom&nbsp;: \u00c9tui en cuir \u00ab&nbsp;Compact&nbsp;\u00bb&nbsp;<\/span><\/li>\n<li><span style=\"font-weight: 400;\">Encoche pour le badge \u00e0 l&rsquo;ext\u00e9rieur<\/span><\/li>\n<li><span style=\"font-weight: 400;\">Poche ext\u00e9rieure pour la monnaie avec fermeture zipp\u00e9e&nbsp;<\/span><\/li>\n<li><span style=\"font-weight: 400;\">Grand compartiment pour les billets&nbsp;<\/span><\/li>\n<li><span style=\"font-weight: 400;\">1 fen\u00eatre transparente pour carte d&rsquo;identit\u00e9<\/span><span style=\"font-weight: 400;\"><br \/>\n<\/span><\/li>\n<li><span style=\"font-weight: 400;\">Bo\u00eete en aluminium pour 7 cartes de cr\u00e9dit<\/span><\/li>\n<li><span style=\"font-weight: 400;\">2 compartiments pour cartes de cr\u00e9dit pour un total de 4 cartes de cr\u00e9dit suppl\u00e9mentaires<\/span><\/li>\n<li><span style=\"font-weight: 400;\">Vos cartes y sont prot\u00e9g\u00e9es&nbsp;: contre le pliage et la casse ainsi que contre le scannage RFID<\/span><\/li>\n<li><span style=\"font-weight: 400;\">Mati\u00e8re&nbsp;: Cuir de vache avec rev\u00eatement carbone<\/span><\/li>\n<li><span style=\"font-weight: 400;\">Couleur&nbsp;: noir&nbsp;<\/span><\/li>\n<li><span style=\"font-weight: 400;\">Taille \/ Dimensions de l\u2019\u00e9tui : <\/span><span style=\"font-weight: 400;\">Hauteur 10,5 cm \/ Largeur&nbsp;: 8,0 cm \/ \u00c9paisseur 2,7 cm<\/span><\/li>\n<li><span style=\"font-weight: 400;\">Largeur, repli\u00e9&nbsp;: 23 cm <\/span><span style=\"font-weight: 400;\"><br \/>\n<\/span><\/li>\n<li><span style=\"font-weight: 400;\">Poids avec badge&nbsp;:&nbsp;165 g.&nbsp;<\/span><\/li>\n<li><span style=\"font-weight: 400;\">Poids sans badge&nbsp;: 117 g&nbsp;<\/span><\/li>\n<\/ul>\n","protected":false},"excerpt":{"rendered":"<p><b>Utile, fonctionnel et \u00e9l\u00e9gant&nbsp;: un \u00e9tui pour cartes de cr\u00e9dit avec de nombreux atouts.<\/b><\/p>\n<p><span style=\"font-weight: 400;\">Le nouvel \u00e9tui <\/span><b>Compact<\/b><span style=\"font-weight: 400;\"> en cuir de b\u0153uf et rev\u00eatement \u00e0 motif carbone en noir avec fermeture \u00e0 bouton-pression et bo\u00eetier de protection en aluminium, pour 7 cartes de cr\u00e9dit.<\/span><\/p>\n<p><span style=\"font-weight: 400;\">Acc\u00e8s rapide \u00e0 vos 7 cartes de cr\u00e9dit les plus utilis\u00e9es. Cet \u00e9tui pour cartes de cr\u00e9dit vous permet de choisir facilement la carte dont vous avez besoin. Une simple pression sur le bouton d\u00e9di\u00e9 permet d&rsquo;ouvrir une pr\u00e9sentation pratique des cartes en \u00e9ventail. Plus besoin de chercher p\u00e9niblement la bonne carte dans votre porte-monnaie. Peut contenir au moins 7 cartes de cr\u00e9dit.<\/span><\/p>\n","protected":false},"featured_media":143596,"comment_status":"open","ping_status":"closed","template":"","meta":{"inline_featured_image":false},"product_brand":[],"product_cat":[1047],"product_tag":[],"class_list":{"0":"post-143592","1":"product","2":"type-product","3":"status-publish","4":"has-post-thumbnail","6":"product_cat-garde-suisse","8":"first","9":"instock","10":"taxable","11":"shipping-taxable","12":"purchasable","13":"product-type-simple"},"_links":{"self":[{"href":"https:\/\/metal-badge.ch\/fr\/wp-json\/wp\/v2\/product\/143592","targetHints":{"allow":["GET"]}}],"collection":[{"href":"https:\/\/metal-badge.ch\/fr\/wp-json\/wp\/v2\/product"}],"about":[{"href":"https:\/\/metal-badge.ch\/fr\/wp-json\/wp\/v2\/types\/product"}],"replies":[{"embeddable":true,"href":"https:\/\/metal-badge.ch\/fr\/wp-json\/wp\/v2\/comments?post=143592"}],"wp:featuredmedia":[{"embeddable":true,"href":"https:\/\/metal-badge.ch\/fr\/wp-json\/wp\/v2\/media\/143596"}],"wp:attachment":[{"href":"https:\/\/metal-badge.ch\/fr\/wp-json\/wp\/v2\/media?parent=143592"}],"wp:term":[{"taxonomy":"product_brand","embeddable":true,"href":"https:\/\/metal-badge.ch\/fr\/wp-json\/wp\/v2\/product_brand?post=143592"},{"taxonomy":"product_cat","embeddable":true,"href":"https:\/\/metal-badge.ch\/fr\/wp-json\/wp\/v2\/product_cat?post=143592"},{"taxonomy":"product_tag","embeddable":true,"href":"https:\/\/metal-badge.ch\/fr\/wp-json\/wp\/v2\/product_tag?post=143592"}],"curies":[{"name":"wp","href":"https:\/\/api.w.org\/{rel}","templated":true}]}}