{"id":142920,"date":"2025-05-28T20:25:09","date_gmt":"2025-05-28T18:25:10","guid":{"rendered":"https:\/\/metal-badge.ch\/?post_type=product&#038;p=142920"},"modified":"2025-05-28T20:37:43","modified_gmt":"2025-05-28T18:37:43","slug":"etui-behorde-un-seul-cote-blanc","status":"publish","type":"product","link":"https:\/\/metal-badge.ch\/fr\/product\/142920\/etui-behorde-un-seul-cote-blanc\/","title":{"rendered":"Etui \u00ab BEH\u00d6RDE \u00bb, un seul c\u00f4t\u00e9, blanc"},"content":{"rendered":"<p><span style=\"font-weight: 400;\">Porte-carte BEH\u00d6RDE , inscription d\u2019un seul c\u00f4t\u00e9, pour une carte format carte de cr\u00e9dit, \u00e9criture argent\u00e9e.<\/span><\/p>\n<p><span style=\"font-weight: 400;\">Taille \/ dimensions : largeur 8,5 cm \/ hauteur 11,0 cm<\/span><\/p>\n<p><span style=\"font-weight: 400;\">Dos neutre avec fen\u00eatre d&rsquo;identification suppl\u00e9mentaire<\/span><\/p>\n<p><b>Attention: Nous offrons une remise de 20% sur les achats et commandes sup\u00e9rieures \u00e0 100 pi\u00e8ces.<\/b><\/p>\n","protected":false},"excerpt":{"rendered":"<p><span style=\"font-weight: 400;\">Porte-carte BEH\u00d6RDE , inscription d\u2019un seul c\u00f4t\u00e9, pour une carte format carte de cr\u00e9dit, \u00e9criture argent\u00e9e.<\/span><\/p>\n<p><span style=\"font-weight: 400;\">Taille \/ dimensions : largeur 8,5 cm \/ hauteur 11,0 cm<\/span><\/p>\n<p><span style=\"font-weight: 400;\">Dos neutre avec fen\u00eatre d&rsquo;identification suppl\u00e9mentaire<\/span><\/p>\n<p><b>Attention: Nous offrons une remise de 20% sur les achats et commandes sup\u00e9rieures \u00e0 100 pi\u00e8ces.<\/b><\/p>\n","protected":false},"featured_media":142924,"comment_status":"closed","ping_status":"closed","template":"","meta":{"inline_featured_image":false},"product_brand":[],"product_cat":[887,907,947],"product_tag":[],"class_list":{"0":"post-142920","1":"product","2":"type-product","3":"status-publish","4":"has-post-thumbnail","6":"product_cat-accessoires","7":"product_cat-etuis-en-cuir-sans-badge","8":"product_cat-portemonnaies-etuis-en-cuir","10":"first","11":"instock","12":"taxable","13":"shipping-taxable","14":"purchasable","15":"product-type-simple"},"_links":{"self":[{"href":"https:\/\/metal-badge.ch\/fr\/wp-json\/wp\/v2\/product\/142920","targetHints":{"allow":["GET"]}}],"collection":[{"href":"https:\/\/metal-badge.ch\/fr\/wp-json\/wp\/v2\/product"}],"about":[{"href":"https:\/\/metal-badge.ch\/fr\/wp-json\/wp\/v2\/types\/product"}],"replies":[{"embeddable":true,"href":"https:\/\/metal-badge.ch\/fr\/wp-json\/wp\/v2\/comments?post=142920"}],"wp:featuredmedia":[{"embeddable":true,"href":"https:\/\/metal-badge.ch\/fr\/wp-json\/wp\/v2\/media\/142924"}],"wp:attachment":[{"href":"https:\/\/metal-badge.ch\/fr\/wp-json\/wp\/v2\/media?parent=142920"}],"wp:term":[{"taxonomy":"product_brand","embeddable":true,"href":"https:\/\/metal-badge.ch\/fr\/wp-json\/wp\/v2\/product_brand?post=142920"},{"taxonomy":"product_cat","embeddable":true,"href":"https:\/\/metal-badge.ch\/fr\/wp-json\/wp\/v2\/product_cat?post=142920"},{"taxonomy":"product_tag","embeddable":true,"href":"https:\/\/metal-badge.ch\/fr\/wp-json\/wp\/v2\/product_tag?post=142920"}],"curies":[{"name":"wp","href":"https:\/\/api.w.org\/{rel}","templated":true}]}}