{"id":142266,"date":"2025-02-20T22:08:44","date_gmt":"2025-02-20T21:08:46","guid":{"rendered":"https:\/\/metal-badge.ch\/?post_type=product&#038;p=142266"},"modified":"2025-03-16T00:34:17","modified_gmt":"2025-03-15T23:34:17","slug":"bon-fidelite","status":"publish","type":"product","link":"https:\/\/metal-badge.ch\/fr\/product\/142266\/bon-fidelite\/","title":{"rendered":"Bon de fid\u00e9lit\u00e9 de CHF 50.-"},"content":{"rendered":"<p>Ce bon de fid\u00e9lit\u00e9 est une r\u00e9compense pour votre fid\u00e9lit\u00e9 ! \u00c9changez vos points de fid\u00e9lit\u00e9 cumul\u00e9s contre un bon d&rsquo;achat physique d&rsquo;une valeur de CHF 50. Ce bon est valable uniquement dans notre magasin de Goldau et ne peut pas \u00eatre utilis\u00e9 en ligne.<\/p>\n<p>Une fois \u00e9chang\u00e9, le bon vous sera envoy\u00e9 par la poste pour que vous puissiez l&rsquo;utiliser facilement lors de votre prochaine visite \u00e0 Goldau. Nous vous remercions de votre fid\u00e9lit\u00e9 !<\/p>\n<p data-pm-slice=\"1 3 []\"><strong>Informations importantes sur la proc\u00e9dure :<\/strong><\/p>\n<ul data-spread=\"false\">\n<li>Pour commander ce bon, vous avez besoin d&rsquo;un compte client avec au moins 150 points de fid\u00e9lit\u00e9.<\/li>\n<li>Ajoutez le bon au panier et terminez le processus d&rsquo;achat.<\/li>\n<li>Une fois la commande termin\u00e9e, les 150 points de fid\u00e9lit\u00e9 seront automatiquement d\u00e9duits de votre compte de points.<\/li>\n<li>Le bon d&rsquo;achat est ensuite envoy\u00e9 par la poste \u00e0 l&rsquo;adresse que vous avez indiqu\u00e9e.<\/li>\n<li>Le bon est valable exclusivement dans l&rsquo;espace de vente de Goldau et ne peut pas \u00eatre \u00e9chang\u00e9 en ligne.<\/li>\n<\/ul>\n<p data-pm-slice=\"1 1 []\"><strong>En savoir plus sur notre programme de fid\u00e9lit\u00e9 :<\/strong> <a href=\"https:\/\/metal-badge.ch\/treuepunkte\/\">cliquez ici<\/a> pour tous les d\u00e9tails et les options d&rsquo;utilisation de vos points.<\/p>\n","protected":false},"excerpt":{"rendered":"<p>Echangez vos points de fid\u00e9lit\u00e9 et recevez un bon d&rsquo;achat de 50 CHF, valable dans notre espace de vente \u00e0 Goldau !<\/p>\n\n","protected":false},"featured_media":103587,"comment_status":"closed","ping_status":"closed","template":"","meta":{"inline_featured_image":false},"product_brand":[],"product_cat":[1489,2212,1493],"product_tag":[2515,2516],"class_list":{"0":"post-142266","1":"product","2":"type-product","3":"status-publish","4":"has-post-thumbnail","6":"product_cat-metal-badge-fr","7":"product_cat-cadeaux-adequates","8":"product_cat-security-factory-fr","9":"product_tag-bon-de-fidelite","10":"product_tag-points-de-fidelite","12":"first","13":"instock","14":"virtual","15":"purchasable","16":"product-type-simple"},"_links":{"self":[{"href":"https:\/\/metal-badge.ch\/fr\/wp-json\/wp\/v2\/product\/142266","targetHints":{"allow":["GET"]}}],"collection":[{"href":"https:\/\/metal-badge.ch\/fr\/wp-json\/wp\/v2\/product"}],"about":[{"href":"https:\/\/metal-badge.ch\/fr\/wp-json\/wp\/v2\/types\/product"}],"replies":[{"embeddable":true,"href":"https:\/\/metal-badge.ch\/fr\/wp-json\/wp\/v2\/comments?post=142266"}],"wp:featuredmedia":[{"embeddable":true,"href":"https:\/\/metal-badge.ch\/fr\/wp-json\/wp\/v2\/media\/103587"}],"wp:attachment":[{"href":"https:\/\/metal-badge.ch\/fr\/wp-json\/wp\/v2\/media?parent=142266"}],"wp:term":[{"taxonomy":"product_brand","embeddable":true,"href":"https:\/\/metal-badge.ch\/fr\/wp-json\/wp\/v2\/product_brand?post=142266"},{"taxonomy":"product_cat","embeddable":true,"href":"https:\/\/metal-badge.ch\/fr\/wp-json\/wp\/v2\/product_cat?post=142266"},{"taxonomy":"product_tag","embeddable":true,"href":"https:\/\/metal-badge.ch\/fr\/wp-json\/wp\/v2\/product_tag?post=142266"}],"curies":[{"name":"wp","href":"https:\/\/api.w.org\/{rel}","templated":true}]}}