{"id":141459,"date":"2024-09-19T06:12:57","date_gmt":"2024-09-19T04:12:58","guid":{"rendered":"https:\/\/metal-badge.ch\/?post_type=product&#038;p=141459"},"modified":"2024-09-19T06:22:54","modified_gmt":"2024-09-19T04:22:54","slug":"polizei-panneau-aimante-vehicules-dintervention-banalises","status":"publish","type":"product","link":"https:\/\/metal-badge.ch\/fr\/product\/141459\/polizei-panneau-aimante-vehicules-dintervention-banalises\/","title":{"rendered":"POLIZEI &#8211; Panneau aimant\u00e9 V\u00e9hicules d&rsquo;intervention banalis\u00e9s"},"content":{"rendered":"<p>Panneau aimant\u00e9 dans les dimensions 36 cm x 12 cm et 1 mm d&rsquo;\u00e9paisseur. Tr\u00e8s adh\u00e9sif. Le panneau aimant\u00e9 est disponible avec diverses inscriptions.<\/p>\n<p>Sur demande du client, disponible d\u00e8s 10 pc avec d&rsquo;autres inscriptions.<\/p>\n<p>Poids : 90 g.<\/p>\n","protected":false},"excerpt":{"rendered":"<p>Panneau aimant\u00e9 dans les dimensions 36 cm x 12 cm et 1 mm d&rsquo;\u00e9paisseur. Tr\u00e8s adh\u00e9sif. Le panneau aimant\u00e9 est disponible avec diverses inscriptions.<\/p>\n<p>Sur demande du client, disponible d\u00e8s 10 pc avec d&rsquo;autres inscriptions.<\/p>\n<p>Poids : 90 g.<\/p>\n","protected":false},"featured_media":72323,"comment_status":"open","ping_status":"closed","template":"","meta":{"inline_featured_image":false},"product_brand":[],"product_cat":[2453,1671],"product_tag":[1781,1793],"class_list":{"0":"post-141459","1":"product","2":"type-product","3":"status-publish","4":"has-post-thumbnail","6":"product_cat-panneaux-magnetiques","7":"product_cat-signes-pour-vehicules","8":"product_tag-police-securite","9":"product_tag-vehicule-route","11":"first","12":"instock","13":"taxable","14":"shipping-taxable","15":"purchasable","16":"product-type-simple"},"_links":{"self":[{"href":"https:\/\/metal-badge.ch\/fr\/wp-json\/wp\/v2\/product\/141459","targetHints":{"allow":["GET"]}}],"collection":[{"href":"https:\/\/metal-badge.ch\/fr\/wp-json\/wp\/v2\/product"}],"about":[{"href":"https:\/\/metal-badge.ch\/fr\/wp-json\/wp\/v2\/types\/product"}],"replies":[{"embeddable":true,"href":"https:\/\/metal-badge.ch\/fr\/wp-json\/wp\/v2\/comments?post=141459"}],"wp:featuredmedia":[{"embeddable":true,"href":"https:\/\/metal-badge.ch\/fr\/wp-json\/wp\/v2\/media\/72323"}],"wp:attachment":[{"href":"https:\/\/metal-badge.ch\/fr\/wp-json\/wp\/v2\/media?parent=141459"}],"wp:term":[{"taxonomy":"product_brand","embeddable":true,"href":"https:\/\/metal-badge.ch\/fr\/wp-json\/wp\/v2\/product_brand?post=141459"},{"taxonomy":"product_cat","embeddable":true,"href":"https:\/\/metal-badge.ch\/fr\/wp-json\/wp\/v2\/product_cat?post=141459"},{"taxonomy":"product_tag","embeddable":true,"href":"https:\/\/metal-badge.ch\/fr\/wp-json\/wp\/v2\/product_tag?post=141459"}],"curies":[{"name":"wp","href":"https:\/\/api.w.org\/{rel}","templated":true}]}}