{"id":141455,"date":"2024-09-19T03:38:33","date_gmt":"2024-09-19T01:38:34","guid":{"rendered":"https:\/\/metal-badge.ch\/?post_type=product&#038;p=141455"},"modified":"2024-09-19T03:47:40","modified_gmt":"2024-09-19T01:47:40","slug":"polizia-magnetic-signs-magnetic-labelling","status":"publish","type":"product","link":"https:\/\/metal-badge.ch\/fr\/product\/141455\/polizia-magnetic-signs-magnetic-labelling\/","title":{"rendered":"POLIZIA &#8211; magnetic signs \/ magnetic labelling"},"content":{"rendered":"<p>Nous proposons une large gamme de plaques magn\u00e9tiques pour toutes sortes de v\u00e9hicules.<\/p>\n<p>Nos plaques magn\u00e9tiques en version standard, taille L&nbsp;x&nbsp;H \/ 35&nbsp;cm&nbsp;x&nbsp;12&nbsp;cm<\/p>\n<p>Elles sont disponibles en plusieurs couleurs et sont r\u00e9fl\u00e9chissants selon la norme EN.&nbsp;<\/p>\n<p>Concevez votre propre plaque magn\u00e9tique. D\u2019autres couleurs et tailles sont \u00e9galement disponibles.<span class=\"Apple-converted-space\">&nbsp;<\/span><\/p>\n<p><strong>Informations sur le produit&nbsp;:<span class=\"Apple-converted-space\">&nbsp;<\/span><\/strong><\/p>\n<ul>\n<li>R\u00e9sistant aux intemp\u00e9ries et aux UV&nbsp;<\/li>\n<li>Plaques magn\u00e9tiques avec une adh\u00e9rence maximale<\/li>\n<li>Diverses fables disponibles<span class=\"Apple-converted-space\">&nbsp;<\/span><\/li>\n<li>Fixation et retrait rapides&nbsp;<\/li>\n<li>R\u00e9sistant aux solvants et \u00e0 l\u2019eau sal\u00e9e&nbsp;<\/li>\n<li>Se nettoient facilement avec un d\u00e9tergent, m\u00eame dans une station de lavage&nbsp;<\/li>\n<li>Bonne visibilit\u00e9 et r\u00e9fl\u00e9chissant<\/li>\n<li>Vaste champ d\u2019application pour toutes les organisations de s\u00e9curit\u00e9 et d\u2019\u00e9clairage bleu, les autorit\u00e9s, les entreprises, les surfaces publicitaires, les plaques nominatives pour les chauffeurs de camion, etc.<\/li>\n<li>Dimensions&nbsp;: 35&nbsp;cm&nbsp;x&nbsp;12&nbsp;cm&nbsp;&nbsp;<\/li>\n<\/ul>\n<p><i>Contactez-nous pour cr\u00e9er votre plaque personnalis\u00e9e avec la couleur souhait\u00e9e r\u00e9fl\u00e9chissante 35&nbsp;x&nbsp;12&nbsp;cm&nbsp;<br \/>\ninfo@metal-badge.ch<\/i><\/p>\n<ul>\n<li>1&nbsp; \u00e0 10&nbsp; pi\u00e8ces \u00e0 28.-&nbsp;<\/li>\n<li>11 \u00e0 30&nbsp;pi\u00e8ces&nbsp; \u00e0 25.-&nbsp;<\/li>\n<li>31 \u00e0 100&nbsp;pi\u00e8ces \u00e0 21.-<\/li>\n<\/ul>\n","protected":false},"excerpt":{"rendered":"<p>Nous proposons une large gamme de plaques magn\u00e9tiques pour toutes sortes de v\u00e9hicules.<\/p>\n<p>Nos plaques magn\u00e9tiques en version standard, taille L&nbsp;x&nbsp;H \/ 35&nbsp;cm&nbsp;x&nbsp;12&nbsp;cm<\/p>\n<p>Elles sont disponibles en plusieurs couleurs et sont r\u00e9fl\u00e9chissants selon la norme EN.&nbsp;<\/p>\n<p>Concevez votre propre plaque magn\u00e9tique. D\u2019autres couleurs et tailles sont \u00e9galement disponibles.<span class=\"Apple-converted-space\">&nbsp;<\/span><\/p>\n","protected":false},"featured_media":132324,"comment_status":"closed","ping_status":"closed","template":"","meta":{"inline_featured_image":false},"product_brand":[],"product_cat":[1946,887,2453,1671],"product_tag":[1781,1793],"class_list":{"0":"post-141455","1":"product","2":"type-product","3":"status-publish","4":"has-post-thumbnail","6":"product_cat-organisations-lumiere-bleue-securite","7":"product_cat-accessoires","8":"product_cat-panneaux-magnetiques","9":"product_cat-signes-pour-vehicules","10":"product_tag-police-securite","11":"product_tag-vehicule-route","13":"first","14":"instock","15":"taxable","16":"shipping-taxable","17":"purchasable","18":"product-type-simple"},"_links":{"self":[{"href":"https:\/\/metal-badge.ch\/fr\/wp-json\/wp\/v2\/product\/141455","targetHints":{"allow":["GET"]}}],"collection":[{"href":"https:\/\/metal-badge.ch\/fr\/wp-json\/wp\/v2\/product"}],"about":[{"href":"https:\/\/metal-badge.ch\/fr\/wp-json\/wp\/v2\/types\/product"}],"replies":[{"embeddable":true,"href":"https:\/\/metal-badge.ch\/fr\/wp-json\/wp\/v2\/comments?post=141455"}],"wp:featuredmedia":[{"embeddable":true,"href":"https:\/\/metal-badge.ch\/fr\/wp-json\/wp\/v2\/media\/132324"}],"wp:attachment":[{"href":"https:\/\/metal-badge.ch\/fr\/wp-json\/wp\/v2\/media?parent=141455"}],"wp:term":[{"taxonomy":"product_brand","embeddable":true,"href":"https:\/\/metal-badge.ch\/fr\/wp-json\/wp\/v2\/product_brand?post=141455"},{"taxonomy":"product_cat","embeddable":true,"href":"https:\/\/metal-badge.ch\/fr\/wp-json\/wp\/v2\/product_cat?post=141455"},{"taxonomy":"product_tag","embeddable":true,"href":"https:\/\/metal-badge.ch\/fr\/wp-json\/wp\/v2\/product_tag?post=141455"}],"curies":[{"name":"wp","href":"https:\/\/api.w.org\/{rel}","templated":true}]}}