{"id":141412,"date":"2024-09-18T00:23:09","date_gmt":"2024-09-17T22:23:10","guid":{"rendered":"https:\/\/metal-badge.ch\/?post_type=product&#038;p=141412"},"modified":"2024-09-18T00:42:50","modified_gmt":"2024-09-17T22:42:50","slug":"forstwart-vert-foret-reflechissant-inscription-magnetique","status":"publish","type":"product","link":"https:\/\/metal-badge.ch\/fr\/product\/141412\/forstwart-vert-foret-reflechissant-inscription-magnetique\/","title":{"rendered":"Forstwart Vert for\u00eat r\u00e9fl\u00e9chissant \/ inscription  magn\u00e9tique"},"content":{"rendered":"<p><span style=\"font-weight: 400;\">Nous proposons une large gamme de panneaux magn\u00e9tiques pour tous les types de v\u00e9hicules.<\/span><\/p>\n<p><span style=\"font-weight: 400;\">Nos panneaux magn\u00e9tiques dans la version standard, de taille L x H \/ 35 cm x 12 cm sont disponibles en diff\u00e9rentes couleurs et r\u00e9fl\u00e9chissantes selon la norme EN.&nbsp;<\/span><\/p>\n<p><b>Informations du produit :<\/b><\/p>\n<ul>\n<li><span style=\"font-weight: 400;\">R\u00e9sistant aux intemp\u00e9ries et aux UV.&nbsp;<\/span><\/li>\n<li><span style=\"font-weight: 400;\">Panneaux magn\u00e9tiques avec une adh\u00e9rence maximale<\/span><\/li>\n<li><span style=\"font-weight: 400;\">Rapides \u00e0 appliquer et \u00e0 retirer&nbsp;<\/span><\/li>\n<li><span style=\"font-weight: 400;\">R\u00e9sistants aux solvants et \u00e0 l&rsquo;eau sal\u00e9e&nbsp;<\/span><\/li>\n<li><span style=\"font-weight: 400;\">Peuvent \u00eatre bien nettoy\u00e9s avec un d\u00e9tergent, m\u00eame dans un lavage de voiture&nbsp;<\/span><\/li>\n<li><span style=\"font-weight: 400;\">Bonne visibilit\u00e9 et r\u00e9flexion<\/span><\/li>\n<li><span style=\"font-weight: 400;\">Large \u00e9ventail d&rsquo;applications pour toutes les organisations de s\u00e9curit\u00e9 et de feux bleus, les autorit\u00e9s, les entreprises, les espaces publicitaires, les plaques signal\u00e9tiques pour les chauffeurs de camion, etc.<\/span><\/li>\n<li><span style=\"font-weight: 400;\">Taille : 35 cm x 12 cm&nbsp;&nbsp;<\/span><\/li>\n<\/ul>\n<p><i><span style=\"font-weight: 400;\">Contactez-nous pour votre <\/span><\/i><i><span style=\"font-weight: 400;\">panneau individuel avec couleur r\u00e9fl\u00e9chissante de votre choix 35 x 12 cm&nbsp;<br \/>\n<a href=\"mailto:info@metal-badge.ch\" target=\"_blank\" rel=\"noopener\">info@metal-badge.ch<\/a><br \/>\n<\/span><\/i><\/p>\n<ul>\n<li><i><span style=\"font-weight: 400;\">1 \u00e0 10 unit\u00e9s, 28.-&nbsp;<\/span><\/i><\/li>\n<li><i><span style=\"font-weight: 400;\">11 \u00e0 30 unit\u00e9s, 25.-&nbsp;<\/span><\/i><\/li>\n<li><i><span style=\"font-weight: 400;\">31 \u00e0 100 unit\u00e9s, 21.-&nbsp;<\/span><\/i><\/li>\n<\/ul>\n","protected":false},"excerpt":{"rendered":"<p><span style=\"font-weight: 400;\">Nous proposons une large gamme de panneaux magn\u00e9tiques pour tous les types de v\u00e9hicules.<\/span><\/p>\n<p><span style=\"font-weight: 400;\">Nos panneaux magn\u00e9tiques dans la version standard, de taille L x H \/ 35 cm x 12 cm sont disponibles en diff\u00e9rentes couleurs et r\u00e9fl\u00e9chissantes selon la norme EN.&nbsp;<\/span><\/p>\n<p><strong><i>Contactez-nous pour votre <\/i><i>panneau individuel avec couleur r\u00e9fl\u00e9chissante de votre choix 35 x 12 cm&nbsp;<br \/>\n<a href=\"mailto:info@metal-badge.ch\" target=\"_blank\" rel=\"noopener\">info@metal-badge.ch<\/a><br \/>\n<\/i><\/strong><\/p>\n","protected":false},"featured_media":106686,"comment_status":"closed","ping_status":"closed","template":"","meta":{"inline_featured_image":false},"product_brand":[],"product_cat":[1671,2453],"product_tag":[1793],"class_list":{"0":"post-141412","1":"product","2":"type-product","3":"status-publish","4":"has-post-thumbnail","6":"product_cat-signes-pour-vehicules","7":"product_cat-panneaux-magnetiques","8":"product_tag-vehicule-route","10":"first","11":"instock","12":"taxable","13":"shipping-taxable","14":"purchasable","15":"product-type-simple"},"_links":{"self":[{"href":"https:\/\/metal-badge.ch\/fr\/wp-json\/wp\/v2\/product\/141412","targetHints":{"allow":["GET"]}}],"collection":[{"href":"https:\/\/metal-badge.ch\/fr\/wp-json\/wp\/v2\/product"}],"about":[{"href":"https:\/\/metal-badge.ch\/fr\/wp-json\/wp\/v2\/types\/product"}],"replies":[{"embeddable":true,"href":"https:\/\/metal-badge.ch\/fr\/wp-json\/wp\/v2\/comments?post=141412"}],"wp:featuredmedia":[{"embeddable":true,"href":"https:\/\/metal-badge.ch\/fr\/wp-json\/wp\/v2\/media\/106686"}],"wp:attachment":[{"href":"https:\/\/metal-badge.ch\/fr\/wp-json\/wp\/v2\/media?parent=141412"}],"wp:term":[{"taxonomy":"product_brand","embeddable":true,"href":"https:\/\/metal-badge.ch\/fr\/wp-json\/wp\/v2\/product_brand?post=141412"},{"taxonomy":"product_cat","embeddable":true,"href":"https:\/\/metal-badge.ch\/fr\/wp-json\/wp\/v2\/product_cat?post=141412"},{"taxonomy":"product_tag","embeddable":true,"href":"https:\/\/metal-badge.ch\/fr\/wp-json\/wp\/v2\/product_tag?post=141412"}],"curies":[{"name":"wp","href":"https:\/\/api.w.org\/{rel}","templated":true}]}}