{"id":141027,"date":"2024-06-06T03:18:49","date_gmt":"2024-06-06T01:18:50","guid":{"rendered":"https:\/\/metal-badge.ch\/?post_type=product&#038;p=141027"},"modified":"2024-06-06T03:24:24","modified_gmt":"2024-06-06T01:24:24","slug":"casse-vitres-durgence-de-zak-tool","status":"publish","type":"product","link":"https:\/\/metal-badge.ch\/fr\/product\/141027\/casse-vitres-durgence-de-zak-tool\/","title":{"rendered":"Casse-vitres d&rsquo;urgence de ZAK-Tool"},"content":{"rendered":"<p><span style=\"font-weight: 400;\">Le b\u00e2ton d&rsquo;urgence de ZAK-Tool avec porte-cl\u00e9s a \u00e9t\u00e9 d\u00e9velopp\u00e9 par des professionnels des forces d&rsquo;intervention. Les nouvelles vitres de plus en plus r\u00e9sistantes de tous les v\u00e9hicules posent sans cesse de nouveaux d\u00e9fis aux forces d&rsquo;intervention. Gr\u00e2ce \u00e0 sa pointe sp\u00e9cialement tremp\u00e9e, le b\u00e2ton ZAK-Tool peut briser des vitres de jusqu&rsquo;\u00e0 10 mm d&rsquo;\u00e9paisseur, et est donc \u00e9galement \u00e9quip\u00e9 pour les vitres de voitures derni\u00e8re g\u00e9n\u00e9ration. Le syst\u00e8me \u00e0 ressort rend l&rsquo;utilisation est simple, s\u00fbre et contr\u00f4l\u00e9e. Utilisation : Placer la pointe de l&rsquo;outil sur la vitre, tirer l\u00e9g\u00e8rement vers l&rsquo;arri\u00e8re le \u00ab syst\u00e8me de traction \u00e0 ressort \u00bb, puis rel\u00e2cher. La vitre est alors bris\u00e9e en quelques secondes. Un porte-cl\u00e9s de 4 cm est \u00e9galement fourni.&nbsp;<\/span><\/p>\n<p><b>Informations sur le produit :&nbsp;<\/b><\/p>\n<ul>\n<li><span style=\"font-weight: 400;\">Casse-vitres d&rsquo;urgence de ZAK-Tool&nbsp;<\/span><\/li>\n<li><span style=\"font-weight: 400;\">Mod\u00e8le : ZT57K-rouge&nbsp;<\/span><\/li>\n<li><span style=\"font-weight: 400;\">Pointe extr\u00eamement dure&nbsp;<\/span><\/li>\n<li><span style=\"font-weight: 400;\">Permet de briser des tranches de jusqu&rsquo;\u00e0 10 mm d&rsquo;\u00e9paisseur<\/span><\/li>\n<li><span style=\"font-weight: 400;\">Syst\u00e8me \u00e0 ressort pour une utilisation facile<\/span><\/li>\n<li><span style=\"font-weight: 400;\">Poids : 55 g avec anneau de porte-cl\u00e9&nbsp;<\/span><\/li>\n<li><span style=\"font-weight: 400;\">Dimensions : longueur 12 cm&nbsp;<\/span><\/li>\n<li><span style=\"font-weight: 400;\">Couleur : argent\u00e9 \/ rouge&nbsp;<\/span><\/li>\n<li><span style=\"font-weight: 400;\">Mati\u00e8re : acier inoxydable et acier \u00e0 ressort <\/span><\/li>\n<\/ul>\n","protected":false},"excerpt":{"rendered":"<p><span style=\"font-weight: 400;\">Le b\u00e2ton d&rsquo;urgence de ZAK-Tool avec porte-cl\u00e9s a \u00e9t\u00e9 d\u00e9velopp\u00e9 par des professionnels des forces d&rsquo;intervention. Les nouvelles vitres de plus en plus r\u00e9sistantes de tous les v\u00e9hicules posent sans cesse de nouveaux d\u00e9fis aux forces d&rsquo;intervention. Gr\u00e2ce \u00e0 sa pointe sp\u00e9cialement tremp\u00e9e, le b\u00e2ton ZAK-Tool peut briser des vitres de jusqu&rsquo;\u00e0 10 mm d&rsquo;\u00e9paisseur, et est donc \u00e9galement \u00e9quip\u00e9 pour les vitres de voitures derni\u00e8re g\u00e9n\u00e9ration. Le syst\u00e8me \u00e0 ressort rend l&rsquo;utilisation est simple, s\u00fbre et contr\u00f4l\u00e9e. Utilisation : Placer la pointe de l&rsquo;outil sur la vitre, tirer l\u00e9g\u00e8rement vers l&rsquo;arri\u00e8re le \u00ab syst\u00e8me de traction \u00e0 ressort \u00bb, puis rel\u00e2cher. La vitre est alors bris\u00e9e en quelques secondes. Un porte-cl\u00e9s de 4 cm est \u00e9galement fourni.&nbsp;<\/span><\/p>\n","protected":false},"featured_media":141031,"comment_status":"closed","ping_status":"closed","template":"","meta":{"inline_featured_image":false},"product_brand":[],"product_cat":[1463,1946],"product_tag":[1781],"class_list":{"0":"post-141027","1":"product","2":"type-product","3":"status-publish","4":"has-post-thumbnail","6":"product_cat-menottes-bracelets-de-cheville-zak-tool","7":"product_cat-organisations-lumiere-bleue-securite","8":"product_tag-police-securite","10":"first","11":"instock","12":"taxable","13":"shipping-taxable","14":"purchasable","15":"product-type-simple"},"_links":{"self":[{"href":"https:\/\/metal-badge.ch\/fr\/wp-json\/wp\/v2\/product\/141027","targetHints":{"allow":["GET"]}}],"collection":[{"href":"https:\/\/metal-badge.ch\/fr\/wp-json\/wp\/v2\/product"}],"about":[{"href":"https:\/\/metal-badge.ch\/fr\/wp-json\/wp\/v2\/types\/product"}],"replies":[{"embeddable":true,"href":"https:\/\/metal-badge.ch\/fr\/wp-json\/wp\/v2\/comments?post=141027"}],"wp:featuredmedia":[{"embeddable":true,"href":"https:\/\/metal-badge.ch\/fr\/wp-json\/wp\/v2\/media\/141031"}],"wp:attachment":[{"href":"https:\/\/metal-badge.ch\/fr\/wp-json\/wp\/v2\/media?parent=141027"}],"wp:term":[{"taxonomy":"product_brand","embeddable":true,"href":"https:\/\/metal-badge.ch\/fr\/wp-json\/wp\/v2\/product_brand?post=141027"},{"taxonomy":"product_cat","embeddable":true,"href":"https:\/\/metal-badge.ch\/fr\/wp-json\/wp\/v2\/product_cat?post=141027"},{"taxonomy":"product_tag","embeddable":true,"href":"https:\/\/metal-badge.ch\/fr\/wp-json\/wp\/v2\/product_tag?post=141027"}],"curies":[{"name":"wp","href":"https:\/\/api.w.org\/{rel}","templated":true}]}}