{"id":140915,"date":"2024-06-06T01:13:21","date_gmt":"2024-06-05T23:13:23","guid":{"rendered":"https:\/\/metal-badge.ch\/?post_type=product&#038;p=140915"},"modified":"2024-06-06T01:40:14","modified_gmt":"2024-06-05T23:40:14","slug":"12-led-a-flash-stroboscopique-18-modes-differents-jaune-blanc","status":"publish","type":"product","link":"https:\/\/metal-badge.ch\/fr\/product\/140915\/12-led-a-flash-stroboscopique-18-modes-differents-jaune-blanc\/","title":{"rendered":"12 LED \u00e0 flash stroboscopique, 18 modes diff\u00e9rents jaune \/ blanc"},"content":{"rendered":"<p><span style=\"font-weight: 400;\">Cet article est une barre stroboscopique 12 LED super lumineuse, de couleur jaune\/blanche, avec 18 fonctions de clignotement\/stroboscopiques et un bouton int\u00e9gr\u00e9 pour passer du jaune au blanc uniquement, etc. Facile \u00e0 utiliser. Longueur du c\u00e2ble : 2,80 m. Utilisable \u00e0 l&rsquo;int\u00e9rieur et \u00e0 l&rsquo;ext\u00e9rieur. Pieds \u00e9quip\u00e9s de 4 aimants puissants chacun. L&rsquo;ensemble de la barre lumineuse peut \u00eatre orient\u00e9e vers le bas et vers le haut.&nbsp;&nbsp;<\/span><\/p>\n<p><span style=\"font-weight: 400;\">Montage rapide et facile sur le pare-brise \u00e0 l&rsquo;arri\u00e8re ou \u00e0 l&rsquo;avant, ainsi qu&rsquo;\u00e0 l&rsquo;ext\u00e9rieur. La puissance de 12 V se branche simplement sur l&rsquo;allume-cigare de la voiture \u00e0 l&rsquo;aide du c\u00e2ble. L&rsquo;angle d&rsquo;inclinaison de la barre lumineuse est r\u00e9glable vers le haut et vers le bas et peut donc \u00eatre adapt\u00e9 au pare-brise. Le bouton marche\/arr\u00eat et le programme sont incorpor\u00e9s dans la prise.<\/span><\/p>\n<p><b>Informations sur le produit :<\/b><\/p>\n<ul>\n<li><span style=\"font-weight: 400;\">D\u00e9signation : Barre lumineuse stroboscopique \/ clignotante&nbsp;<\/span><\/li>\n<li><span style=\"font-weight: 400;\">Mod\u00e8le jaune \/ blanc&nbsp;<\/span><\/li>\n<li><span style=\"font-weight: 400;\">Produit&nbsp;: 12 LED&nbsp;<\/span><\/li>\n<li><span style=\"font-weight: 400;\">18 programmes diff\u00e9rents avec lumi\u00e8re stroboscopique blanche et jaune&nbsp;&nbsp;<\/span><\/li>\n<li><span style=\"font-weight: 400;\">Mati\u00e8re : PC et aluminium&nbsp;<\/span><\/li>\n<li><span style=\"font-weight: 400;\">\u00c9tanch\u00e9it\u00e9 : IP65&nbsp;<\/span><\/li>\n<li><span style=\"font-weight: 400;\">12 volts<\/span><\/li>\n<li><span style=\"font-weight: 400;\">Couleur du bo\u00eetier&nbsp;: noir<\/span><\/li>\n<li><span style=\"font-weight: 400;\">Couleur de la lumi\u00e8re : jaune \/ blanc, 18 modes<\/span><\/li>\n<li><span style=\"font-weight: 400;\">Poids : 560 g&nbsp;<\/span><\/li>\n<li><span style=\"font-weight: 400;\">Dimensions&nbsp;: longueur 30 cm \/ hauteur 5,5 cm avec pieds \/ largeur 4,5 cm<\/span><\/li>\n<li><span style=\"font-weight: 400;\">Nous proposons \u00e9galement des barres lumineuses dans d&rsquo;autres couleurs<\/span><\/li>\n<\/ul>\n<p><iframe src=\"\/\/www.youtube.com\/embed\/T7mzuWo0mwM\" width=\"500\" height=\"280\" allowfullscreen=\"allowfullscreen\"><\/iframe><\/p>\n","protected":false},"excerpt":{"rendered":"<p><span style=\"font-weight: 400;\">Cet article est une barre stroboscopique 12 LED super lumineuse, de couleur jaune\/blanche, avec 18 fonctions de clignotement\/stroboscopiques et un bouton int\u00e9gr\u00e9 pour passer du jaune au blanc uniquement, etc. Facile \u00e0 utiliser. Longueur du c\u00e2ble : 2,80 m. Utilisable \u00e0 l&rsquo;int\u00e9rieur et \u00e0 l&rsquo;ext\u00e9rieur. Pieds \u00e9quip\u00e9s de 4 aimants puissants chacun. L&rsquo;ensemble de la barre lumineuse peut \u00eatre orient\u00e9e vers le bas et vers le haut.&nbsp;&nbsp;<\/span><\/p>\n","protected":false},"featured_media":140955,"comment_status":"closed","ping_status":"closed","template":"","meta":{"inline_featured_image":false},"product_brand":[],"product_cat":[1343,887,1946],"product_tag":[1785,1793],"class_list":{"0":"post-140915","1":"product","2":"type-product","3":"status-publish","4":"has-post-thumbnail","6":"product_cat-lampes-lampes-de-poche","7":"product_cat-accessoires","8":"product_cat-organisations-lumiere-bleue-securite","9":"product_tag-premiers-secours-sauvetage","10":"product_tag-vehicule-route","12":"first","13":"instock","14":"taxable","15":"shipping-taxable","16":"purchasable","17":"product-type-simple"},"_links":{"self":[{"href":"https:\/\/metal-badge.ch\/fr\/wp-json\/wp\/v2\/product\/140915","targetHints":{"allow":["GET"]}}],"collection":[{"href":"https:\/\/metal-badge.ch\/fr\/wp-json\/wp\/v2\/product"}],"about":[{"href":"https:\/\/metal-badge.ch\/fr\/wp-json\/wp\/v2\/types\/product"}],"replies":[{"embeddable":true,"href":"https:\/\/metal-badge.ch\/fr\/wp-json\/wp\/v2\/comments?post=140915"}],"wp:featuredmedia":[{"embeddable":true,"href":"https:\/\/metal-badge.ch\/fr\/wp-json\/wp\/v2\/media\/140955"}],"wp:attachment":[{"href":"https:\/\/metal-badge.ch\/fr\/wp-json\/wp\/v2\/media?parent=140915"}],"wp:term":[{"taxonomy":"product_brand","embeddable":true,"href":"https:\/\/metal-badge.ch\/fr\/wp-json\/wp\/v2\/product_brand?post=140915"},{"taxonomy":"product_cat","embeddable":true,"href":"https:\/\/metal-badge.ch\/fr\/wp-json\/wp\/v2\/product_cat?post=140915"},{"taxonomy":"product_tag","embeddable":true,"href":"https:\/\/metal-badge.ch\/fr\/wp-json\/wp\/v2\/product_tag?post=140915"}],"curies":[{"name":"wp","href":"https:\/\/api.w.org\/{rel}","templated":true}]}}