{"id":140714,"date":"2024-06-05T18:53:29","date_gmt":"2024-06-05T16:53:29","guid":{"rendered":"https:\/\/metal-badge.ch\/?post_type=product&#038;p=140714"},"modified":"2025-04-29T21:56:03","modified_gmt":"2025-04-29T19:56:03","slug":"veste-armadillo-resistante-aux-perforations-legere-et-fiable","status":"publish","type":"product","link":"https:\/\/metal-badge.ch\/fr\/product\/140714\/veste-armadillo-resistante-aux-perforations-legere-et-fiable\/","title":{"rendered":"Veste Armadillo r\u00e9sistante aux perforations, l\u00e9g\u00e8re et fiable"},"content":{"rendered":"<p><img decoding=\"async\" class=\"alignnone size-medium wp-image-134311\" src=\"https:\/\/metal-badge.ch\/wp-content\/uploads\/2023\/11\/Armadillo-300x136.png\" alt=\"\" width=\"300\" height=\"136\" srcset=\"https:\/\/metal-badge.ch\/wp-content\/uploads\/2023\/11\/Armadillo-300x136.png 300w, https:\/\/metal-badge.ch\/wp-content\/uploads\/2023\/11\/Armadillo-150x68.png 150w, https:\/\/metal-badge.ch\/wp-content\/uploads\/2023\/11\/Armadillo-64x29.png 64w, https:\/\/metal-badge.ch\/wp-content\/uploads\/2023\/11\/Armadillo.png 400w\" sizes=\"(max-width: 300px) 100vw, 300px\" \/>&nbsp;<\/p>\n<p><span style=\"font-weight: 400;\">La veste r\u00e9sistante aux perforations est id\u00e9ale pour une protection compl\u00e8te et discr\u00e8te. Gr\u00e2ce au mat\u00e9riau de protection sp\u00e9cial, le fabricant a r\u00e9ussi \u00e0 couvrir de larges zones du haut du corps. Le ventre et le dos sont ainsi parfaitement prot\u00e9g\u00e9s. Bien que la veste offre une grande surface de protection, elle ne p\u00e8se que 1,9 kg (en taille L) et est donc toujours agr\u00e9able \u00e0 porter, avec sa surface prot\u00e9g\u00e9e d&rsquo;environ 0,3 m\u00b2. Le confort qu&rsquo;elle offre est aussi consid\u00e9rablement am\u00e9lior\u00e9 par la grande flexibilit\u00e9 du mat\u00e9riau de protection anti-perforations. Cela permet de porter cette veste en permanence, sans aucune restriction. Les \u00e9l\u00e9ments de protection anti-perforations peuvent \u00eatre retir\u00e9s de la veste et nettoy\u00e9s.&nbsp;<\/span><\/p>\n<p><span style=\"font-weight: 400;\">La veste est imperm\u00e9able et coupe-vent. La capuche, qui comporte un cordon de serrage, offre une protection suppl\u00e9mentaire contre la pluie et peut \u00eatre retir\u00e9e \u00e0 volont\u00e9 au moyen d&rsquo;une fermeture \u00e0 glissi\u00e8re. La veste comporte trois grandes poches zipp\u00e9es \u00e0 l&rsquo;ext\u00e9rieur.<\/span><\/p>\n<p><span style=\"font-weight: 400;\">Elle comporte un \u00e9lastique \u00e0 la taille pour un meilleur ajustement.&nbsp;&nbsp;<\/span><\/p>\n<p><span style=\"font-weight: 400;\">Les ourlets des manches peuvent \u00e9galement \u00eatre r\u00e9gl\u00e9s \u00e0 l&rsquo;aide de velcros et d&rsquo;\u00e9lasthanne. La zone de la fermeture \u00e9clair est \u00e9galement totalement prot\u00e9g\u00e9e contre les perforations, la fermeture \u00e9clair \u00e9tant en outre recouverte d&rsquo;une bande en velcro.<\/span><\/p>\n<p><span style=\"font-weight: 400;\">Le tissu ext\u00e9rieur de la veste est facilement lavable. Il est donc ais\u00e9 de la nettoyer. La technique utilis\u00e9e pour fabriquer cette veste de protection et d&rsquo;autres v\u00eatements anti-perforations est innovante et unique au monde. Apr\u00e8s des ann\u00e9es de recherche intensive, il a \u00e9t\u00e9 possible de fabriquer un composite textile qui soit \u00e0 la fois s\u00fbr, l\u00e9ger et flexible. La couche de protection est constitu\u00e9e d&rsquo;un tissu en aramide tr\u00e8s r\u00e9sistant sur lequel est appliqu\u00e9 un plastique sp\u00e9cial ins\u00e9parable. Les fibres \u00e0 haute r\u00e9sistance et le plastique absorbant l&rsquo;\u00e9nergie rendent le mat\u00e9riauparticuli\u00e8rement l\u00e9ger. Le fabricant s&rsquo;est inspir\u00e9 du tatou (armadillo) pour garantir une plus grande flexibilit\u00e9 et amplitude de mouvement. Comme chez ce mammif\u00e8re blind\u00e9, une structure d&rsquo;\u00e9cailles qui se chevauchent est utilis\u00e9e pour cette veste anti-lac\u00e9rations. Cependant, contrairement \u00e0 ce que pr\u00e9sentent les mod\u00e8les d&rsquo;autres fournisseurs, les \u00e9cailles sont dispos\u00e9es ici de mani\u00e8re \u00e0 ce qu&rsquo;il ne soit possible de les s\u00e9parer. Cela permet d&rsquo;obtenir un haut niveau de s\u00e9curit\u00e9 combin\u00e9 \u00e0 une flexibilit\u00e9 maximale.<\/span><\/p>\n<p><b>Informations sur le produit :<\/b><\/p>\n<ul>\n<li><span style=\"font-weight: 400;\">D\u00e9signation : Veste anti-perforations Armadillo LBV-J2<\/span><\/li>\n<li><span style=\"font-weight: 400;\">Couleur : noir&nbsp;<\/span><\/li>\n<li><span style=\"font-weight: 400;\">Veste antiperforations de haute qualit\u00e9 assurant une protection discr\u00e8te contre les perforations sur tous les c\u00f4t\u00e9s<\/span><span style=\"font-weight: 400;\"><br \/>\n<\/span><\/li>\n<li><span style=\"font-weight: 400;\">Mat\u00e9riau :&nbsp;Tissu ext\u00e9rieur 100 % polyester, imperm\u00e9able, coupe-vent et respirant&nbsp;<\/span><\/li>\n<li><span style=\"font-weight: 400;\">Couche de protection : composite d&rsquo;aramide<\/span><\/li>\n<li><span style=\"font-weight: 400;\">Imperm\u00e9able, coupe-vent, respirant<\/span><\/li>\n<li><span style=\"font-weight: 400;\">Avec capuche d\u00e9tachable par fermeture \u00e0 glissi\u00e8re&nbsp;<\/span><\/li>\n<li><span style=\"font-weight: 400;\">La fermeture \u00e9clair frontale dispose \u00e9galement d&rsquo;une protection contre les perforations et est recouverte d&rsquo;une bande Velcro.<\/span><\/li>\n<li><span style=\"font-weight: 400;\">3 grandes poches ext\u00e9rieures \u00e0 fermeture \u00e9clair&nbsp;<\/span><\/li>\n<li><span style=\"font-weight: 400;\">Poids minimal : Taille L \/ 1,9 kg&nbsp;<\/span><\/li>\n<li><span style=\"font-weight: 400;\">Poignets \u00e9lastiques avec velcro pour le r\u00e9glage.<\/span><\/li>\n<li><span style=\"font-weight: 400;\">Ceinture \u00e9lastique r\u00e9glable<\/span><\/li>\n<li><span style=\"font-weight: 400;\">flexibilit\u00e9 maximale : gr\u00e2ce au syst\u00e8me intelligent de protection \u00e0 \u00e9cailles, vous n&rsquo;\u00eates pas g\u00ean\u00e9 dans vos mouvements par la protection contre les lac\u00e9rations<\/span><\/li>\n<li><span style=\"font-weight: 400;\">Protection discr\u00e8te : \u00e9galement adapt\u00e9 au port en civil<\/span><span style=\"font-weight: 400;\"><br \/>\n<\/span><span style=\"font-weight: 400;\">Tailles : S, M, L, XL, 2XL&nbsp;<\/span><\/li>\n<\/ul>\n","protected":false},"excerpt":{"rendered":"<p><img decoding=\"async\" class=\"alignnone size-medium wp-image-134311\" src=\"https:\/\/metal-badge.ch\/wp-content\/uploads\/2023\/11\/Armadillo-300x136.png\" alt=\"\" width=\"300\" height=\"136\" srcset=\"https:\/\/metal-badge.ch\/wp-content\/uploads\/2023\/11\/Armadillo-300x136.png 300w, https:\/\/metal-badge.ch\/wp-content\/uploads\/2023\/11\/Armadillo-150x68.png 150w, https:\/\/metal-badge.ch\/wp-content\/uploads\/2023\/11\/Armadillo-64x29.png 64w, https:\/\/metal-badge.ch\/wp-content\/uploads\/2023\/11\/Armadillo.png 400w\" sizes=\"(max-width: 300px) 100vw, 300px\" \/>&nbsp;<\/p>\n<p><span style=\"font-weight: 400;\">La veste r\u00e9sistante aux perforations est id\u00e9ale pour une protection compl\u00e8te et discr\u00e8te. Gr\u00e2ce au mat\u00e9riau de protection sp\u00e9cial, le fabricant a r\u00e9ussi \u00e0 couvrir de larges zones du haut du corps. Le ventre et le dos sont ainsi parfaitement prot\u00e9g\u00e9s. Bien que la veste offre une grande surface de protection, elle ne p\u00e8se que 1,9 kg (en taille L) et est donc toujours agr\u00e9able \u00e0 porter, avec sa surface prot\u00e9g\u00e9e d&rsquo;environ 0,3 m\u00b2. Le confort qu&rsquo;elle offre est aussi consid\u00e9rablement am\u00e9lior\u00e9 par la grande flexibilit\u00e9 du mat\u00e9riau de protection anti-perforations. Cela permet de porter cette veste en permanence, sans aucune restriction. Les \u00e9l\u00e9ments de protection anti-perforations peuvent \u00eatre retir\u00e9s de la veste et nettoy\u00e9s.&nbsp;<\/span><\/p>\n","protected":false},"featured_media":140718,"comment_status":"closed","ping_status":"closed","template":"","meta":{"inline_featured_image":false},"product_brand":[],"product_cat":[2215,1946,1634,2521,1606],"product_tag":[1781],"class_list":{"0":"post-140714","1":"product","2":"type-product","3":"status-publish","4":"has-post-thumbnail","6":"product_cat-vestes_tactiques","7":"product_cat-organisations-lumiere-bleue-securite","8":"product_cat-vestes-and-vetements-tactiques-couleurs-de-camouflage","9":"product_cat-vetements-de-protection-protection-contre-les-coupures-et-les-blessures","10":"product_cat-vetements-haute-visibilite-et-lumineux","11":"product_tag-police-securite","13":"first","14":"instock","15":"taxable","16":"shipping-taxable","17":"purchasable","18":"product-type-simple"},"_links":{"self":[{"href":"https:\/\/metal-badge.ch\/fr\/wp-json\/wp\/v2\/product\/140714","targetHints":{"allow":["GET"]}}],"collection":[{"href":"https:\/\/metal-badge.ch\/fr\/wp-json\/wp\/v2\/product"}],"about":[{"href":"https:\/\/metal-badge.ch\/fr\/wp-json\/wp\/v2\/types\/product"}],"replies":[{"embeddable":true,"href":"https:\/\/metal-badge.ch\/fr\/wp-json\/wp\/v2\/comments?post=140714"}],"wp:featuredmedia":[{"embeddable":true,"href":"https:\/\/metal-badge.ch\/fr\/wp-json\/wp\/v2\/media\/140718"}],"wp:attachment":[{"href":"https:\/\/metal-badge.ch\/fr\/wp-json\/wp\/v2\/media?parent=140714"}],"wp:term":[{"taxonomy":"product_brand","embeddable":true,"href":"https:\/\/metal-badge.ch\/fr\/wp-json\/wp\/v2\/product_brand?post=140714"},{"taxonomy":"product_cat","embeddable":true,"href":"https:\/\/metal-badge.ch\/fr\/wp-json\/wp\/v2\/product_cat?post=140714"},{"taxonomy":"product_tag","embeddable":true,"href":"https:\/\/metal-badge.ch\/fr\/wp-json\/wp\/v2\/product_tag?post=140714"}],"curies":[{"name":"wp","href":"https:\/\/api.w.org\/{rel}","templated":true}]}}