{"id":140490,"date":"2024-06-05T07:45:28","date_gmt":"2024-06-05T05:45:29","guid":{"rendered":"https:\/\/metal-badge.ch\/?post_type=product&#038;p=140490"},"modified":"2024-06-05T07:55:00","modified_gmt":"2024-06-05T05:55:00","slug":"lance-pierres-camouflage-avec-billes-en-acier-de-8-mm","status":"publish","type":"product","link":"https:\/\/metal-badge.ch\/fr\/product\/140490\/lance-pierres-camouflage-avec-billes-en-acier-de-8-mm\/","title":{"rendered":"Lance-pierres \u00ab Camouflage \u00bb avec billes en acier de 8 mm."},"content":{"rendered":"<p><span style=\"font-weight: 400;\">Ce lance-pierre vous permet de tirer sur des cibles en plein air, ce qui est particuli\u00e8rement amusant. Ce lance-pierre \/ cette fronde en acier robuste offre une grande stabilit\u00e9 lors du tir et tient bien en main gr\u00e2ce \u00e0 sa poign\u00e9e ergonomique. La fronde est \u00e9quip\u00e9 d&rsquo;un triple \u00e9lastique robuste qui conf\u00e8re aux projectiles une grande vitesse de tir. Fronde simple avec une bonne pr\u00e9cision. Avec un peu de pratique, ce lance-pierre permet <\/span><b>des lancers tr\u00e8s pr\u00e9cis jusqu&rsquo;\u00e0 15 m\u00e8tres<\/b><span style=\"font-weight: 400;\">.<\/span> <span style=\"font-weight: 400;\">20 billes d&rsquo;acier de 8 mm de diam\u00e8tre sont incluses. <\/span><b><i>Ce lance-pierre n&rsquo;est pas soumis \u00e0 la l\u00e9gislation sur les armes en raison de l&rsquo;absence de repose-bras ou d\u2019autre dispositif similaire.<\/i><\/b><\/p>\n<p><b>Informations sur le produit :<\/b><\/p>\n<ul>\n<li><span style=\"font-weight: 400;\">D\u00e9signation : Lance-pierre \u00ab&nbsp;Camouflage&nbsp;\u00bb&nbsp;<\/span><\/li>\n<li><span style=\"font-weight: 400;\">Couleur : Camouflage<\/span><\/li>\n<li><span style=\"font-weight: 400;\">Fronde : Acier&nbsp;<\/span><\/li>\n<li><span style=\"font-weight: 400;\">Poign\u00e9e : ABS ergonomique camouflage<\/span><\/li>\n<li><span style=\"font-weight: 400;\">La fronde compte un triple \u00e9lastique robuste<\/span><\/li>\n<li><span style=\"font-weight: 400;\">Poids : 85gr&nbsp;<\/span><\/li>\n<li><span style=\"font-weight: 400;\">Dimensions de la poign\u00e9e : longueur 10 cm\/ largeur 3 cm<\/span><\/li>\n<li><span style=\"font-weight: 400;\">Dimensions de la fronde : 8 cm de large x 5 cm de hauteur&nbsp;<\/span><\/li>\n<li><span style=\"font-weight: 400;\">Avec 20 billes en acier de 8 mm de diam\u00e8tre<\/span><\/li>\n<\/ul>\n<p>&nbsp;<\/p>\n","protected":false},"excerpt":{"rendered":"<p><span style=\"font-weight: 400;\">Ce lance-pierre vous permet de tirer sur des cibles en plein air, ce qui est particuli\u00e8rement amusant. Ce lance-pierre \/ cette fronde en acier robuste offre une grande stabilit\u00e9 lors du tir et tient bien en main gr\u00e2ce \u00e0 sa poign\u00e9e ergonomique. La fronde est \u00e9quip\u00e9 d&rsquo;un triple \u00e9lastique robuste qui conf\u00e8re aux projectiles une grande vitesse de tir. Fronde simple avec une bonne pr\u00e9cision. Avec un peu de pratique, ce lance-pierre permet <\/span><b>des lancers tr\u00e8s pr\u00e9cis jusqu&rsquo;\u00e0 15 m\u00e8tres<\/b><span style=\"font-weight: 400;\">.<\/span> <span style=\"font-weight: 400;\">20 billes d&rsquo;acier de 8 mm de diam\u00e8tre sont incluses. <\/span><b><i>Ce lance-pierre n&rsquo;est pas soumis \u00e0 la l\u00e9gislation sur les armes en raison de l&rsquo;absence de repose-bras ou d\u2019autre dispositif similaire.<\/i><\/b><\/p>\n","protected":false},"featured_media":140494,"comment_status":"closed","ping_status":"closed","template":"","meta":{"inline_featured_image":false},"product_brand":[],"product_cat":[1347,887,1211,1475],"product_tag":[1765],"class_list":{"0":"post-140490","1":"product","2":"type-product","3":"status-publish","4":"has-post-thumbnail","6":"product_cat-accessoires-militaires-de-chasse","7":"product_cat-accessoires","8":"product_cat-enfants-divertissement","9":"product_cat-tir-a-larc-arbalete-sarbacane","10":"product_tag-sport-outdoor-fr","12":"first","13":"instock","14":"taxable","15":"shipping-taxable","16":"purchasable","17":"product-type-simple"},"_links":{"self":[{"href":"https:\/\/metal-badge.ch\/fr\/wp-json\/wp\/v2\/product\/140490","targetHints":{"allow":["GET"]}}],"collection":[{"href":"https:\/\/metal-badge.ch\/fr\/wp-json\/wp\/v2\/product"}],"about":[{"href":"https:\/\/metal-badge.ch\/fr\/wp-json\/wp\/v2\/types\/product"}],"replies":[{"embeddable":true,"href":"https:\/\/metal-badge.ch\/fr\/wp-json\/wp\/v2\/comments?post=140490"}],"wp:featuredmedia":[{"embeddable":true,"href":"https:\/\/metal-badge.ch\/fr\/wp-json\/wp\/v2\/media\/140494"}],"wp:attachment":[{"href":"https:\/\/metal-badge.ch\/fr\/wp-json\/wp\/v2\/media?parent=140490"}],"wp:term":[{"taxonomy":"product_brand","embeddable":true,"href":"https:\/\/metal-badge.ch\/fr\/wp-json\/wp\/v2\/product_brand?post=140490"},{"taxonomy":"product_cat","embeddable":true,"href":"https:\/\/metal-badge.ch\/fr\/wp-json\/wp\/v2\/product_cat?post=140490"},{"taxonomy":"product_tag","embeddable":true,"href":"https:\/\/metal-badge.ch\/fr\/wp-json\/wp\/v2\/product_tag?post=140490"}],"curies":[{"name":"wp","href":"https:\/\/api.w.org\/{rel}","templated":true}]}}