{"id":140425,"date":"2024-06-05T06:24:52","date_gmt":"2024-06-05T04:24:52","guid":{"rendered":"https:\/\/metal-badge.ch\/product\/140425\/t-shirt-duniforme-a-manches-longues-noir\/"},"modified":"2024-09-23T18:05:46","modified_gmt":"2024-09-23T16:05:46","slug":"t-shirt-duniforme-a-manches-longues-noir","status":"publish","type":"product","link":"https:\/\/metal-badge.ch\/fr\/product\/140425\/t-shirt-duniforme-a-manches-longues-noir\/","title":{"rendered":"T-shirt d\u2019uniforme \u00e0 manches longues noir"},"content":{"rendered":"<p><span style=\"font-weight: 400;\">Chemise d&rsquo;uniforme \u00e0 col, coupe normale, disponible en manches courtes et longues.&nbsp;<\/span><\/p>\n<p><span style=\"font-weight: 400;\">La chemise d&rsquo;uniforme noire \u00e0 manches longues est tr\u00e8s confortable. Extensible et tr\u00e8s confortable, extr\u00eamement facile d&rsquo;entretien. Le tissu m\u00e9lang\u00e9 hydrofuge mais respirant, compos\u00e9 de 80 % de polyester et de 10 % de coton, 10 % d&rsquo;\u00e9lasthanne, est dot\u00e9 de deux poches poitrine plaqu\u00e9es et de deux rabats d&rsquo;\u00e9paule avec fermeture \u00e0 bouton-pression. Un velcro femelle de 10 cm x 2 cm de large pour les badges se trouve \u00e0 l&rsquo;avant du rabat de la poche poitrine.&nbsp; Un velcro rond femelle de 10 cm de diam\u00e8tre permet de fixer des patchs sur la manche droite. Un velcro femelle de 7,5 cm de diam\u00e8tre est \u00e9galement pr\u00e9sent sur la manche gauche. La poche de poitrine \u00e0 gauche comporte \u00e9galement deux porte-stylos. La chemise d&rsquo;uniforme est munie de fermetures \u00e0 boutons-pression qui ne sont pas visibles gr\u00e2ce \u00e0 une patte de recouvrement. Les extr\u00e9mit\u00e9s des manches et l&rsquo;ourlet sont \u00e9galement pourvus de jolis boutons-pression. Chemise d&rsquo;uniforme id\u00e9ale pour les entreprises de s\u00e9curit\u00e9 ou parfaite pour un look d\u00e9contract\u00e9. D\u00e9contract\u00e9e et confortable, cette chemise est disponible en plusieurs tailles.&nbsp;&nbsp;<\/span><\/p>\n<p><b>Informations sur le produit :&nbsp;<\/b><\/p>\n<ul>\n<li><span style=\"font-weight: 400;\">La chemise est disponible avec manches courtes ou longues&nbsp;<\/span><\/li>\n<li><span style=\"font-weight: 400;\">D\u00e9signation : T-shirt d\u2019uniforme noir&nbsp;<\/span><\/li>\n<li><span style=\"font-weight: 400;\">Mati\u00e8re : 80&nbsp;% polyester \/ 15 % coton 5&nbsp;% \u00e9lasthanne<\/span><\/li>\n<li><span style=\"font-weight: 400;\">GSM 160&nbsp;<\/span><\/li>\n<li><span style=\"font-weight: 400;\">Couleur : noir&nbsp;<\/span><\/li>\n<li><span style=\"font-weight: 400;\">Poids : env. 390 g&nbsp;<\/span><\/li>\n<li><span style=\"font-weight: 400;\">Tailles : S, M, L, XL, 2XL&nbsp;<\/span><\/li>\n<li><span style=\"font-weight: 400;\">1 poche poitrine \u00e0 droite avec rabat et bouton-pression&nbsp;<\/span><\/li>\n<li><span style=\"font-weight: 400;\">1 poche poitrine \u00e0 gauche et deux porte-stylos<\/span><\/li>\n<li><span style=\"font-weight: 400;\">1 velcro femelle de 10 cm x 2 cm pour badges sur le rabat de la poche poitrine<\/span><\/li>\n<li><span style=\"font-weight: 400;\">1 velcro femelle sur la manche gauche de 7,5 cm de diam\u00e8tre pour les patchs<\/span><\/li>\n<li><span style=\"font-weight: 400;\">1 velcro femelle rond sur la manche droite d&rsquo;un diam\u00e8tre de 10 cm<\/span><\/li>\n<li><span style=\"font-weight: 400;\">Les extr\u00e9mit\u00e9s des manches et l&rsquo;ourlet sont \u00e9galement pourvus de jolis boutons-pression.<\/span><\/li>\n<li><span style=\"font-weight: 400;\">\u00c9paulettes avec bouton-pression \u00e0 droite \/ \u00e0 gauche&nbsp;<\/span><\/li>\n<li><span style=\"font-weight: 400;\">Hydrofuge et respirant&nbsp;<\/span><\/li>\n<li><span style=\"font-weight: 400;\">Version : Ajustement normal<\/span><\/li>\n<li><span style=\"font-weight: 400;\">Lavable en machine \u00e0 30 degr\u00e9s<\/span><\/li>\n<\/ul>\n","protected":false},"excerpt":{"rendered":"<p><span style=\"font-weight: 400;\">Chemise d&rsquo;uniforme \u00e0 col, coupe normale, disponible en manches courtes et longues.&nbsp;<\/span><\/p>\n<p><span style=\"font-weight: 400;\">La chemise d&rsquo;uniforme noire \u00e0 manches longues est tr\u00e8s confortable. Extensible et tr\u00e8s confortable, extr\u00eamement facile d&rsquo;entretien. Le tissu m\u00e9lang\u00e9 hydrofuge mais respirant, compos\u00e9 de 80 % de polyester et de 10 % de coton, 10 % d&rsquo;\u00e9lasthanne, est dot\u00e9 de deux poches poitrine plaqu\u00e9es et de deux rabats d&rsquo;\u00e9paule avec fermeture \u00e0 bouton-pression. Un velcro femelle de 10 cm x 2 cm de large pour les badges se trouve \u00e0 l&rsquo;avant du rabat de la poche poitrine.&nbsp;<\/span><\/p>\n","protected":false},"featured_media":140394,"comment_status":"closed","ping_status":"closed","template":"","meta":{"inline_featured_image":false},"product_brand":[],"product_cat":[1579,2189],"product_tag":[],"class_list":{"0":"post-140425","1":"product","2":"type-product","3":"status-publish","4":"has-post-thumbnail","6":"product_cat-chemises","7":"product_cat-vetementsdeloisirs","9":"first","10":"instock","11":"taxable","12":"shipping-taxable","13":"purchasable","14":"product-type-simple"},"_links":{"self":[{"href":"https:\/\/metal-badge.ch\/fr\/wp-json\/wp\/v2\/product\/140425","targetHints":{"allow":["GET"]}}],"collection":[{"href":"https:\/\/metal-badge.ch\/fr\/wp-json\/wp\/v2\/product"}],"about":[{"href":"https:\/\/metal-badge.ch\/fr\/wp-json\/wp\/v2\/types\/product"}],"replies":[{"embeddable":true,"href":"https:\/\/metal-badge.ch\/fr\/wp-json\/wp\/v2\/comments?post=140425"}],"wp:featuredmedia":[{"embeddable":true,"href":"https:\/\/metal-badge.ch\/fr\/wp-json\/wp\/v2\/media\/140394"}],"wp:attachment":[{"href":"https:\/\/metal-badge.ch\/fr\/wp-json\/wp\/v2\/media?parent=140425"}],"wp:term":[{"taxonomy":"product_brand","embeddable":true,"href":"https:\/\/metal-badge.ch\/fr\/wp-json\/wp\/v2\/product_brand?post=140425"},{"taxonomy":"product_cat","embeddable":true,"href":"https:\/\/metal-badge.ch\/fr\/wp-json\/wp\/v2\/product_cat?post=140425"},{"taxonomy":"product_tag","embeddable":true,"href":"https:\/\/metal-badge.ch\/fr\/wp-json\/wp\/v2\/product_tag?post=140425"}],"curies":[{"name":"wp","href":"https:\/\/api.w.org\/{rel}","templated":true}]}}