{"id":140367,"date":"2024-06-04T07:14:45","date_gmt":"2024-06-04T05:14:45","guid":{"rendered":"https:\/\/metal-badge.ch\/product\/140367\/for-treating-the-upper-and-lower-respiratory-tract\/"},"modified":"2024-06-04T07:14:45","modified_gmt":"2024-06-04T05:14:45","slug":"for-treating-the-upper-and-lower-respiratory-tract","status":"publish","type":"product","link":"https:\/\/metal-badge.ch\/fr\/product\/140367\/for-treating-the-upper-and-lower-respiratory-tract\/","title":{"rendered":"Inhalateur portable \/ n\u00e9buliseur"},"content":{"rendered":"<p><span style=\"font-weight: 400;\">Pour le traitement des voies respiratoires sup\u00e9rieures et inf\u00e9rieures. N\u00e9bulisation de m\u00e9dicaments liquides. L&rsquo;inhalateur peut \u00eatre utilis\u00e9 de mani\u00e8re cibl\u00e9e pour les maladies des voies respiratoires comme l&rsquo;asthme, la BPCO, la grippe, les allergies ou les rhumes. Il vous suffit de remplir le r\u00e9cipient d&rsquo;eau chaude et \u00e9ventuellement d&rsquo;ajouter des m\u00e9dicaments \u00e0 inhaler. Mettez le masque et appuyez sur le bouton de d\u00e9marrage. La n\u00e9bulisation fine permet d&rsquo;obtenir une grande efficacit\u00e9, car les substances actives sont transport\u00e9es en peu de temps vers les endroits pr\u00e9cis o\u00f9 elles doivent agir. La bonne efficacit\u00e9 pour les voies respiratoires assure que vos sympt\u00f4mes pourront s&rsquo;am\u00e9liorer rapidement. L&rsquo;appareil est tr\u00e8s facile \u00e0 manier et peut \u00eatre utilis\u00e9 en d\u00e9placement gr\u00e2ce \u00e0 son alimentation par piles. Il est livr\u00e9 avec deux masques, utilisables par les enfants et les adultes. Le masque doit \u00eatre bien ajust\u00e9 et couvrir la bouche et le nez pour les inhalations. L&rsquo;inhalation peut \u00e9galement se faire directement avec l&#8217;embout buccal fourni et sans masque.&nbsp;<\/span><\/p>\n<p><span style=\"font-weight: 400;\">L&rsquo;utilisation de cet inhalateur est tr\u00e8s simple gr\u00e2ce au bouton marche\/arr\u00eat.<\/span><span style=\"font-weight: 400;\"><br \/>\n<\/span><\/p>\n<p><b>Informations sur le produit :<\/b><\/p>\n<ul>\n<li><span style=\"font-weight: 400;\">D\u00e9signation : Inhalateur \/ n\u00e9buliseur&nbsp;<\/span><\/li>\n<li><span style=\"font-weight: 400;\">Mod\u00e8le : Maille UN400<\/span><\/li>\n<li><span style=\"font-weight: 400;\">Raccord principal : 100-240&nbsp;V, 50-60 Hz ; 0,15&nbsp;A<\/span><\/li>\n<li><span style=\"font-weight: 400;\">Entr\u00e9e&nbsp;: 5&nbsp;V \/ 1&nbsp;A<\/span><\/li>\n<li><span style=\"font-weight: 400;\">Batterie : 2 piles AA 1,5 V \/ non compris dans la livraison&nbsp; <\/span><\/li>\n<li><span style=\"font-weight: 400;\">Chargement : C\u00e2ble USB ou batteries&nbsp; &nbsp; &nbsp; &nbsp; &nbsp; &nbsp; &nbsp; &nbsp; &nbsp; &nbsp; &nbsp; &nbsp; &nbsp; &nbsp; &nbsp; &nbsp; &nbsp; &nbsp; &nbsp; <\/span><\/li>\n<li><span style=\"font-weight: 400;\">Fr\u00e9quence de vibration : 100 Hz \u00b1 10 % &nbsp; &nbsp; &nbsp; &nbsp; &nbsp; &nbsp; &nbsp; &nbsp; &nbsp; &nbsp; &nbsp; &nbsp; &nbsp; &nbsp; &nbsp; &nbsp; <\/span><\/li>\n<li><span style=\"font-weight: 400;\">Capacit\u00e9 d&rsquo;\u00e9vaporation : \u2265 0,25 ml \/ min.&nbsp; &nbsp; &nbsp; &nbsp; &nbsp; &nbsp; &nbsp; &nbsp; &nbsp; &nbsp; &nbsp; &nbsp; &nbsp; &nbsp; &nbsp; <\/span><\/li>\n<li><span style=\"font-weight: 400;\">Taille des particules atomis\u00e9es : \u2264 5 \u00b5m &nbsp; &nbsp; &nbsp; &nbsp; &nbsp; &nbsp; &nbsp; &nbsp; &nbsp; &nbsp; &nbsp; &nbsp; &nbsp; &nbsp; &nbsp; &nbsp; <\/span><\/li>\n<li><span style=\"font-weight: 400;\">D\u00e9bit de m\u00e9dicaments : env. 0,4 ml \/ min.&nbsp; &nbsp; &nbsp; &nbsp; &nbsp; &nbsp; &nbsp; &nbsp; &nbsp; &nbsp; &nbsp; &nbsp; &nbsp; &nbsp; <\/span><\/li>\n<li><span style=\"font-weight: 400;\">Taille du contenu : max. 10 ml&nbsp; &nbsp; &nbsp; &nbsp; &nbsp; &nbsp; &nbsp; &nbsp; &nbsp; &nbsp; &nbsp; &nbsp; &nbsp; &nbsp; &nbsp; &nbsp; &nbsp; &nbsp; &nbsp; &nbsp; &nbsp; &nbsp; &nbsp; &nbsp; &nbsp; <\/span><\/li>\n<li><span style=\"font-weight: 400;\">Poids : 115 g.&nbsp; &nbsp; &nbsp; &nbsp; &nbsp; &nbsp; &nbsp; &nbsp; &nbsp; &nbsp; &nbsp; &nbsp; &nbsp; &nbsp; &nbsp; &nbsp; &nbsp; &nbsp; &nbsp; &nbsp; &nbsp; &nbsp; &nbsp; &nbsp; &nbsp; &nbsp; &nbsp; &nbsp; &nbsp; &nbsp; &nbsp; &nbsp; &nbsp; &nbsp; &nbsp; &nbsp; &nbsp; &nbsp; &nbsp; &nbsp; &nbsp; <\/span><\/li>\n<li><span style=\"font-weight: 400;\">Taille : L = 50 mm, B = 45 mm, H = 120 mm&nbsp; &nbsp; &nbsp; &nbsp; &nbsp; &nbsp; &nbsp; &nbsp; &nbsp; &nbsp; &nbsp; &nbsp; <\/span><\/li>\n<li><span style=\"font-weight: 400;\">Mat\u00e9riel du bo\u00eetier : ABS \/ Plastique&nbsp; &nbsp; &nbsp; &nbsp; &nbsp; &nbsp; &nbsp; &nbsp; &nbsp; &nbsp; &nbsp; &nbsp; &nbsp; &nbsp; &nbsp; &nbsp; &nbsp; &nbsp; &nbsp; &nbsp; <\/span><\/li>\n<li><span style=\"font-weight: 400;\">Temp\u00e9rature de fonctionnement : +5\u00b0 C \u0334\u0334\u0334 +40\u00b0 C ; humidit\u00e9 de l&rsquo;air relative : &lt; 80 % non condens\u00e9e -10\u00b0 C \u0334\u0334\u0334 +45\u00b0 C &nbsp; &nbsp; &nbsp; &nbsp; &nbsp; &nbsp; <\/span><span style=\"font-weight: 400;\"><br \/>\n<\/span><\/li>\n<li><span style=\"font-weight: 400;\">Masques : Petit masque pour les enfants \/ grand masque pour les adultes, un masque de chaque est compris ; Embout bucal : L\u2019inhalation peut aussi \u00eatre effectu\u00e9e directement par l\u2019embout buccal &nbsp; &nbsp; <\/span><\/li>\n<\/ul>\n","protected":false},"excerpt":{"rendered":"<p><span style=\"font-weight: 400;\">Pour le traitement des voies respiratoires sup\u00e9rieures et inf\u00e9rieures. N\u00e9bulisation de m\u00e9dicaments liquides. L&rsquo;inhalateur peut \u00eatre utilis\u00e9 de mani\u00e8re cibl\u00e9e pour les maladies des voies respiratoires comme l&rsquo;asthme, la BPCO, la grippe, les allergies ou les rhumes. Il vous suffit de remplir le r\u00e9cipient d&rsquo;eau chaude et \u00e9ventuellement d&rsquo;ajouter des m\u00e9dicaments \u00e0 inhaler. Mettez le masque et appuyez sur le bouton de d\u00e9marrage. La n\u00e9bulisation fine permet d&rsquo;obtenir une grande efficacit\u00e9, car les substances actives sont transport\u00e9es en peu de temps vers les endroits pr\u00e9cis o\u00f9 elles doivent agir.<\/span><\/p>\n","protected":false},"featured_media":140324,"comment_status":"closed","ping_status":"closed","template":"","meta":{"inline_featured_image":false},"product_brand":[],"product_cat":[887,1435],"product_tag":[1785,1765],"class_list":{"0":"post-140367","1":"product","2":"type-product","3":"status-publish","4":"has-post-thumbnail","6":"product_cat-accessoires","7":"product_cat-camping-voyage","8":"product_tag-premiers-secours-sauvetage","9":"product_tag-sport-outdoor-fr","11":"first","12":"instock","13":"taxable","14":"shipping-taxable","15":"purchasable","16":"product-type-simple"},"_links":{"self":[{"href":"https:\/\/metal-badge.ch\/fr\/wp-json\/wp\/v2\/product\/140367","targetHints":{"allow":["GET"]}}],"collection":[{"href":"https:\/\/metal-badge.ch\/fr\/wp-json\/wp\/v2\/product"}],"about":[{"href":"https:\/\/metal-badge.ch\/fr\/wp-json\/wp\/v2\/types\/product"}],"replies":[{"embeddable":true,"href":"https:\/\/metal-badge.ch\/fr\/wp-json\/wp\/v2\/comments?post=140367"}],"wp:featuredmedia":[{"embeddable":true,"href":"https:\/\/metal-badge.ch\/fr\/wp-json\/wp\/v2\/media\/140324"}],"wp:attachment":[{"href":"https:\/\/metal-badge.ch\/fr\/wp-json\/wp\/v2\/media?parent=140367"}],"wp:term":[{"taxonomy":"product_brand","embeddable":true,"href":"https:\/\/metal-badge.ch\/fr\/wp-json\/wp\/v2\/product_brand?post=140367"},{"taxonomy":"product_cat","embeddable":true,"href":"https:\/\/metal-badge.ch\/fr\/wp-json\/wp\/v2\/product_cat?post=140367"},{"taxonomy":"product_tag","embeddable":true,"href":"https:\/\/metal-badge.ch\/fr\/wp-json\/wp\/v2\/product_tag?post=140367"}],"curies":[{"name":"wp","href":"https:\/\/api.w.org\/{rel}","templated":true}]}}