{"id":140285,"date":"2024-06-03T09:49:16","date_gmt":"2024-06-03T07:49:18","guid":{"rendered":"https:\/\/metal-badge.ch\/?post_type=product&#038;p=140285"},"modified":"2024-09-23T18:19:47","modified_gmt":"2024-09-23T16:19:47","slug":"grand-support-pour-spray-au-poivre-porte-bouteille","status":"publish","type":"product","link":"https:\/\/metal-badge.ch\/fr\/product\/140285\/grand-support-pour-spray-au-poivre-porte-bouteille\/","title":{"rendered":"Grand support pour spray au poivre \/ porte-bouteille"},"content":{"rendered":"<p><span style=\"font-weight: 400;\">Pochette universelle pour spray au poivre, bouteille de boisson, \u00e0 fixer \u00e0 la ceinture ou au sac \u00e0 dos. Convient aux ceintures jusqu&rsquo;\u00e0 60 mm de large. Les sangles Molle ont une double s\u00e9curit\u00e9 avec des boutons-pression et du Velcro. L&rsquo;ouverture du sac est dot\u00e9e d&rsquo;un \u00e9lastique pour \u00e9viter que la bouteille ne glisse. De plus, le sac peut \u00eatre ajust\u00e9 et s\u00e9curis\u00e9 \u00e0 l&rsquo;ext\u00e9rieur \u00e0 l&rsquo;aide d&rsquo;une fermeture rapide r\u00e9glable par clic. Le mat\u00e9riau en nylon 1000D est r\u00e9sistant aux intemp\u00e9ries et \u00e0 l&rsquo;usure.&nbsp;<\/span><\/p>\n<p><b>Description du produit :<\/b><\/p>\n<ul>\n<li><span style=\"font-weight: 400;\">Couleur : noir<\/span><span style=\"font-weight: 400;\"><br \/>\n<\/span><\/li>\n<li><span style=\"font-weight: 400;\">Poids : 110 g.<\/span><span style=\"font-weight: 400;\"><br \/>\n<\/span><\/li>\n<li><span style=\"font-weight: 400;\">Mat\u00e9riau : 1000D Nylon<\/span><\/li>\n<li><span style=\"font-weight: 400;\">Tr\u00e8s r\u00e9sistant&nbsp;<\/span><\/li>\n<li><span style=\"font-weight: 400;\">Un sac Molle robuste pour les bouteilles et les gros sprays au poivre, etc.&nbsp;<\/span><\/li>\n<li><span style=\"font-weight: 400;\">avec velcro et double fermeture \u00e0 bouton-pression pour ceintures et sacs \u00e0 dos \u00e9quip\u00e9s du syst\u00e8me Molle<\/span><\/li>\n<li><span style=\"font-weight: 400;\">peut \u00eatre ajust\u00e9 et fix\u00e9 \u00e0 l&rsquo;avant avec une fermeture rapide \u00e0 clipser<\/span><span style=\"font-weight: 400;\"><br \/>\n<\/span><\/li>\n<li><span style=\"font-weight: 400;\">Dimensions : Hauteur du sac 16 cm<\/span><span style=\"font-weight: 400;\"><br \/>\n<\/span><\/li>\n<li><span style=\"font-weight: 400;\">Largeur de la base 8 cm &#8211; \u00e9lastiquement ajustable et peut \u00eatre bloqu\u00e9e.<\/span><\/li>\n<\/ul>\n","protected":false},"excerpt":{"rendered":"<p><span style=\"font-weight: 400;\">Pochette universelle pour spray au poivre, bouteille de boisson, \u00e0 fixer \u00e0 la ceinture ou au sac \u00e0 dos. Convient aux ceintures jusqu&rsquo;\u00e0 60 mm de large. Les sangles Molle ont une double s\u00e9curit\u00e9 avec des boutons-pression et du Velcro. L&rsquo;ouverture du sac est dot\u00e9e d&rsquo;un \u00e9lastique pour \u00e9viter que la bouteille ne glisse. De plus, le sac peut \u00eatre ajust\u00e9 et s\u00e9curis\u00e9 \u00e0 l&rsquo;ext\u00e9rieur \u00e0 l&rsquo;aide d&rsquo;une fermeture rapide r\u00e9glable par clic. Le mat\u00e9riau en nylon 1000D est r\u00e9sistant aux intemp\u00e9ries et \u00e0 l&rsquo;usure.&nbsp;<\/span><\/p>\n","protected":false},"featured_media":140289,"comment_status":"closed","ping_status":"closed","template":"","meta":{"inline_featured_image":false},"product_brand":[],"product_cat":[1059,887,1946,1467],"product_tag":[1781],"class_list":{"0":"post-140285","1":"product","2":"type-product","3":"status-publish","4":"has-post-thumbnail","6":"product_cat-sacs","7":"product_cat-accessoires","8":"product_cat-organisations-lumiere-bleue-securite","9":"product_cat-radios-supports","10":"product_tag-police-securite","12":"first","13":"instock","14":"taxable","15":"shipping-taxable","16":"purchasable","17":"product-type-simple"},"_links":{"self":[{"href":"https:\/\/metal-badge.ch\/fr\/wp-json\/wp\/v2\/product\/140285","targetHints":{"allow":["GET"]}}],"collection":[{"href":"https:\/\/metal-badge.ch\/fr\/wp-json\/wp\/v2\/product"}],"about":[{"href":"https:\/\/metal-badge.ch\/fr\/wp-json\/wp\/v2\/types\/product"}],"replies":[{"embeddable":true,"href":"https:\/\/metal-badge.ch\/fr\/wp-json\/wp\/v2\/comments?post=140285"}],"wp:featuredmedia":[{"embeddable":true,"href":"https:\/\/metal-badge.ch\/fr\/wp-json\/wp\/v2\/media\/140289"}],"wp:attachment":[{"href":"https:\/\/metal-badge.ch\/fr\/wp-json\/wp\/v2\/media?parent=140285"}],"wp:term":[{"taxonomy":"product_brand","embeddable":true,"href":"https:\/\/metal-badge.ch\/fr\/wp-json\/wp\/v2\/product_brand?post=140285"},{"taxonomy":"product_cat","embeddable":true,"href":"https:\/\/metal-badge.ch\/fr\/wp-json\/wp\/v2\/product_cat?post=140285"},{"taxonomy":"product_tag","embeddable":true,"href":"https:\/\/metal-badge.ch\/fr\/wp-json\/wp\/v2\/product_tag?post=140285"}],"curies":[{"name":"wp","href":"https:\/\/api.w.org\/{rel}","templated":true}]}}