{"id":140205,"date":"2024-06-03T09:15:26","date_gmt":"2024-06-03T07:15:27","guid":{"rendered":"https:\/\/metal-badge.ch\/?post_type=product&#038;p=140205"},"modified":"2024-09-23T18:40:37","modified_gmt":"2024-09-23T16:40:37","slug":"etui-pour-lampe-de-poche-tactique-pivotant-a-360-degres-avec-fermeture-rapide","status":"publish","type":"product","link":"https:\/\/metal-badge.ch\/fr\/product\/140205\/etui-pour-lampe-de-poche-tactique-pivotant-a-360-degres-avec-fermeture-rapide\/","title":{"rendered":"\u00c9tui pour lampe de poche tactique &#8211; pivotant \u00e0 360 degr\u00e9s, avec fermeture rapide"},"content":{"rendered":"<p><span style=\"font-weight: 400;\">\u00c9tui pour lampe de poche tactique avec le nouveau support pour des lampes qui sont bien rang\u00e9es et rapidement \u00e0 port\u00e9e de main pour \u00eatre utilis\u00e9es. L&rsquo;\u00e9tui a \u00e9t\u00e9 test\u00e9 dans de nombreuses applications et convainc par sa qualit\u00e9 de fabrication. L&rsquo;\u00e9tui est fabriqu\u00e9 \u00e0 partir d&rsquo;un m\u00e9lange de fibres de verre et d&rsquo;ABS. Il est r\u00e9sistant aux chocs, pratiquement indestructible et permet de faire pivoter la lampe de poche \u00e0 360\u00b0 dans l&rsquo;\u00e9tui. Vous pouvez ainsi \u00e9clairer parfaitement ce qui se trouve devant vous tout en gardant les mains libres \u00e0 tout moment. Le d\u00e9tachage et la prise de la lampe de poche se font d&rsquo;une seule main. Le levier de d\u00e9gagement compte une ergonomie optimis\u00e9e pour permettre une utilisation rapide d&rsquo;une seule main. L&rsquo;\u00e9tui convient \u00e0 toutes les ceintures jusqu\u2019\u00e0 une largeur de 55 mm.<\/span><\/p>\n<p><b>Informations sur le produit :<\/b><\/p>\n<ul>\n<li><span style=\"font-weight: 400;\">D\u00e9signation : \u00c9tui pour lampe de poche&nbsp;&nbsp;<\/span><\/li>\n<li><span style=\"font-weight: 400;\">Couleur : noir&nbsp;<\/span><\/li>\n<li><span style=\"font-weight: 400;\">Poids : 170 g&nbsp;<\/span><\/li>\n<li><span style=\"font-weight: 400;\">\u00c9tui \u00e0 sortie rapide<\/span><\/li>\n<li><span style=\"font-weight: 400;\">Compatible avec toutes les lampes dont la t\u00eate a un diam\u00e8tre de 2,5 \u00e0 4,0 cm<\/span><\/li>\n<li><span style=\"font-weight: 400;\">Utilisation \u00e0 une main<\/span><\/li>\n<li><span style=\"font-weight: 400;\">Rotation \u00e0 360\u00b0<\/span><\/li>\n<li><span style=\"font-weight: 400;\">Compatible avec toutes les ceintures jusqu&rsquo;\u00e0 55 mm de large<\/span><\/li>\n<li><span style=\"font-weight: 400;\">Mat\u00e9riau de haute qualit\u00e9, extr\u00eamement robuste et r\u00e9sistant aux chocs<\/span><\/li>\n<\/ul>\n","protected":false},"excerpt":{"rendered":"<p><span style=\"font-weight: 400;\">\u00c9tui pour lampe de poche tactique avec le nouveau support pour des lampes qui sont bien rang\u00e9es et rapidement \u00e0 port\u00e9e de main pour \u00eatre utilis\u00e9es. L&rsquo;\u00e9tui a \u00e9t\u00e9 test\u00e9 dans de nombreuses applications et convainc par sa qualit\u00e9 de fabrication. L&rsquo;\u00e9tui est fabriqu\u00e9 \u00e0 partir d&rsquo;un m\u00e9lange de fibres de verre et d&rsquo;ABS. Il est r\u00e9sistant aux chocs, pratiquement indestructible et permet de faire pivoter la lampe de poche \u00e0 360\u00b0 dans l&rsquo;\u00e9tui. Vous pouvez ainsi \u00e9clairer parfaitement ce qui se trouve devant vous tout en gardant les mains libres \u00e0 tout moment. Le d\u00e9tachage et la prise de la lampe de poche se font d&rsquo;une seule main. Le levier de d\u00e9gagement compte une ergonomie optimis\u00e9e pour permettre une utilisation rapide d&rsquo;une seule main. L&rsquo;\u00e9tui convient \u00e0 toutes les ceintures jusqu\u2019\u00e0 une largeur de 55 mm.<\/span><\/p>\n","protected":false},"featured_media":140209,"comment_status":"closed","ping_status":"closed","template":"","meta":{"inline_featured_image":false},"product_brand":[],"product_cat":[1059,887,1946,1467],"product_tag":[1781],"class_list":{"0":"post-140205","1":"product","2":"type-product","3":"status-publish","4":"has-post-thumbnail","6":"product_cat-sacs","7":"product_cat-accessoires","8":"product_cat-organisations-lumiere-bleue-securite","9":"product_cat-radios-supports","10":"product_tag-police-securite","12":"first","13":"instock","14":"taxable","15":"shipping-taxable","16":"purchasable","17":"product-type-simple"},"_links":{"self":[{"href":"https:\/\/metal-badge.ch\/fr\/wp-json\/wp\/v2\/product\/140205","targetHints":{"allow":["GET"]}}],"collection":[{"href":"https:\/\/metal-badge.ch\/fr\/wp-json\/wp\/v2\/product"}],"about":[{"href":"https:\/\/metal-badge.ch\/fr\/wp-json\/wp\/v2\/types\/product"}],"replies":[{"embeddable":true,"href":"https:\/\/metal-badge.ch\/fr\/wp-json\/wp\/v2\/comments?post=140205"}],"wp:featuredmedia":[{"embeddable":true,"href":"https:\/\/metal-badge.ch\/fr\/wp-json\/wp\/v2\/media\/140209"}],"wp:attachment":[{"href":"https:\/\/metal-badge.ch\/fr\/wp-json\/wp\/v2\/media?parent=140205"}],"wp:term":[{"taxonomy":"product_brand","embeddable":true,"href":"https:\/\/metal-badge.ch\/fr\/wp-json\/wp\/v2\/product_brand?post=140205"},{"taxonomy":"product_cat","embeddable":true,"href":"https:\/\/metal-badge.ch\/fr\/wp-json\/wp\/v2\/product_cat?post=140205"},{"taxonomy":"product_tag","embeddable":true,"href":"https:\/\/metal-badge.ch\/fr\/wp-json\/wp\/v2\/product_tag?post=140205"}],"curies":[{"name":"wp","href":"https:\/\/api.w.org\/{rel}","templated":true}]}}