{"id":140173,"date":"2024-06-03T08:54:32","date_gmt":"2024-06-03T06:54:32","guid":{"rendered":"https:\/\/metal-badge.ch\/?post_type=product&#038;p=140173"},"modified":"2024-06-03T09:09:10","modified_gmt":"2024-06-03T07:09:10","slug":"support-de-radio-sacoche-radio","status":"publish","type":"product","link":"https:\/\/metal-badge.ch\/fr\/product\/140173\/support-de-radio-sacoche-radio\/","title":{"rendered":"Support de radio \/ sacoche radio"},"content":{"rendered":"<p><span style=\"font-weight: 400;\">Poche radio universelle \u00e0 fixer sur la ceinture. Convient aux ceintures jusqu&rsquo;\u00e0 65 mm de large. Les passants ont une double s\u00e9curit\u00e9 avec des boutons-pression et du Velcro. Une double boucle \u00e9lastique avec fermeture rapide par encliquement permet de fixer la radio dans l&rsquo;\u00e9tui. Le mat\u00e9riau en nylon 1000D est r\u00e9sistant aux intemp\u00e9ries et \u00e0 l&rsquo;usure.&nbsp;<\/span><\/p>\n<p><b>Description du produit :<\/b><\/p>\n<ul>\n<li><span style=\"font-weight: 400;\">Couleur : noir<\/span><span style=\"font-weight: 400;\"><br \/>\n<\/span><\/li>\n<li><span style=\"font-weight: 400;\">Poids : 140 g.<\/span><span style=\"font-weight: 400;\"><br \/>\n<\/span><\/li>\n<li><span style=\"font-weight: 400;\">Mati\u00e8re&nbsp;: 1000D Nylon<\/span><\/li>\n<li><span style=\"font-weight: 400;\">Tr\u00e8s r\u00e9sistant&nbsp;<\/span><\/li>\n<li><span style=\"font-weight: 400;\">un \u00e9tui robuste&nbsp;<\/span><\/li>\n<li><span style=\"font-weight: 400;\">avec velcro et double fermeture \u00e0 bouton-pression pour la ceinture<\/span><\/li>\n<li><span style=\"font-weight: 400;\">r\u00e9glable \u00e0 l&rsquo;avant avec fermeture rapide \u00e0 clic et double boucle \u00e9lastique<\/span><span style=\"font-weight: 400;\"><br \/>\n<\/span><\/li>\n<li><span style=\"font-weight: 400;\">Dimensions : Hauteur du sac 10 cm<\/span><span style=\"font-weight: 400;\"><br \/>\n<\/span><\/li>\n<li><span style=\"font-weight: 400;\">Dimensions : Hauteur totale 13 cm<\/span><span style=\"font-weight: 400;\"><br \/>\n<\/span><\/li>\n<li><span style=\"font-weight: 400;\">Largeur : 6,5 cm \/ Profondeur : 4,5 cm &nbsp;<\/span><\/li>\n<\/ul>\n<p><strong>Nous pouvons \u00e9galement fabriquer des sacs sur mesure \u00e0 partir de 10 pi\u00e8ces.<\/strong><\/p>\n","protected":false},"excerpt":{"rendered":"<p><span style=\"font-weight: 400;\">Poche radio universelle \u00e0 fixer sur la ceinture. Convient aux ceintures jusqu&rsquo;\u00e0 65 mm de large. Les passants ont une double s\u00e9curit\u00e9 avec des boutons-pression et du Velcro. Une double boucle \u00e9lastique avec fermeture rapide par encliquement permet de fixer la radio dans l&rsquo;\u00e9tui. Le mat\u00e9riau en nylon 1000D est r\u00e9sistant aux intemp\u00e9ries et \u00e0 l&rsquo;usure.&nbsp;<\/span><\/p>\n","protected":false},"featured_media":140177,"comment_status":"closed","ping_status":"closed","template":"","meta":{"inline_featured_image":false},"product_brand":[],"product_cat":[1059,887,1946,1467],"product_tag":[1781],"class_list":{"0":"post-140173","1":"product","2":"type-product","3":"status-publish","4":"has-post-thumbnail","6":"product_cat-sacs","7":"product_cat-accessoires","8":"product_cat-organisations-lumiere-bleue-securite","9":"product_cat-radios-supports","10":"product_tag-police-securite","12":"first","13":"instock","14":"taxable","15":"shipping-taxable","16":"purchasable","17":"product-type-simple"},"_links":{"self":[{"href":"https:\/\/metal-badge.ch\/fr\/wp-json\/wp\/v2\/product\/140173","targetHints":{"allow":["GET"]}}],"collection":[{"href":"https:\/\/metal-badge.ch\/fr\/wp-json\/wp\/v2\/product"}],"about":[{"href":"https:\/\/metal-badge.ch\/fr\/wp-json\/wp\/v2\/types\/product"}],"replies":[{"embeddable":true,"href":"https:\/\/metal-badge.ch\/fr\/wp-json\/wp\/v2\/comments?post=140173"}],"wp:featuredmedia":[{"embeddable":true,"href":"https:\/\/metal-badge.ch\/fr\/wp-json\/wp\/v2\/media\/140177"}],"wp:attachment":[{"href":"https:\/\/metal-badge.ch\/fr\/wp-json\/wp\/v2\/media?parent=140173"}],"wp:term":[{"taxonomy":"product_brand","embeddable":true,"href":"https:\/\/metal-badge.ch\/fr\/wp-json\/wp\/v2\/product_brand?post=140173"},{"taxonomy":"product_cat","embeddable":true,"href":"https:\/\/metal-badge.ch\/fr\/wp-json\/wp\/v2\/product_cat?post=140173"},{"taxonomy":"product_tag","embeddable":true,"href":"https:\/\/metal-badge.ch\/fr\/wp-json\/wp\/v2\/product_tag?post=140173"}],"curies":[{"name":"wp","href":"https:\/\/api.w.org\/{rel}","templated":true}]}}